{"id":495,"date":"2023-01-17T13:05:35","date_gmt":"2023-01-17T13:05:35","guid":{"rendered":"https:\/\/daremtec.com\/telechargez-gratuitement-votre-modele-de-plan-daffaires-ici\/"},"modified":"2025-12-18T10:48:56","modified_gmt":"2025-12-18T10:48:56","slug":"telechargez-gratuitement-votre-modele-de-plan-daffaires-ici","status":"publish","type":"page","link":"https:\/\/daremtec.com\/en\/telechargez-gratuitement-votre-modele-de-plan-daffaires-ici\/","title":{"rendered":"T\u00e9l\u00e9chargez gratuitement votre mod\u00e8le de plan d\u2019affaires ici"},"content":{"rendered":"<section class=\"l-section wpb_row height_small\"><div class=\"l-section-h i-cf\"><div class=\"g-cols vc_row via_flex valign_top type_default stacking_default\"><div class=\"vc_col-sm-12 wpb_column vc_column_container\"><div class=\"vc_column-inner\"><div class=\"wpb_wrapper\">[vc_custom_heading text=&#8221;Download our Business Plan Template here&#8221; font_container=&#8221;tag:h1|text_align:center&#8221; use_theme_fonts=&#8221;yes&#8221; el_class=&#8221;cus-center-tag&#8221; css=&#8221;%7B%22default%22%3A%7B%22width%22%3A%2270%25%22%2C%22margin-left%22%3A%22auto%22%2C%22margin-right%22%3A%22auto%22%7D%7D&#8221;]<script type=\"text\/javascript\">var gform;gform||(document.addEventListener(\"gform_main_scripts_loaded\",function(){gform.scriptsLoaded=!0}),window.addEventListener(\"DOMContentLoaded\",function(){gform.domLoaded=!0}),gform={domLoaded:!1,scriptsLoaded:!1,initializeOnLoaded:function(o){gform.domLoaded&&gform.scriptsLoaded?o():!gform.domLoaded&&gform.scriptsLoaded?window.addEventListener(\"DOMContentLoaded\",o):document.addEventListener(\"gform_main_scripts_loaded\",o)},hooks:{action:{},filter:{}},addAction:function(o,n,r,t){gform.addHook(\"action\",o,n,r,t)},addFilter:function(o,n,r,t){gform.addHook(\"filter\",o,n,r,t)},doAction:function(o){gform.doHook(\"action\",o,arguments)},applyFilters:function(o){return gform.doHook(\"filter\",o,arguments)},removeAction:function(o,n){gform.removeHook(\"action\",o,n)},removeFilter:function(o,n,r){gform.removeHook(\"filter\",o,n,r)},addHook:function(o,n,r,t,i){null==gform.hooks[o][n]&&(gform.hooks[o][n]=[]);var e=gform.hooks[o][n];null==i&&(i=n+\"_\"+e.length),gform.hooks[o][n].push({tag:i,callable:r,priority:t=null==t?10:t})},doHook:function(n,o,r){var t;if(r=Array.prototype.slice.call(r,1),null!=gform.hooks[n][o]&&((o=gform.hooks[n][o]).sort(function(o,n){return o.priority-n.priority}),o.forEach(function(o){\"function\"!=typeof(t=o.callable)&&(t=window[t]),\"action\"==n?t.apply(null,r):r[0]=t.apply(null,r)})),\"filter\"==n)return r[0]},removeHook:function(o,n,t,i){var r;null!=gform.hooks[o][n]&&(r=(r=gform.hooks[o][n]).filter(function(o,n,r){return!!(null!=i&&i!=o.tag||null!=t&&t!=o.priority)}),gform.hooks[o][n]=r)}});<\/script>\n                <div class='gf_browser_gecko gform_wrapper gravity-theme gform-theme--no-framework cus-download-form-section' data-form-theme='gravity-theme' data-form-index='0' id='gform_wrapper_3' ><form method='post' enctype='multipart\/form-data'  id='gform_3'  action='\/en\/wp-json\/wp\/v2\/pages\/495' data-formid='3' novalidate>\n                        <div class='gform-body gform_body'><div id='gform_fields_3' class='gform_fields top_label form_sublabel_below description_below validation_below'><div id=\"field_3_1\" class=\"gfield gfield--type-text field_sublabel_below gfield--no-description field_description_below hidden_label field_validation_below gfield_visibility_visible\"  data-js-reload=\"field_3_1\" ><label class='gfield_label gform-field-label' for='input_3_1'>Name<\/label><div class='ginput_container ginput_container_text'><input name='input_1' id='input_3_1' type='text' value='' class='large'    placeholder='Name'  aria-invalid=\"false\"   \/> <\/div><\/div><div id=\"field_3_3\" class=\"gfield gfield--type-email field_sublabel_below gfield--no-description field_description_below hidden_label field_validation_below gfield_visibility_visible\"  data-js-reload=\"field_3_3\" ><label class='gfield_label gform-field-label' for='input_3_3'>E-mail<\/label><div class='ginput_container ginput_container_email'>\n                            <input name='input_3' id='input_3_3' type='email' value='' class='large'   placeholder='E-mail'  aria-invalid=\"false\"  \/>\n                        <\/div><\/div><div id=\"field_3_4\" class=\"gfield gfield--type-phone field_sublabel_below gfield--no-description field_description_below hidden_label field_validation_below gfield_visibility_visible\"  data-js-reload=\"field_3_4\" ><label class='gfield_label gform-field-label' for='input_3_4'>T\u00e9l\u00e9phone<\/label><div class='ginput_container ginput_container_phone'><input name='input_4' id='input_3_4' type='tel' value='' class='large'  placeholder='Telephone Number'  aria-invalid=\"false\"   \/><\/div><\/div><div id=\"field_3_5\" class=\"gfield gfield--type-text field_sublabel_below gfield--no-description field_description_below hidden_label field_validation_below gfield_visibility_visible\"  data-js-reload=\"field_3_5\" ><label class='gfield_label gform-field-label' for='input_3_5'>city<\/label><div class='ginput_container ginput_container_text'><input name='input_5' id='input_3_5' type='text' value='' class='large'    placeholder='City'  aria-invalid=\"false\"   \/> <\/div><\/div><div id=\"field_3_8\" class=\"gfield gfield--type-select gfield--width-full field_sublabel_below gfield--no-description field_description_below hidden_label field_validation_below gfield_visibility_visible\"  data-js-reload=\"field_3_8\" ><label class='gfield_label gform-field-label' for='input_3_8'>state<\/label><div class='ginput_container ginput_container_select'><select name='input_8' id='input_3_8' class='large gfield_select'     aria-invalid=\"false\" ><option value='' selected='selected' class='gf_placeholder'>state<\/option><option value='Switzerland' >Switzerland<\/option><option value='France' >France<\/option><\/select><\/div><\/div><div id=\"field_3_7\" class=\"gfield gfield--type-select gfield--width-full field_sublabel_below gfield--no-description field_description_below hidden_label field_validation_below gfield_visibility_visible\"  data-js-reload=\"field_3_7\" ><label class='gfield_label gform-field-label' for='input_3_7'>country<\/label><div class='ginput_container ginput_container_select'><select name='input_7' id='input_3_7' class='large gfield_select'     aria-invalid=\"false\" ><option value='' selected='selected' class='gf_placeholder'>Country *<\/option><option value='Switzerland' >Switzerland<\/option><option value='France' >France<\/option><\/select><\/div><\/div><div id=\"field_3_9\" class=\"gfield gfield--type-text gfield--width-full field_sublabel_below gfield--no-description field_description_below hidden_label field_validation_below gfield_visibility_visible\"  data-js-reload=\"field_3_9\" ><label class='gfield_label gform-field-label' for='input_3_9'>zipcode<\/label><div class='ginput_container ginput_container_text'><input name='input_9' id='input_3_9' type='text' value='' class='large'    placeholder='Zip code'  aria-invalid=\"false\"   \/> <\/div><\/div><div id=\"field_3_6\" class=\"gfield gfield--type-text gfield--width-full field_sublabel_below gfield--no-description field_description_below hidden_label field_validation_below gfield_visibility_visible\"  data-js-reload=\"field_3_6\" ><label class='gfield_label gform-field-label' for='input_3_6'>help<\/label><div class='ginput_container ginput_container_text'><input name='input_6' id='input_3_6' type='text' value='' class='large'    placeholder='What are your specific needs, how can we help you?'  aria-invalid=\"false\"   \/> <\/div><\/div><fieldset id=\"field_3_10\" class=\"gfield gfield--type-checkbox gfield--type-choice field_sublabel_below gfield--no-description field_description_below hidden_label field_validation_below gfield_visibility_visible\"  data-js-reload=\"field_3_10\" ><legend class='gfield_label gform-field-label gfield_label_before_complex' >check<\/legend><div class='ginput_container ginput_container_checkbox'><div class='gfield_checkbox' id='input_3_10'><div class='gchoice gchoice_3_10_1'>\n\t\t\t\t\t\t\t\t<input class='gfield-choice-input' name='input_10.1' type='checkbox'  value='By submitting this form, I accept that the information entered will be exploited as part of the demo\/ template download and the commercial relationship that may resul'  id='choice_3_10_1'   \/>\n\t\t\t\t\t\t\t\t<label for='choice_3_10_1' id='label_3_10_1' class='gform-field-label gform-field-label--type-inline'>By submitting this form, I accept that the information entered will be exploited as part of the demo\/ template download and the commercial relationship that may resul<\/label>\n\t\t\t\t\t\t\t<\/div><\/div><\/div><\/fieldset><div id=\"field_3_11\" class=\"gfield gfield--type-captcha gfield--width-full field_sublabel_below gfield--no-description field_description_below field_validation_below gfield_visibility_visible\"  data-js-reload=\"field_3_11\" ><label class='gfield_label gform-field-label' for='input_3_11'>CAPTCHA<\/label><div id='input_3_11' class='ginput_container ginput_recaptcha' data-sitekey='6LdeiIckAAAAAIPnMh_VYYZsm9uEUbD0kPil0Lkl'  data-theme='light' data-tabindex='0'  data-badge=''><\/div><\/div><\/div><\/div>\n        <div class='gform_footer top_label'> <input type='submit' id='gform_submit_button_3' class='gform_button button' value='Send'  onclick='if(window[\"gf_submitting_3\"]){return false;}  if( !jQuery(\"#gform_3\")[0].checkValidity || jQuery(\"#gform_3\")[0].checkValidity()){window[\"gf_submitting_3\"]=true;}  ' onkeypress='if( event.keyCode == 13 ){ if(window[\"gf_submitting_3\"]){return false;} if( !jQuery(\"#gform_3\")[0].checkValidity || jQuery(\"#gform_3\")[0].checkValidity()){window[\"gf_submitting_3\"]=true;}  jQuery(\"#gform_3\").trigger(\"submit\",[true]); }' \/> \n            <input type='hidden' class='gform_hidden' name='is_submit_3' value='1' \/>\n            <input type='hidden' class='gform_hidden' name='gform_submit' value='3' \/>\n            \n            <input type='hidden' class='gform_hidden' name='gform_unique_id' value='' \/>\n            <input type='hidden' class='gform_hidden' name='state_3' value='WyJbXSIsImVhZGQzNTcwMTBlZmI2OWEyMTUwOGMwNWM0Zjk4NjU0Il0=' \/>\n            <input type='hidden' class='gform_hidden' name='gform_target_page_number_3' id='gform_target_page_number_3' value='0' \/>\n            <input type='hidden' class='gform_hidden' name='gform_source_page_number_3' id='gform_source_page_number_3' value='1' \/>\n            <input type='hidden' name='gform_field_values' value='' \/>\n            \n        <\/div>\n                        <p style=\"display: none !important;\" class=\"akismet-fields-container\" data-prefix=\"ak_\"><label>&#916;<textarea name=\"ak_hp_textarea\" cols=\"45\" rows=\"8\" maxlength=\"100\"><\/textarea><\/label><input type=\"hidden\" id=\"ak_js_1\" name=\"ak_js\" value=\"13\"\/><script>document.getElementById( \"ak_js_1\" ).setAttribute( \"value\", ( new Date() ).getTime() );<\/script><\/p><\/form>\n                        <\/div><script>\ngform.initializeOnLoaded( function() {gformInitSpinner( 3, 'https:\/\/daremtec.com\/wp-content\/plugins\/gravityforms\/images\/spinner.svg', true );jQuery('#gform_ajax_frame_3').on('load',function(){var contents = jQuery(this).contents().find('*').html();var is_postback = contents.indexOf('GF_AJAX_POSTBACK') >= 0;if(!is_postback){return;}var form_content = jQuery(this).contents().find('#gform_wrapper_3');var is_confirmation = jQuery(this).contents().find('#gform_confirmation_wrapper_3').length > 0;var is_redirect = contents.indexOf('gformRedirect(){') >= 0;var is_form = form_content.length > 0 && ! is_redirect && ! is_confirmation;var mt = parseInt(jQuery('html').css('margin-top'), 10) + parseInt(jQuery('body').css('margin-top'), 10) + 100;if(is_form){jQuery('#gform_wrapper_3').html(form_content.html());if(form_content.hasClass('gform_validation_error')){jQuery('#gform_wrapper_3').addClass('gform_validation_error');} else {jQuery('#gform_wrapper_3').removeClass('gform_validation_error');}setTimeout( function() { \/* delay the scroll by 50 milliseconds to fix a bug in chrome *\/  }, 50 );if(window['gformInitDatepicker']) {gformInitDatepicker();}if(window['gformInitPriceFields']) {gformInitPriceFields();}var current_page = jQuery('#gform_source_page_number_3').val();gformInitSpinner( 3, 'https:\/\/daremtec.com\/wp-content\/plugins\/gravityforms\/images\/spinner.svg', true );jQuery(document).trigger('gform_page_loaded', [3, current_page]);window['gf_submitting_3'] = false;}else if(!is_redirect){var confirmation_content = jQuery(this).contents().find('.GF_AJAX_POSTBACK').html();if(!confirmation_content){confirmation_content = contents;}jQuery('#gform_wrapper_3').replaceWith(confirmation_content);jQuery(document).trigger('gform_confirmation_loaded', [3]);window['gf_submitting_3'] = false;wp.a11y.speak(jQuery('#gform_confirmation_message_3').text());}else{jQuery('#gform_3').append(contents);if(window['gformRedirect']) {gformRedirect();}}jQuery(document).trigger(\"gform_pre_post_render\", [{ formId: \"3\", currentPage: \"current_page\", abort: function() { this.preventDefault(); } }]);                if (event && event.defaultPrevented) {                return;         }        const gformWrapperDiv = document.getElementById( \"gform_wrapper_3\" );        if ( gformWrapperDiv ) {            const visibilitySpan = document.createElement( \"span\" );            visibilitySpan.id = \"gform_visibility_test_3\";            gformWrapperDiv.insertAdjacentElement( \"afterend\", visibilitySpan );        }        const visibilityTestDiv = document.getElementById( \"gform_visibility_test_3\" );        let postRenderFired = false;                function triggerPostRender() {            if ( postRenderFired ) {                return;            }            postRenderFired = true;            jQuery( document ).trigger( 'gform_post_render', [3, current_page] );            gform.utils.trigger( { event: 'gform\/postRender', native: false, data: { formId: 3, currentPage: current_page } } );            if ( visibilityTestDiv ) {                visibilityTestDiv.parentNode.removeChild( visibilityTestDiv );            }        }        function debounce( func, wait, immediate ) {            var timeout;            return function() {                var context = this, args = arguments;                var later = function() {                    timeout = null;                    if ( !immediate ) func.apply( context, args );                };                var callNow = immediate && !timeout;                clearTimeout( timeout );                timeout = setTimeout( later, wait );                if ( callNow ) func.apply( context, args );            };        }        const debouncedTriggerPostRender = debounce( function() {            triggerPostRender();        }, 200 );        if ( visibilityTestDiv && visibilityTestDiv.offsetParent === null ) {            const observer = new MutationObserver( ( mutations ) => {                mutations.forEach( ( mutation ) => {                    if ( mutation.type === 'attributes' && visibilityTestDiv.offsetParent !== null ) {                        debouncedTriggerPostRender();                        observer.disconnect();                    }                });            });            observer.observe( document.body, {                attributes: true,                childList: false,                subtree: true,                attributeFilter: [ 'style', 'class' ],            });        } else {            triggerPostRender();        }    } );} );\n<\/script>\n<\/div><\/div><\/div><\/div><\/div><\/section>\n","protected":false},"excerpt":{"rendered":"[vc_custom_heading text=\"Download our Business Plan Template here\" font_container=\"tag:h1|text_align:center\" use_theme_fonts=\"yes\" el_class=\"cus-center-tag\" css=\"%7B%22default%22%3A%7B%22width%22%3A%2270%25%22%2C%22margin-left%22%3A%22auto%22%2C%22margin-right%22%3A%22auto%22%7D%7D\"] Name E-mail T\u00e9l\u00e9phonecity statestateSwitzerlandFrancecountryCountry *SwitzerlandFrancezipcode help check By submitting this form, I accept that the information entered will be exploited as part of the demo\/ template download and the commercial relationship that may resul CAPTCHA &#916;","protected":false},"author":1,"featured_media":0,"parent":0,"menu_order":0,"comment_status":"closed","ping_status":"closed","template":"","meta":{"_monsterinsights_skip_tracking":false,"_monsterinsights_sitenote_active":false,"_monsterinsights_sitenote_note":"","_monsterinsights_sitenote_category":0,"footnotes":""},"class_list":["post-495","page","type-page","status-publish","hentry"],"yoast_head":"<!-- This site is optimized with the Yoast SEO Premium plugin v26.5 (Yoast SEO v26.7) - https:\/\/yoast.com\/wordpress\/plugins\/seo\/ -->\n<title>Modele plan affaire | Free business plan template<\/title>\n<meta name=\"description\" content=\"Modele plan affaires available for free download to help you structure, plan, and launch your business efficiently.\" \/>\n<meta name=\"robots\" content=\"index, follow, max-snippet:-1, max-image-preview:large, max-video-preview:-1\" \/>\n<link rel=\"canonical\" href=\"https:\/\/daremtec.com\/en\/telechargez-gratuitement-votre-modele-de-plan-daffaires-ici\/\" \/>\n<meta property=\"og:locale\" content=\"en_US\" \/>\n<meta property=\"og:type\" content=\"article\" \/>\n<meta property=\"og:title\" content=\"T\u00e9l\u00e9chargez gratuitement votre mod\u00e8le de plan d\u2019affaires ici\" \/>\n<meta property=\"og:description\" content=\"Modele plan affaires available for free download to help you structure, plan, and launch your business efficiently.\" \/>\n<meta property=\"og:url\" content=\"https:\/\/daremtec.com\/en\/telechargez-gratuitement-votre-modele-de-plan-daffaires-ici\/\" \/>\n<meta property=\"og:site_name\" content=\"Daremtec\" \/>\n<meta property=\"article:modified_time\" content=\"2025-12-18T10:48:56+00:00\" \/>\n<meta name=\"twitter:card\" content=\"summary_large_image\" \/>\n<meta name=\"twitter:label1\" content=\"Est. reading time\" \/>\n\t<meta name=\"twitter:data1\" content=\"1 minute\" \/>\n<script type=\"application\/ld+json\" class=\"yoast-schema-graph\">{\"@context\":\"https:\/\/schema.org\",\"@graph\":[{\"@type\":\"WebPage\",\"@id\":\"https:\/\/daremtec.com\/en\/telechargez-gratuitement-votre-modele-de-plan-daffaires-ici\/\",\"url\":\"https:\/\/daremtec.com\/en\/telechargez-gratuitement-votre-modele-de-plan-daffaires-ici\/\",\"name\":\"Modele plan affaire | Free business plan template\",\"isPartOf\":{\"@id\":\"https:\/\/daremtec.com\/#website\"},\"datePublished\":\"2023-01-17T13:05:35+00:00\",\"dateModified\":\"2025-12-18T10:48:56+00:00\",\"description\":\"Modele plan affaires available for free download to help you structure, plan, and launch your business efficiently.\",\"breadcrumb\":{\"@id\":\"https:\/\/daremtec.com\/en\/telechargez-gratuitement-votre-modele-de-plan-daffaires-ici\/#breadcrumb\"},\"inLanguage\":\"en-US\",\"potentialAction\":[{\"@type\":\"ReadAction\",\"target\":[\"https:\/\/daremtec.com\/en\/telechargez-gratuitement-votre-modele-de-plan-daffaires-ici\/\"]}]},{\"@type\":\"BreadcrumbList\",\"@id\":\"https:\/\/daremtec.com\/en\/telechargez-gratuitement-votre-modele-de-plan-daffaires-ici\/#breadcrumb\",\"itemListElement\":[{\"@type\":\"ListItem\",\"position\":1,\"name\":\"Accueil\",\"item\":\"https:\/\/daremtec.com\/en\/\"},{\"@type\":\"ListItem\",\"position\":2,\"name\":\"T\u00e9l\u00e9chargez gratuitement votre mod\u00e8le de plan d\u2019affaires ici\"}]},{\"@type\":\"WebSite\",\"@id\":\"https:\/\/daremtec.com\/#website\",\"url\":\"https:\/\/daremtec.com\/\",\"name\":\"Daremtec\",\"description\":\"\",\"potentialAction\":[{\"@type\":\"SearchAction\",\"target\":{\"@type\":\"EntryPoint\",\"urlTemplate\":\"https:\/\/daremtec.com\/?s={search_term_string}\"},\"query-input\":{\"@type\":\"PropertyValueSpecification\",\"valueRequired\":true,\"valueName\":\"search_term_string\"}}],\"inLanguage\":\"en-US\"}]}<\/script>\n<!-- \/ Yoast SEO Premium plugin. -->","yoast_head_json":{"title":"Modele plan affaire | Free business plan template","description":"Modele plan affaires available for free download to help you structure, plan, and launch your business efficiently.","robots":{"index":"index","follow":"follow","max-snippet":"max-snippet:-1","max-image-preview":"max-image-preview:large","max-video-preview":"max-video-preview:-1"},"canonical":"https:\/\/daremtec.com\/en\/telechargez-gratuitement-votre-modele-de-plan-daffaires-ici\/","og_locale":"en_US","og_type":"article","og_title":"T\u00e9l\u00e9chargez gratuitement votre mod\u00e8le de plan d\u2019affaires ici","og_description":"Modele plan affaires available for free download to help you structure, plan, and launch your business efficiently.","og_url":"https:\/\/daremtec.com\/en\/telechargez-gratuitement-votre-modele-de-plan-daffaires-ici\/","og_site_name":"Daremtec","article_modified_time":"2025-12-18T10:48:56+00:00","twitter_card":"summary_large_image","twitter_misc":{"Est. reading time":"1 minute"},"schema":{"@context":"https:\/\/schema.org","@graph":[{"@type":"WebPage","@id":"https:\/\/daremtec.com\/en\/telechargez-gratuitement-votre-modele-de-plan-daffaires-ici\/","url":"https:\/\/daremtec.com\/en\/telechargez-gratuitement-votre-modele-de-plan-daffaires-ici\/","name":"Modele plan affaire | Free business plan template","isPartOf":{"@id":"https:\/\/daremtec.com\/#website"},"datePublished":"2023-01-17T13:05:35+00:00","dateModified":"2025-12-18T10:48:56+00:00","description":"Modele plan affaires available for free download to help you structure, plan, and launch your business efficiently.","breadcrumb":{"@id":"https:\/\/daremtec.com\/en\/telechargez-gratuitement-votre-modele-de-plan-daffaires-ici\/#breadcrumb"},"inLanguage":"en-US","potentialAction":[{"@type":"ReadAction","target":["https:\/\/daremtec.com\/en\/telechargez-gratuitement-votre-modele-de-plan-daffaires-ici\/"]}]},{"@type":"BreadcrumbList","@id":"https:\/\/daremtec.com\/en\/telechargez-gratuitement-votre-modele-de-plan-daffaires-ici\/#breadcrumb","itemListElement":[{"@type":"ListItem","position":1,"name":"Accueil","item":"https:\/\/daremtec.com\/en\/"},{"@type":"ListItem","position":2,"name":"T\u00e9l\u00e9chargez gratuitement votre mod\u00e8le de plan d\u2019affaires ici"}]},{"@type":"WebSite","@id":"https:\/\/daremtec.com\/#website","url":"https:\/\/daremtec.com\/","name":"Daremtec","description":"","potentialAction":[{"@type":"SearchAction","target":{"@type":"EntryPoint","urlTemplate":"https:\/\/daremtec.com\/?s={search_term_string}"},"query-input":{"@type":"PropertyValueSpecification","valueRequired":true,"valueName":"search_term_string"}}],"inLanguage":"en-US"}]}},"_links":{"self":[{"href":"https:\/\/daremtec.com\/en\/wp-json\/wp\/v2\/pages\/495","targetHints":{"allow":["GET"]}}],"collection":[{"href":"https:\/\/daremtec.com\/en\/wp-json\/wp\/v2\/pages"}],"about":[{"href":"https:\/\/daremtec.com\/en\/wp-json\/wp\/v2\/types\/page"}],"author":[{"embeddable":true,"href":"https:\/\/daremtec.com\/en\/wp-json\/wp\/v2\/users\/1"}],"replies":[{"embeddable":true,"href":"https:\/\/daremtec.com\/en\/wp-json\/wp\/v2\/comments?post=495"}],"version-history":[{"count":2,"href":"https:\/\/daremtec.com\/en\/wp-json\/wp\/v2\/pages\/495\/revisions"}],"predecessor-version":[{"id":498,"href":"https:\/\/daremtec.com\/en\/wp-json\/wp\/v2\/pages\/495\/revisions\/498"}],"wp:attachment":[{"href":"https:\/\/daremtec.com\/en\/wp-json\/wp\/v2\/media?parent=495"}],"curies":[{"name":"wp","href":"https:\/\/api.w.org\/{rel}","templated":true}]}}