{"id":4628,"date":"2025-04-04T10:09:41","date_gmt":"2025-04-04T10:09:41","guid":{"rendered":"https:\/\/daremtec.com\/videos\/"},"modified":"2025-12-18T09:12:14","modified_gmt":"2025-12-18T09:12:14","slug":"videos","status":"publish","type":"page","link":"https:\/\/daremtec.com\/en\/videos\/","title":{"rendered":"Vid\u00e9os"},"content":{"rendered":"<section class=\"l-section wpb_row height_small\"><div class=\"l-section-h i-cf\"><div class=\"g-cols vc_row via_flex valign_top type_default stacking_default\"><div class=\"vc_col-sm-12 wpb_column vc_column_container\"><div class=\"vc_column-inner\"><div class=\"wpb_wrapper\">[vc_custom_heading text=&#8221;Vid\u00e9os&#8221; font_container=&#8221;tag:h1|text_align:center&#8221; use_theme_fonts=&#8221;yes&#8221; el_class=&#8221;cus-center-tag&#8221;]<div class=\"w-separator size_medium\"><\/div><div class=\"wpb_text_column\"><div class=\"wpb_wrapper\"><div class=\"epyt-gallery\" data-currpage=\"1\" id=\"epyt_gallery_85142\"><iframe loading=\"lazy\"  id=\"_ytid_57403\"  width=\"1170\" height=\"658\"  data-origwidth=\"1170\" data-origheight=\"658\" src=\"https:\/\/www.youtube.com\/embed\/9VOTuNwHYBA?enablejsapi=1&autoplay=0&cc_load_policy=0&cc_lang_pref=&iv_load_policy=1&loop=0&rel=1&fs=1&playsinline=0&autohide=2&theme=dark&color=red&controls=1&disablekb=0&\" class=\"__youtube_prefs__  __youtube_prefs_widget__  no-lazyload\" title=\"YouTube player\"  data-epytgalleryid=\"epyt_gallery_85142\"  allow=\"fullscreen; accelerometer; autoplay; clipboard-write; encrypted-media; gyroscope; picture-in-picture; web-share\" referrerpolicy=\"strict-origin-when-cross-origin\" allowfullscreen data-no-lazy=\"1\" data-skipgform_ajax_framebjll=\"\"><\/iframe><div class=\"epyt-gallery-list\"><div class=\"epyt-pagination \"><div tabindex=\"0\" role=\"button\" class=\"epyt-pagebutton epyt-prev  hide \" data-playlistid=\"UUZNxs92xPHhmw2aoCmp0ugQ\" data-pagesize=\"15\" data-pagetoken=\"\" data-epcolumns=\"3\" data-showtitle=\"1\" data-showpaging=\"1\" data-autonext=\"0\" data-thumbplay=\"1\"><div class=\"epyt-arrow\">&laquo;<\/div> <div>Prev<\/div><\/div><div class=\"epyt-pagenumbers \"><div class=\"epyt-current\">1<\/div><div class=\"epyt-pageseparator\"> \/ <\/div><div class=\"epyt-totalpages\">3<\/div><\/div><div tabindex=\"0\" role=\"button\" class=\"epyt-pagebutton epyt-next\" data-playlistid=\"UUZNxs92xPHhmw2aoCmp0ugQ\" data-pagesize=\"15\" data-pagetoken=\"EAAaHlBUOkNBOGlFRUUxTWpNd01VUkNNakpCTlRVNU1ESQ\" data-epcolumns=\"3\" data-showtitle=\"1\" data-showpaging=\"1\" data-autonext=\"0\" data-thumbplay=\"1\"><div>Next<\/div> <div class=\"epyt-arrow\">&raquo;<\/div><\/div><div class=\"epyt-loader\"><img loading=\"lazy\" decoding=\"async\" alt=\"loading\" width=\"16\" height=\"11\" src=\"https:\/\/daremtec.com\/wp-content\/plugins\/youtube-embed-plus\/images\/gallery-page-loader.gif\"><\/div><\/div><div class=\"epyt-gallery-allthumbs  epyt-cols-3 \"><div tabindex=\"0\" role=\"button\" data-videoid=\"9VOTuNwHYBA\" class=\"epyt-gallery-thumb\"><div class=\"epyt-gallery-img-box\"><div class=\"epyt-gallery-img\" style=\"background-image: url(https:\/\/i.ytimg.com\/vi\/9VOTuNwHYBA\/hqdefault.jpg)\"><div class=\"epyt-gallery-playhover\"><img loading=\"lazy\" decoding=\"async\" alt=\"play\" class=\"epyt-play-img\" width=\"30\" height=\"23\" src=\"https:\/\/daremtec.com\/wp-content\/plugins\/youtube-embed-plus\/images\/playhover.png\" data-no-lazy=\"1\" data-skipgform_ajax_framebjll=\"\" \/><div class=\"epyt-gallery-playcrutch\"><\/div><\/div><\/div><\/div><div class=\"epyt-gallery-title\">Leadership augment\u00e9 :  L&#039;IA voit le probable, mais l&#039;humain voit le possible ?<\/div><\/div><div tabindex=\"0\" role=\"button\" data-videoid=\"raSmoGgiitY\" class=\"epyt-gallery-thumb\"><div class=\"epyt-gallery-img-box\"><div class=\"epyt-gallery-img\" style=\"background-image: url(https:\/\/i.ytimg.com\/vi\/raSmoGgiitY\/hqdefault.jpg)\"><div class=\"epyt-gallery-playhover\"><img loading=\"lazy\" decoding=\"async\" alt=\"play\" class=\"epyt-play-img\" width=\"30\" height=\"23\" src=\"https:\/\/daremtec.com\/wp-content\/plugins\/youtube-embed-plus\/images\/playhover.png\" data-no-lazy=\"1\" data-skipgform_ajax_framebjll=\"\" \/><div class=\"epyt-gallery-playcrutch\"><\/div><\/div><\/div><\/div><div class=\"epyt-gallery-title\">Leadership &amp; IA Responsable \u2014 \u00c9pisode 1 : Pourquoi l\u2019IA a besoin d\u2019un leader augment\u00e9<\/div><\/div><div tabindex=\"0\" role=\"button\" data-videoid=\"mm90iAZZ-Kc\" class=\"epyt-gallery-thumb\"><div class=\"epyt-gallery-img-box\"><div class=\"epyt-gallery-img\" style=\"background-image: url(https:\/\/i.ytimg.com\/vi\/mm90iAZZ-Kc\/hqdefault.jpg)\"><div class=\"epyt-gallery-playhover\"><img loading=\"lazy\" decoding=\"async\" alt=\"play\" class=\"epyt-play-img\" width=\"30\" height=\"23\" src=\"https:\/\/daremtec.com\/wp-content\/plugins\/youtube-embed-plus\/images\/playhover.png\" data-no-lazy=\"1\" data-skipgform_ajax_framebjll=\"\" \/><div class=\"epyt-gallery-playcrutch\"><\/div><\/div><\/div><\/div><div class=\"epyt-gallery-title\">Leadership &amp; IA Responsable \u2014 \u00c9pisode 1  Pourquoi l\u2019IA a besoin d\u2019un leader augment\u00e9<\/div><\/div><div class=\"epyt-gallery-rowbreak\"><\/div><div tabindex=\"0\" role=\"button\" data-videoid=\"Fc-9-3OANHs\" class=\"epyt-gallery-thumb\"><div class=\"epyt-gallery-img-box\"><div class=\"epyt-gallery-img\" style=\"background-image: url(https:\/\/i.ytimg.com\/vi\/Fc-9-3OANHs\/hqdefault.jpg)\"><div class=\"epyt-gallery-playhover\"><img loading=\"lazy\" decoding=\"async\" alt=\"play\" class=\"epyt-play-img\" width=\"30\" height=\"23\" src=\"https:\/\/daremtec.com\/wp-content\/plugins\/youtube-embed-plus\/images\/playhover.png\" data-no-lazy=\"1\" data-skipgform_ajax_framebjll=\"\" \/><div class=\"epyt-gallery-playcrutch\"><\/div><\/div><\/div><\/div><div class=\"epyt-gallery-title\">\u00c9PISODE 7 \u2014 Jusqu\u2019o\u00f9 ira l\u2019IA\u2026 et nous, jusqu\u2019o\u00f9 allons-nous la suivre ?<\/div><\/div><div tabindex=\"0\" role=\"button\" data-videoid=\"NVB65VNyjtE\" class=\"epyt-gallery-thumb\"><div class=\"epyt-gallery-img-box\"><div class=\"epyt-gallery-img\" style=\"background-image: url(https:\/\/i.ytimg.com\/vi\/NVB65VNyjtE\/hqdefault.jpg)\"><div class=\"epyt-gallery-playhover\"><img loading=\"lazy\" decoding=\"async\" alt=\"play\" class=\"epyt-play-img\" width=\"30\" height=\"23\" src=\"https:\/\/daremtec.com\/wp-content\/plugins\/youtube-embed-plus\/images\/playhover.png\" data-no-lazy=\"1\" data-skipgform_ajax_framebjll=\"\" \/><div class=\"epyt-gallery-playcrutch\"><\/div><\/div><\/div><\/div><div class=\"epyt-gallery-title\">\u00c9PISODE 6 \u2014 Impact \u00e9thique : ce qu\u2019on ne peut pas mesurer n\u2019existe pas\u2026 n\u2019est\u2011ce pas ?<\/div><\/div><div tabindex=\"0\" role=\"button\" data-videoid=\"ed2KJncVL0k\" class=\"epyt-gallery-thumb\"><div class=\"epyt-gallery-img-box\"><div class=\"epyt-gallery-img\" style=\"background-image: url(https:\/\/i.ytimg.com\/vi\/ed2KJncVL0k\/hqdefault.jpg)\"><div class=\"epyt-gallery-playhover\"><img loading=\"lazy\" decoding=\"async\" alt=\"play\" class=\"epyt-play-img\" width=\"30\" height=\"23\" src=\"https:\/\/daremtec.com\/wp-content\/plugins\/youtube-embed-plus\/images\/playhover.png\" data-no-lazy=\"1\" data-skipgform_ajax_framebjll=\"\" \/><div class=\"epyt-gallery-playcrutch\"><\/div><\/div><\/div><\/div><div class=\"epyt-gallery-title\">La saga \u00ab Duel \u00c9thique (Humain vs IA) \u00bb - \u00c9PISODE 5 \u2014 Communication transparente\u2026 tu rigoles ?<\/div><\/div><div class=\"epyt-gallery-rowbreak\"><\/div><div tabindex=\"0\" role=\"button\" data-videoid=\"RUGDrKC0RJU\" class=\"epyt-gallery-thumb\"><div class=\"epyt-gallery-img-box\"><div class=\"epyt-gallery-img\" style=\"background-image: url(https:\/\/i.ytimg.com\/vi\/RUGDrKC0RJU\/hqdefault.jpg)\"><div class=\"epyt-gallery-playhover\"><img loading=\"lazy\" decoding=\"async\" alt=\"play\" class=\"epyt-play-img\" width=\"30\" height=\"23\" src=\"https:\/\/daremtec.com\/wp-content\/plugins\/youtube-embed-plus\/images\/playhover.png\" data-no-lazy=\"1\" data-skipgform_ajax_framebjll=\"\" \/><div class=\"epyt-gallery-playcrutch\"><\/div><\/div><\/div><\/div><div class=\"epyt-gallery-title\">\u00c9PISODE 4 \u2014 Comment choisit on un ou une responsable quand l\u2019IA s\u2019invite dans la d\u00e9cision ?<\/div><\/div><div tabindex=\"0\" role=\"button\" data-videoid=\"LYgRQPqB6AE\" class=\"epyt-gallery-thumb\"><div class=\"epyt-gallery-img-box\"><div class=\"epyt-gallery-img\" style=\"background-image: url(https:\/\/i.ytimg.com\/vi\/LYgRQPqB6AE\/hqdefault.jpg)\"><div class=\"epyt-gallery-playhover\"><img loading=\"lazy\" decoding=\"async\" alt=\"play\" class=\"epyt-play-img\" width=\"30\" height=\"23\" src=\"https:\/\/daremtec.com\/wp-content\/plugins\/youtube-embed-plus\/images\/playhover.png\" data-no-lazy=\"1\" data-skipgform_ajax_framebjll=\"\" \/><div class=\"epyt-gallery-playcrutch\"><\/div><\/div><\/div><\/div><div class=\"epyt-gallery-title\">\u00c9PISODE 3 \u2014 Collaborer avec les concern\u00e9s, Consultation ou co-cr\u00e9ation r\u00e9elle ?<\/div><\/div><div tabindex=\"0\" role=\"button\" data-videoid=\"qE9kk-eEVyE\" class=\"epyt-gallery-thumb\"><div class=\"epyt-gallery-img-box\"><div class=\"epyt-gallery-img\" style=\"background-image: url(https:\/\/i.ytimg.com\/vi\/qE9kk-eEVyE\/hqdefault.jpg)\"><div class=\"epyt-gallery-playhover\"><img loading=\"lazy\" decoding=\"async\" alt=\"play\" class=\"epyt-play-img\" width=\"30\" height=\"23\" src=\"https:\/\/daremtec.com\/wp-content\/plugins\/youtube-embed-plus\/images\/playhover.png\" data-no-lazy=\"1\" data-skipgform_ajax_framebjll=\"\" \/><div class=\"epyt-gallery-playcrutch\"><\/div><\/div><\/div><\/div><div class=\"epyt-gallery-title\">Culture \u00e9thique ou simple fa\u00e7ade ?  Duel \u00e9thique IA vs Humain \u2013 \u00c9pisode 2<\/div><\/div><div class=\"epyt-gallery-rowbreak\"><\/div><div tabindex=\"0\" role=\"button\" data-videoid=\"_EnupNDzeWQ\" class=\"epyt-gallery-thumb\"><div class=\"epyt-gallery-img-box\"><div class=\"epyt-gallery-img\" style=\"background-image: url(https:\/\/i.ytimg.com\/vi\/_EnupNDzeWQ\/hqdefault.jpg)\"><div class=\"epyt-gallery-playhover\"><img loading=\"lazy\" decoding=\"async\" alt=\"play\" class=\"epyt-play-img\" width=\"30\" height=\"23\" src=\"https:\/\/daremtec.com\/wp-content\/plugins\/youtube-embed-plus\/images\/playhover.png\" data-no-lazy=\"1\" data-skipgform_ajax_framebjll=\"\" \/><div class=\"epyt-gallery-playcrutch\"><\/div><\/div><\/div><\/div><div class=\"epyt-gallery-title\">DUEL \u00c9THIQUE \u00c9PISODE. 1 : L&#039;INCLUSIVIT\u00c9 \u00c0 L&#039;\u00c9PREUVE DE L&#039;IA<\/div><\/div><div tabindex=\"0\" role=\"button\" data-videoid=\"YlnP24VJW3U\" class=\"epyt-gallery-thumb\"><div class=\"epyt-gallery-img-box\"><div class=\"epyt-gallery-img\" style=\"background-image: url(https:\/\/i.ytimg.com\/vi\/YlnP24VJW3U\/hqdefault.jpg)\"><div class=\"epyt-gallery-playhover\"><img loading=\"lazy\" decoding=\"async\" alt=\"play\" class=\"epyt-play-img\" width=\"30\" height=\"23\" src=\"https:\/\/daremtec.com\/wp-content\/plugins\/youtube-embed-plus\/images\/playhover.png\" data-no-lazy=\"1\" data-skipgform_ajax_framebjll=\"\" \/><div class=\"epyt-gallery-playcrutch\"><\/div><\/div><\/div><\/div><div class=\"epyt-gallery-title\">Conf\u00e9rences et coaching en Leadership \u00e9thique \u00e0 l&#039;\u00e8re de l&#039;IA<\/div><\/div><div tabindex=\"0\" role=\"button\" data-videoid=\"Ol8NYsgJ8zk\" class=\"epyt-gallery-thumb\"><div class=\"epyt-gallery-img-box\"><div class=\"epyt-gallery-img\" style=\"background-image: url(https:\/\/i.ytimg.com\/vi\/Ol8NYsgJ8zk\/hqdefault.jpg)\"><div class=\"epyt-gallery-playhover\"><img loading=\"lazy\" decoding=\"async\" alt=\"play\" class=\"epyt-play-img\" width=\"30\" height=\"23\" src=\"https:\/\/daremtec.com\/wp-content\/plugins\/youtube-embed-plus\/images\/playhover.png\" data-no-lazy=\"1\" data-skipgform_ajax_framebjll=\"\" \/><div class=\"epyt-gallery-playcrutch\"><\/div><\/div><\/div><\/div><div class=\"epyt-gallery-title\">Conf\u00e9rences et coaching en Leadership \u00e9thique \u00e0 l&#039;\u00e8re de l&#039;IA - Saison 1<\/div><\/div><div class=\"epyt-gallery-rowbreak\"><\/div><div tabindex=\"0\" role=\"button\" data-videoid=\"jNdGKDahBbk\" class=\"epyt-gallery-thumb\"><div class=\"epyt-gallery-img-box\"><div class=\"epyt-gallery-img\" style=\"background-image: url(https:\/\/i.ytimg.com\/vi\/jNdGKDahBbk\/hqdefault.jpg)\"><div class=\"epyt-gallery-playhover\"><img loading=\"lazy\" decoding=\"async\" alt=\"play\" class=\"epyt-play-img\" width=\"30\" height=\"23\" src=\"https:\/\/daremtec.com\/wp-content\/plugins\/youtube-embed-plus\/images\/playhover.png\" data-no-lazy=\"1\" data-skipgform_ajax_framebjll=\"\" \/><div class=\"epyt-gallery-playcrutch\"><\/div><\/div><\/div><\/div><div class=\"epyt-gallery-title\">EXIL DES JEUNES ENTREPRENEURS AFRICAINS :  L&#039;OR PERDU DE L&#039;AFRIQUE, LE PERIPLE DE MALIK<\/div><\/div><div tabindex=\"0\" role=\"button\" data-videoid=\"iO0Rz1mMwDg\" class=\"epyt-gallery-thumb\"><div class=\"epyt-gallery-img-box\"><div class=\"epyt-gallery-img\" style=\"background-image: url(https:\/\/i.ytimg.com\/vi\/iO0Rz1mMwDg\/hqdefault.jpg)\"><div class=\"epyt-gallery-playhover\"><img loading=\"lazy\" decoding=\"async\" alt=\"play\" class=\"epyt-play-img\" width=\"30\" height=\"23\" src=\"https:\/\/daremtec.com\/wp-content\/plugins\/youtube-embed-plus\/images\/playhover.png\" data-no-lazy=\"1\" data-skipgform_ajax_framebjll=\"\" \/><div class=\"epyt-gallery-playcrutch\"><\/div><\/div><\/div><\/div><div class=\"epyt-gallery-title\">ENTREPRENEURIAT DES JEUNES EN AFRIQUE SUBSAHARIENNE : COMMENT EXPLOITER LE DIVIDENDE ECONOMIQUE !<\/div><\/div><div tabindex=\"0\" role=\"button\" data-videoid=\"shfZbG3YqVM\" class=\"epyt-gallery-thumb\"><div class=\"epyt-gallery-img-box\"><div class=\"epyt-gallery-img\" style=\"background-image: url(https:\/\/i.ytimg.com\/vi\/shfZbG3YqVM\/hqdefault.jpg)\"><div class=\"epyt-gallery-playhover\"><img loading=\"lazy\" decoding=\"async\" alt=\"play\" class=\"epyt-play-img\" width=\"30\" height=\"23\" src=\"https:\/\/daremtec.com\/wp-content\/plugins\/youtube-embed-plus\/images\/playhover.png\" data-no-lazy=\"1\" data-skipgform_ajax_framebjll=\"\" \/><div class=\"epyt-gallery-playcrutch\"><\/div><\/div><\/div><\/div><div class=\"epyt-gallery-title\">Comment prendre des d\u00e9cisions dans l&#039;incertitude ?<\/div><\/div><div class=\"epyt-gallery-rowbreak\"><\/div><div class=\"epyt-gallery-clear\"><\/div><\/div><div class=\"epyt-pagination \"><div tabindex=\"0\" role=\"button\" class=\"epyt-pagebutton epyt-prev  hide \" data-playlistid=\"UUZNxs92xPHhmw2aoCmp0ugQ\" data-pagesize=\"15\" data-pagetoken=\"\" data-epcolumns=\"3\" data-showtitle=\"1\" data-showpaging=\"1\" data-autonext=\"0\" data-thumbplay=\"1\"><div class=\"epyt-arrow\">&laquo;<\/div> <div>Prev<\/div><\/div><div class=\"epyt-pagenumbers \"><div class=\"epyt-current\">1<\/div><div class=\"epyt-pageseparator\"> \/ <\/div><div class=\"epyt-totalpages\">3<\/div><\/div><div tabindex=\"0\" role=\"button\" class=\"epyt-pagebutton epyt-next\" data-playlistid=\"UUZNxs92xPHhmw2aoCmp0ugQ\" data-pagesize=\"15\" data-pagetoken=\"EAAaHlBUOkNBOGlFRUUxTWpNd01VUkNNakpCTlRVNU1ESQ\" data-epcolumns=\"3\" data-showtitle=\"1\" data-showpaging=\"1\" data-autonext=\"0\" data-thumbplay=\"1\"><div>Next<\/div> <div class=\"epyt-arrow\">&raquo;<\/div><\/div><div class=\"epyt-loader\"><img loading=\"lazy\" decoding=\"async\" alt=\"loading\" width=\"16\" height=\"11\" src=\"https:\/\/daremtec.com\/wp-content\/plugins\/youtube-embed-plus\/images\/gallery-page-loader.gif\"><\/div><\/div><\/div><\/div>\n<\/div><\/div><\/div><\/div><\/div><\/div><\/div><\/section>\n","protected":false},"excerpt":{"rendered":"[vc_custom_heading text=\"Vid\u00e9os\" font_container=\"tag:h1|text_align:center\" use_theme_fonts=\"yes\" el_class=\"cus-center-tag\"]&laquo; Prev1 \/ 3Next &raquo;Leadership augment\u00e9 : L&#039;IA voit le probable, mais l&#039;humain voit le possible ?Leadership &amp; IA Responsable \u2014 \u00c9pisode 1 : Pourquoi l\u2019IA a besoin d\u2019un leader augment\u00e9Leadership &amp; IA Responsable \u2014 \u00c9pisode 1 Pourquoi l\u2019IA a besoin d\u2019un leader augment\u00e9\u00c9PISODE 7 \u2014 Jusqu\u2019o\u00f9 ira l\u2019IA\u2026 et nous,...","protected":false},"author":1,"featured_media":4696,"parent":0,"menu_order":0,"comment_status":"closed","ping_status":"closed","template":"","meta":{"_monsterinsights_skip_tracking":false,"_monsterinsights_sitenote_active":false,"_monsterinsights_sitenote_note":"","_monsterinsights_sitenote_category":0,"footnotes":""},"class_list":["post-4628","page","type-page","status-publish","has-post-thumbnail","hentry"],"yoast_head":"<!-- This site is optimized with the Yoast SEO Premium plugin v26.5 (Yoast SEO v26.7) - https:\/\/yoast.com\/wordpress\/plugins\/seo\/ -->\n<title>Video | Digital Insights and Expert Content<\/title>\n<meta name=\"description\" content=\"Videos by DareMtec featuring expert insights, digital innovation topics, and practical guidance for modern businesses.\" \/>\n<meta name=\"robots\" content=\"index, follow, max-snippet:-1, max-image-preview:large, max-video-preview:-1\" \/>\n<link rel=\"canonical\" href=\"https:\/\/daremtec.com\/en\/videos\/\" \/>\n<meta property=\"og:locale\" content=\"en_US\" \/>\n<meta property=\"og:type\" content=\"article\" \/>\n<meta property=\"og:title\" content=\"Vid\u00e9os\" \/>\n<meta property=\"og:description\" content=\"Videos by DareMtec featuring expert insights, digital innovation topics, and practical guidance for modern businesses.\" \/>\n<meta property=\"og:url\" content=\"https:\/\/daremtec.com\/en\/videos\/\" \/>\n<meta property=\"og:site_name\" content=\"Daremtec\" \/>\n<meta property=\"article:modified_time\" content=\"2025-12-18T09:12:14+00:00\" \/>\n<meta property=\"og:image\" content=\"https:\/\/daremtec.com\/wp-content\/uploads\/2025\/10\/number-banner.jpg\" \/>\n\t<meta property=\"og:image:width\" content=\"1600\" \/>\n\t<meta property=\"og:image:height\" content=\"820\" \/>\n\t<meta property=\"og:image:type\" content=\"image\/jpeg\" \/>\n<meta name=\"twitter:card\" content=\"summary_large_image\" \/>\n<meta name=\"twitter:label1\" content=\"Est. reading time\" \/>\n\t<meta name=\"twitter:data1\" content=\"1 minute\" \/>\n<script type=\"application\/ld+json\" class=\"yoast-schema-graph\">{\"@context\":\"https:\/\/schema.org\",\"@graph\":[{\"@type\":\"WebPage\",\"@id\":\"https:\/\/daremtec.com\/en\/videos\/\",\"url\":\"https:\/\/daremtec.com\/en\/videos\/\",\"name\":\"Video | Digital Insights and Expert Content\",\"isPartOf\":{\"@id\":\"https:\/\/daremtec.com\/#website\"},\"primaryImageOfPage\":{\"@id\":\"https:\/\/daremtec.com\/en\/videos\/#primaryimage\"},\"image\":{\"@id\":\"https:\/\/daremtec.com\/en\/videos\/#primaryimage\"},\"thumbnailUrl\":\"https:\/\/daremtec.com\/wp-content\/uploads\/2025\/10\/number-banner.jpg\",\"datePublished\":\"2025-04-04T10:09:41+00:00\",\"dateModified\":\"2025-12-18T09:12:14+00:00\",\"description\":\"Videos by DareMtec featuring expert insights, digital innovation topics, and practical guidance for modern businesses.\",\"breadcrumb\":{\"@id\":\"https:\/\/daremtec.com\/en\/videos\/#breadcrumb\"},\"inLanguage\":\"en-US\",\"potentialAction\":[{\"@type\":\"ReadAction\",\"target\":[\"https:\/\/daremtec.com\/en\/videos\/\"]}]},{\"@type\":\"ImageObject\",\"inLanguage\":\"en-US\",\"@id\":\"https:\/\/daremtec.com\/en\/videos\/#primaryimage\",\"url\":\"https:\/\/daremtec.com\/wp-content\/uploads\/2025\/10\/number-banner.jpg\",\"contentUrl\":\"https:\/\/daremtec.com\/wp-content\/uploads\/2025\/10\/number-banner.jpg\",\"width\":1600,\"height\":820,\"caption\":\"Video\"},{\"@type\":\"BreadcrumbList\",\"@id\":\"https:\/\/daremtec.com\/en\/videos\/#breadcrumb\",\"itemListElement\":[{\"@type\":\"ListItem\",\"position\":1,\"name\":\"Accueil\",\"item\":\"https:\/\/daremtec.com\/en\/\"},{\"@type\":\"ListItem\",\"position\":2,\"name\":\"Vid\u00e9os\"}]},{\"@type\":\"WebSite\",\"@id\":\"https:\/\/daremtec.com\/#website\",\"url\":\"https:\/\/daremtec.com\/\",\"name\":\"Daremtec\",\"description\":\"\",\"potentialAction\":[{\"@type\":\"SearchAction\",\"target\":{\"@type\":\"EntryPoint\",\"urlTemplate\":\"https:\/\/daremtec.com\/?s={search_term_string}\"},\"query-input\":{\"@type\":\"PropertyValueSpecification\",\"valueRequired\":true,\"valueName\":\"search_term_string\"}}],\"inLanguage\":\"en-US\"}]}<\/script>\n<!-- \/ Yoast SEO Premium plugin. -->","yoast_head_json":{"title":"Video | Digital Insights and Expert Content","description":"Videos by DareMtec featuring expert insights, digital innovation topics, and practical guidance for modern businesses.","robots":{"index":"index","follow":"follow","max-snippet":"max-snippet:-1","max-image-preview":"max-image-preview:large","max-video-preview":"max-video-preview:-1"},"canonical":"https:\/\/daremtec.com\/en\/videos\/","og_locale":"en_US","og_type":"article","og_title":"Vid\u00e9os","og_description":"Videos by DareMtec featuring expert insights, digital innovation topics, and practical guidance for modern businesses.","og_url":"https:\/\/daremtec.com\/en\/videos\/","og_site_name":"Daremtec","article_modified_time":"2025-12-18T09:12:14+00:00","og_image":[{"width":1600,"height":820,"url":"https:\/\/daremtec.com\/wp-content\/uploads\/2025\/10\/number-banner.jpg","type":"image\/jpeg"}],"twitter_card":"summary_large_image","twitter_misc":{"Est. reading time":"1 minute"},"schema":{"@context":"https:\/\/schema.org","@graph":[{"@type":"WebPage","@id":"https:\/\/daremtec.com\/en\/videos\/","url":"https:\/\/daremtec.com\/en\/videos\/","name":"Video | Digital Insights and Expert Content","isPartOf":{"@id":"https:\/\/daremtec.com\/#website"},"primaryImageOfPage":{"@id":"https:\/\/daremtec.com\/en\/videos\/#primaryimage"},"image":{"@id":"https:\/\/daremtec.com\/en\/videos\/#primaryimage"},"thumbnailUrl":"https:\/\/daremtec.com\/wp-content\/uploads\/2025\/10\/number-banner.jpg","datePublished":"2025-04-04T10:09:41+00:00","dateModified":"2025-12-18T09:12:14+00:00","description":"Videos by DareMtec featuring expert insights, digital innovation topics, and practical guidance for modern businesses.","breadcrumb":{"@id":"https:\/\/daremtec.com\/en\/videos\/#breadcrumb"},"inLanguage":"en-US","potentialAction":[{"@type":"ReadAction","target":["https:\/\/daremtec.com\/en\/videos\/"]}]},{"@type":"ImageObject","inLanguage":"en-US","@id":"https:\/\/daremtec.com\/en\/videos\/#primaryimage","url":"https:\/\/daremtec.com\/wp-content\/uploads\/2025\/10\/number-banner.jpg","contentUrl":"https:\/\/daremtec.com\/wp-content\/uploads\/2025\/10\/number-banner.jpg","width":1600,"height":820,"caption":"Video"},{"@type":"BreadcrumbList","@id":"https:\/\/daremtec.com\/en\/videos\/#breadcrumb","itemListElement":[{"@type":"ListItem","position":1,"name":"Accueil","item":"https:\/\/daremtec.com\/en\/"},{"@type":"ListItem","position":2,"name":"Vid\u00e9os"}]},{"@type":"WebSite","@id":"https:\/\/daremtec.com\/#website","url":"https:\/\/daremtec.com\/","name":"Daremtec","description":"","potentialAction":[{"@type":"SearchAction","target":{"@type":"EntryPoint","urlTemplate":"https:\/\/daremtec.com\/?s={search_term_string}"},"query-input":{"@type":"PropertyValueSpecification","valueRequired":true,"valueName":"search_term_string"}}],"inLanguage":"en-US"}]}},"_links":{"self":[{"href":"https:\/\/daremtec.com\/en\/wp-json\/wp\/v2\/pages\/4628","targetHints":{"allow":["GET"]}}],"collection":[{"href":"https:\/\/daremtec.com\/en\/wp-json\/wp\/v2\/pages"}],"about":[{"href":"https:\/\/daremtec.com\/en\/wp-json\/wp\/v2\/types\/page"}],"author":[{"embeddable":true,"href":"https:\/\/daremtec.com\/en\/wp-json\/wp\/v2\/users\/1"}],"replies":[{"embeddable":true,"href":"https:\/\/daremtec.com\/en\/wp-json\/wp\/v2\/comments?post=4628"}],"version-history":[{"count":3,"href":"https:\/\/daremtec.com\/en\/wp-json\/wp\/v2\/pages\/4628\/revisions"}],"predecessor-version":[{"id":5187,"href":"https:\/\/daremtec.com\/en\/wp-json\/wp\/v2\/pages\/4628\/revisions\/5187"}],"wp:featuredmedia":[{"embeddable":true,"href":"https:\/\/daremtec.com\/en\/wp-json\/wp\/v2\/media\/4696"}],"wp:attachment":[{"href":"https:\/\/daremtec.com\/en\/wp-json\/wp\/v2\/media?parent=4628"}],"curies":[{"name":"wp","href":"https:\/\/api.w.org\/{rel}","templated":true}]}}