{"id":381,"date":"2023-01-13T10:18:07","date_gmt":"2023-01-13T10:18:07","guid":{"rendered":"https:\/\/daremtec.com\/?page_id=381"},"modified":"2025-12-18T09:15:57","modified_gmt":"2025-12-18T09:15:57","slug":"free-trial","status":"publish","type":"page","link":"https:\/\/daremtec.com\/en\/free-trial\/","title":{"rendered":"Free trial"},"content":{"rendered":"<section class=\"l-section wpb_row height_small\"><div class=\"l-section-h i-cf\"><div class=\"g-cols vc_row via_flex valign_top type_default stacking_default\"><div class=\"vc_col-sm-12 wpb_column vc_column_container\"><div class=\"vc_column-inner\"><div class=\"wpb_wrapper\">[vc_custom_heading text=&#8221;Free trial&#8221; font_container=&#8221;tag:h1|text_align:center&#8221; use_theme_fonts=&#8221;yes&#8221; el_class=&#8221;cus-center-tag&#8221;]<\/div><\/div><\/div><\/div><\/div><\/section><section class=\"l-section wpb_row height_small\"><div class=\"l-section-h i-cf\"><div class=\"g-cols vc_row via_flex valign_top type_default stacking_default\"><div class=\"vc_col-sm-12 wpb_column vc_column_container\"><div class=\"vc_column-inner\"><div class=\"wpb_wrapper\"><div class=\"wpb_text_column us_custom_a5d8b32b has_text_color\"><div class=\"wpb_wrapper\"><p style=\"text-align: left;\">Dashboards (strategic, analytical, tactical and operational) are essential tools for measuring progress.\u00a0Daremtec gives you the reporting and visibility you need to stay in control of your data and the destiny of your organization:<\/p>\n<ol>\n<li style=\"text-align: left;\">Ask us for a free consultation<\/li>\n<\/ol>\n<\/div><\/div><div class=\"g-cols wpb_row cus-form-trial via_flex valign_top type_default stacking_default\"><div class=\"vc_col-sm-12 wpb_column vc_column_container\"><div class=\"vc_column-inner\"><div class=\"wpb_wrapper\"><script type=\"text\/javascript\">var gform;gform||(document.addEventListener(\"gform_main_scripts_loaded\",function(){gform.scriptsLoaded=!0}),window.addEventListener(\"DOMContentLoaded\",function(){gform.domLoaded=!0}),gform={domLoaded:!1,scriptsLoaded:!1,initializeOnLoaded:function(o){gform.domLoaded&&gform.scriptsLoaded?o():!gform.domLoaded&&gform.scriptsLoaded?window.addEventListener(\"DOMContentLoaded\",o):document.addEventListener(\"gform_main_scripts_loaded\",o)},hooks:{action:{},filter:{}},addAction:function(o,n,r,t){gform.addHook(\"action\",o,n,r,t)},addFilter:function(o,n,r,t){gform.addHook(\"filter\",o,n,r,t)},doAction:function(o){gform.doHook(\"action\",o,arguments)},applyFilters:function(o){return gform.doHook(\"filter\",o,arguments)},removeAction:function(o,n){gform.removeHook(\"action\",o,n)},removeFilter:function(o,n,r){gform.removeHook(\"filter\",o,n,r)},addHook:function(o,n,r,t,i){null==gform.hooks[o][n]&&(gform.hooks[o][n]=[]);var e=gform.hooks[o][n];null==i&&(i=n+\"_\"+e.length),gform.hooks[o][n].push({tag:i,callable:r,priority:t=null==t?10:t})},doHook:function(n,o,r){var t;if(r=Array.prototype.slice.call(r,1),null!=gform.hooks[n][o]&&((o=gform.hooks[n][o]).sort(function(o,n){return o.priority-n.priority}),o.forEach(function(o){\"function\"!=typeof(t=o.callable)&&(t=window[t]),\"action\"==n?t.apply(null,r):r[0]=t.apply(null,r)})),\"filter\"==n)return r[0]},removeHook:function(o,n,t,i){var r;null!=gform.hooks[o][n]&&(r=(r=gform.hooks[o][n]).filter(function(o,n,r){return!!(null!=i&&i!=o.tag||null!=t&&t!=o.priority)}),gform.hooks[o][n]=r)}});<\/script>\n                <div class='gf_browser_gecko gform_wrapper gravity-theme gform-theme--no-framework' data-form-theme='gravity-theme' data-form-index='0' id='gform_wrapper_2' ><form method='post' enctype='multipart\/form-data'  id='gform_2'  action='\/en\/wp-json\/wp\/v2\/pages\/381' data-formid='2' novalidate>\n                        <div class='gform-body gform_body'><div id='gform_fields_2' class='gform_fields top_label form_sublabel_below description_below validation_below'><div id=\"field_2_1\" class=\"gfield gfield--type-select field_sublabel_below gfield--no-description field_description_below hidden_label field_validation_below gfield_visibility_visible\"  data-js-reload=\"field_2_1\" ><label class='gfield_label gform-field-label' for='input_2_1'>service<\/label><div class='ginput_container ginput_container_select'><select name='input_1' id='input_2_1' class='large gfield_select'     aria-invalid=\"false\" ><option value='S\u00e9lectionnez le service' >S\u00e9lectionnez le service<\/option><option value='PLAN D\u2019AFFAIRES' >PLAN D\u2019AFFAIRES<\/option><option value='CONCEPTION ET IMPL\u00c9MENTATION DE TABLEAUX DE BORD DE BUSINESS INTELLIGENCE' >CONCEPTION ET IMPL\u00c9MENTATION DE TABLEAUX DE BORD DE BUSINESS INTELLIGENCE<\/option><option value='DIAGNOSTIC APPROFONDI' >DIAGNOSTIC APPROFONDI<\/option><option value='ETUDE DE FAISABILIT\u00c9' >ETUDE DE FAISABILIT\u00c9<\/option><\/select><\/div><\/div><div id=\"field_2_3\" class=\"gfield gfield--type-text field_sublabel_below gfield--no-description field_description_below hidden_label field_validation_below gfield_visibility_visible\"  data-js-reload=\"field_2_3\" ><label class='gfield_label gform-field-label' for='input_2_3'>name<\/label><div class='ginput_container ginput_container_text'><input name='input_3' id='input_2_3' type='text' value='Nom' class='large'      aria-invalid=\"false\"   \/> <\/div><\/div><div id=\"field_2_4\" class=\"gfield gfield--type-text gfield--width-full field_sublabel_below gfield--no-description field_description_below hidden_label field_validation_below gfield_visibility_visible\"  data-js-reload=\"field_2_4\" ><label class='gfield_label gform-field-label' for='input_2_4'>Sans titre<\/label><div class='ginput_container ginput_container_text'><input name='input_4' id='input_2_4' type='text' value='Pr\u00e9nom' class='large'      aria-invalid=\"false\"   \/> <\/div><\/div><div id=\"field_2_5\" class=\"gfield gfield--type-textarea field_sublabel_below gfield--no-description field_description_below hidden_label field_validation_below gfield_visibility_visible\"  data-js-reload=\"field_2_5\" ><label class='gfield_label gform-field-label' for='input_2_5'>address<\/label><div class='ginput_container ginput_container_textarea'><textarea name='input_5' id='input_2_5' class='textarea medium'    placeholder='Adresse'  aria-invalid=\"false\"   rows='10' cols='50'><\/textarea><\/div><\/div><div id=\"field_2_8\" class=\"gfield gfield--type-text field_sublabel_below gfield--no-description field_description_below hidden_label field_validation_below gfield_visibility_visible\"  data-js-reload=\"field_2_8\" ><label class='gfield_label gform-field-label' for='input_2_8'>postal<\/label><div class='ginput_container ginput_container_text'><input name='input_8' id='input_2_8' type='text' value='' class='large'    placeholder='Code postal:'  aria-invalid=\"false\"   \/> <\/div><\/div><div id=\"field_2_9\" class=\"gfield gfield--type-text gfield--width-full field_sublabel_below gfield--no-description field_description_below hidden_label field_validation_below gfield_visibility_visible\"  data-js-reload=\"field_2_9\" ><label class='gfield_label gform-field-label' for='input_2_9'>location<\/label><div class='ginput_container ginput_container_text'><input name='input_9' id='input_2_9' type='text' value='' class='large'    placeholder='Localit\u00e9'  aria-invalid=\"false\"   \/> <\/div><\/div><div id=\"field_2_10\" class=\"gfield gfield--type-text gfield--width-full field_sublabel_below gfield--no-description field_description_below hidden_label field_validation_below gfield_visibility_visible\"  data-js-reload=\"field_2_10\" ><label class='gfield_label gform-field-label' for='input_2_10'>location<\/label><div class='ginput_container ginput_container_text'><input name='input_10' id='input_2_10' type='text' value='' class='large'    placeholder='Localit\u00e9'  aria-invalid=\"false\"   \/> <\/div><\/div><div id=\"field_2_11\" class=\"gfield gfield--type-text gfield--width-full field_sublabel_below gfield--no-description field_description_below hidden_label field_validation_below gfield_visibility_visible\"  data-js-reload=\"field_2_11\" ><label class='gfield_label gform-field-label' for='input_2_11'>region<\/label><div class='ginput_container ginput_container_text'><input name='input_11' id='input_2_11' type='text' value='' class='large'    placeholder='R\u00e9gion'  aria-invalid=\"false\"   \/> <\/div><\/div><div id=\"field_2_12\" class=\"gfield gfield--type-text gfield--width-full field_sublabel_below gfield--no-description field_description_below hidden_label field_validation_below gfield_visibility_visible\"  data-js-reload=\"field_2_12\" ><label class='gfield_label gform-field-label' for='input_2_12'>pays<\/label><div class='ginput_container ginput_container_text'><input name='input_12' id='input_2_12' type='text' value='' class='large'    placeholder='Pays'  aria-invalid=\"false\"   \/> <\/div><\/div><div id=\"field_2_14\" class=\"gfield gfield--type-phone field_sublabel_below gfield--no-description field_description_below hidden_label field_validation_below gfield_visibility_visible\"  data-js-reload=\"field_2_14\" ><label class='gfield_label gform-field-label' for='input_2_14'>T\u00e9l\u00e9phone<\/label><div class='ginput_container ginput_container_phone'><input name='input_14' id='input_2_14' type='tel' value='' class='large'  placeholder='T\u00e9l\u00e9phone'  aria-invalid=\"false\"   \/><\/div><\/div><div id=\"field_2_15\" class=\"gfield gfield--type-phone gfield--width-full field_sublabel_below gfield--no-description field_description_below hidden_label field_validation_below gfield_visibility_visible\"  data-js-reload=\"field_2_15\" ><label class='gfield_label gform-field-label' for='input_2_15'>mobile<\/label><div class='ginput_container ginput_container_phone'><input name='input_15' id='input_2_15' type='tel' value='' class='large'  placeholder='Mobile'  aria-invalid=\"false\"   \/><\/div><\/div><div id=\"field_2_16\" class=\"gfield gfield--type-email field_sublabel_below gfield--no-description field_description_below hidden_label field_validation_below gfield_visibility_visible\"  data-js-reload=\"field_2_16\" ><label class='gfield_label gform-field-label' for='input_2_16'>E-mail<\/label><div class='ginput_container ginput_container_email'>\n                            <input name='input_16' id='input_2_16' type='email' value='' class='large'   placeholder='Email'  aria-invalid=\"false\"  \/>\n                        <\/div><\/div><div id=\"field_2_18\" class=\"gfield gfield--type-textarea field_sublabel_below gfield--no-description field_description_below hidden_label field_validation_below gfield_visibility_visible\"  data-js-reload=\"field_2_18\" ><label class='gfield_label gform-field-label' for='input_2_18'>message<\/label><div class='ginput_container ginput_container_textarea'><textarea name='input_18' id='input_2_18' class='textarea medium'   maxlength='100' placeholder='Votre message'  aria-invalid=\"false\"   rows='10' cols='50'><\/textarea><\/div><\/div><fieldset id=\"field_2_19\" class=\"gfield gfield--type-checkbox gfield--type-choice field_sublabel_below gfield--no-description field_description_below hidden_label field_validation_below gfield_visibility_visible\"  data-js-reload=\"field_2_19\" ><legend class='gfield_label gform-field-label gfield_label_before_complex' >check<\/legend><div class='ginput_container ginput_container_checkbox'><div class='gfield_checkbox' id='input_2_19'><div class='gchoice gchoice_2_19_1'>\n\t\t\t\t\t\t\t\t<input class='gfield-choice-input' name='input_19.1' type='checkbox'  value='En soumettant ce formulaire, j\u2019accepte que les informations saisies soient exploit\u00e9es dans le cadre de d\u00e9mo\/ t\u00e9l\u00e9chargement de mod\u00e8les et de la relation commerciale qui peut en d\u00e9couler.'  id='choice_2_19_1'   \/>\n\t\t\t\t\t\t\t\t<label for='choice_2_19_1' id='label_2_19_1' class='gform-field-label gform-field-label--type-inline'>En soumettant ce formulaire, j\u2019accepte que les informations saisies soient exploit\u00e9es dans le cadre de d\u00e9mo\/ t\u00e9l\u00e9chargement de mod\u00e8les et de la relation commerciale qui peut en d\u00e9couler.<\/label>\n\t\t\t\t\t\t\t<\/div><\/div><\/div><\/fieldset><div id=\"field_2_20\" class=\"gfield gfield--type-captcha gfield--width-full field_sublabel_below gfield--no-description field_description_below field_validation_below gfield_visibility_visible\"  data-js-reload=\"field_2_20\" ><label class='gfield_label gform-field-label' for='input_2_20'>CAPTCHA<\/label><div id='input_2_20' class='ginput_container ginput_recaptcha' data-sitekey='6LdeiIckAAAAAIPnMh_VYYZsm9uEUbD0kPil0Lkl'  data-theme='light' data-tabindex='0'  data-badge=''><\/div><\/div><\/div><\/div>\n        <div class='gform_footer top_label'> <input type='submit' id='gform_submit_button_2' class='gform_button button' value='Envoyer'  onclick='if(window[\"gf_submitting_2\"]){return false;}  if( !jQuery(\"#gform_2\")[0].checkValidity || jQuery(\"#gform_2\")[0].checkValidity()){window[\"gf_submitting_2\"]=true;}  ' onkeypress='if( event.keyCode == 13 ){ if(window[\"gf_submitting_2\"]){return false;} if( !jQuery(\"#gform_2\")[0].checkValidity || jQuery(\"#gform_2\")[0].checkValidity()){window[\"gf_submitting_2\"]=true;}  jQuery(\"#gform_2\").trigger(\"submit\",[true]); }' \/> \n            <input type='hidden' class='gform_hidden' name='is_submit_2' value='1' \/>\n            <input type='hidden' class='gform_hidden' name='gform_submit' value='2' \/>\n            \n            <input type='hidden' class='gform_hidden' name='gform_unique_id' value='' \/>\n            <input type='hidden' class='gform_hidden' name='state_2' value='WyJbXSIsImVhZGQzNTcwMTBlZmI2OWEyMTUwOGMwNWM0Zjk4NjU0Il0=' \/>\n            <input type='hidden' class='gform_hidden' name='gform_target_page_number_2' id='gform_target_page_number_2' value='0' \/>\n            <input type='hidden' class='gform_hidden' name='gform_source_page_number_2' id='gform_source_page_number_2' value='1' \/>\n            <input type='hidden' name='gform_field_values' value='' \/>\n            \n        <\/div>\n                        <p style=\"display: none !important;\" class=\"akismet-fields-container\" data-prefix=\"ak_\"><label>&#916;<textarea name=\"ak_hp_textarea\" cols=\"45\" rows=\"8\" maxlength=\"100\"><\/textarea><\/label><input type=\"hidden\" id=\"ak_js_1\" name=\"ak_js\" value=\"170\"\/><script>document.getElementById( \"ak_js_1\" ).setAttribute( \"value\", ( new Date() ).getTime() );<\/script><\/p><\/form>\n                        <\/div><script>\ngform.initializeOnLoaded( function() {gformInitSpinner( 2, 'https:\/\/daremtec.com\/wp-content\/plugins\/gravityforms\/images\/spinner.svg', true );jQuery('#gform_ajax_frame_2').on('load',function(){var contents = jQuery(this).contents().find('*').html();var is_postback = contents.indexOf('GF_AJAX_POSTBACK') >= 0;if(!is_postback){return;}var form_content = jQuery(this).contents().find('#gform_wrapper_2');var is_confirmation = jQuery(this).contents().find('#gform_confirmation_wrapper_2').length > 0;var is_redirect = contents.indexOf('gformRedirect(){') >= 0;var is_form = form_content.length > 0 && ! is_redirect && ! is_confirmation;var mt = parseInt(jQuery('html').css('margin-top'), 10) + parseInt(jQuery('body').css('margin-top'), 10) + 100;if(is_form){jQuery('#gform_wrapper_2').html(form_content.html());if(form_content.hasClass('gform_validation_error')){jQuery('#gform_wrapper_2').addClass('gform_validation_error');} else {jQuery('#gform_wrapper_2').removeClass('gform_validation_error');}setTimeout( function() { \/* delay the scroll by 50 milliseconds to fix a bug in chrome *\/  }, 50 );if(window['gformInitDatepicker']) {gformInitDatepicker();}if(window['gformInitPriceFields']) {gformInitPriceFields();}var current_page = jQuery('#gform_source_page_number_2').val();gformInitSpinner( 2, 'https:\/\/daremtec.com\/wp-content\/plugins\/gravityforms\/images\/spinner.svg', true );jQuery(document).trigger('gform_page_loaded', [2, current_page]);window['gf_submitting_2'] = false;}else if(!is_redirect){var confirmation_content = jQuery(this).contents().find('.GF_AJAX_POSTBACK').html();if(!confirmation_content){confirmation_content = contents;}jQuery('#gform_wrapper_2').replaceWith(confirmation_content);jQuery(document).trigger('gform_confirmation_loaded', [2]);window['gf_submitting_2'] = false;wp.a11y.speak(jQuery('#gform_confirmation_message_2').text());}else{jQuery('#gform_2').append(contents);if(window['gformRedirect']) {gformRedirect();}}jQuery(document).trigger(\"gform_pre_post_render\", [{ formId: \"2\", currentPage: \"current_page\", abort: function() { this.preventDefault(); } }]);                if (event && event.defaultPrevented) {                return;         }        const gformWrapperDiv = document.getElementById( \"gform_wrapper_2\" );        if ( gformWrapperDiv ) {            const visibilitySpan = document.createElement( \"span\" );            visibilitySpan.id = \"gform_visibility_test_2\";            gformWrapperDiv.insertAdjacentElement( \"afterend\", visibilitySpan );        }        const visibilityTestDiv = document.getElementById( \"gform_visibility_test_2\" );        let postRenderFired = false;                function triggerPostRender() {            if ( postRenderFired ) {                return;            }            postRenderFired = true;            jQuery( document ).trigger( 'gform_post_render', [2, current_page] );            gform.utils.trigger( { event: 'gform\/postRender', native: false, data: { formId: 2, currentPage: current_page } } );            if ( visibilityTestDiv ) {                visibilityTestDiv.parentNode.removeChild( visibilityTestDiv );            }        }        function debounce( func, wait, immediate ) {            var timeout;            return function() {                var context = this, args = arguments;                var later = function() {                    timeout = null;                    if ( !immediate ) func.apply( context, args );                };                var callNow = immediate && !timeout;                clearTimeout( timeout );                timeout = setTimeout( later, wait );                if ( callNow ) func.apply( context, args );            };        }        const debouncedTriggerPostRender = debounce( function() {            triggerPostRender();        }, 200 );        if ( visibilityTestDiv && visibilityTestDiv.offsetParent === null ) {            const observer = new MutationObserver( ( mutations ) => {                mutations.forEach( ( mutation ) => {                    if ( mutation.type === 'attributes' && visibilityTestDiv.offsetParent !== null ) {                        debouncedTriggerPostRender();                        observer.disconnect();                    }                });            });            observer.observe( document.body, {                attributes: true,                childList: false,                subtree: true,                attributeFilter: [ 'style', 'class' ],            });        } else {            triggerPostRender();        }    } );} );\n<\/script>\n<\/div><\/div><\/div><\/div><\/div><\/div><\/div><\/div><\/div><\/section>\n","protected":false},"excerpt":{"rendered":"[vc_custom_heading text=\"Free trial\" font_container=\"tag:h1|text_align:center\" use_theme_fonts=\"yes\" el_class=\"cus-center-tag\"]Dashboards (strategic, analytical, tactical and operational) are essential tools for measuring progress.\u00a0Daremtec gives you the reporting and visibility you need to stay in control of your data and the destiny of your organization: Ask us for a free consultation serviceS\u00e9lectionnez le servicePLAN D\u2019AFFAIRESCONCEPTION ET IMPL\u00c9MENTATION DE TABLEAUX DE BORD DE...","protected":false},"author":1,"featured_media":4073,"parent":0,"menu_order":0,"comment_status":"closed","ping_status":"closed","template":"","meta":{"_monsterinsights_skip_tracking":false,"_monsterinsights_sitenote_active":false,"_monsterinsights_sitenote_note":"","_monsterinsights_sitenote_category":0,"footnotes":""},"class_list":["post-381","page","type-page","status-publish","has-post-thumbnail","hentry"],"yoast_head":"<!-- This site is optimized with the Yoast SEO Premium plugin v26.5 (Yoast SEO v26.7) - https:\/\/yoast.com\/wordpress\/plugins\/seo\/ -->\n<title>Free Trial | Try DareMtec Digital Solutions<\/title>\n<meta name=\"description\" content=\"Free Trial by DareMtec lets you explore our digital solutions and services to see how they support your business growth.\" \/>\n<meta name=\"robots\" content=\"index, follow, max-snippet:-1, max-image-preview:large, max-video-preview:-1\" \/>\n<link rel=\"canonical\" href=\"https:\/\/daremtec.com\/en\/free-trial\/\" \/>\n<meta property=\"og:locale\" content=\"en_US\" \/>\n<meta property=\"og:type\" content=\"article\" \/>\n<meta property=\"og:title\" content=\"Free trial\" \/>\n<meta property=\"og:description\" content=\"Free Trial by DareMtec lets you explore our digital solutions and services to see how they support your business growth.\" \/>\n<meta property=\"og:url\" content=\"https:\/\/daremtec.com\/en\/free-trial\/\" \/>\n<meta property=\"og:site_name\" content=\"Daremtec\" \/>\n<meta property=\"article:modified_time\" content=\"2025-12-18T09:15:57+00:00\" \/>\n<meta property=\"og:image\" content=\"https:\/\/daremtec.com\/wp-content\/uploads\/2025\/02\/11.jpg\" \/>\n\t<meta property=\"og:image:width\" content=\"481\" \/>\n\t<meta property=\"og:image:height\" content=\"478\" \/>\n\t<meta property=\"og:image:type\" content=\"image\/jpeg\" \/>\n<meta name=\"twitter:card\" content=\"summary_large_image\" \/>\n<meta name=\"twitter:label1\" content=\"Est. reading time\" \/>\n\t<meta name=\"twitter:data1\" content=\"1 minute\" \/>\n<script type=\"application\/ld+json\" class=\"yoast-schema-graph\">{\"@context\":\"https:\/\/schema.org\",\"@graph\":[{\"@type\":\"WebPage\",\"@id\":\"https:\/\/daremtec.com\/en\/free-trial\/\",\"url\":\"https:\/\/daremtec.com\/en\/free-trial\/\",\"name\":\"Free Trial | Try DareMtec Digital Solutions\",\"isPartOf\":{\"@id\":\"https:\/\/daremtec.com\/#website\"},\"primaryImageOfPage\":{\"@id\":\"https:\/\/daremtec.com\/en\/free-trial\/#primaryimage\"},\"image\":{\"@id\":\"https:\/\/daremtec.com\/en\/free-trial\/#primaryimage\"},\"thumbnailUrl\":\"https:\/\/daremtec.com\/wp-content\/uploads\/2025\/02\/11.jpg\",\"datePublished\":\"2023-01-13T10:18:07+00:00\",\"dateModified\":\"2025-12-18T09:15:57+00:00\",\"description\":\"Free Trial by DareMtec lets you explore our digital solutions and services to see how they support your business growth.\",\"breadcrumb\":{\"@id\":\"https:\/\/daremtec.com\/en\/free-trial\/#breadcrumb\"},\"inLanguage\":\"en-US\",\"potentialAction\":[{\"@type\":\"ReadAction\",\"target\":[\"https:\/\/daremtec.com\/en\/free-trial\/\"]}]},{\"@type\":\"ImageObject\",\"inLanguage\":\"en-US\",\"@id\":\"https:\/\/daremtec.com\/en\/free-trial\/#primaryimage\",\"url\":\"https:\/\/daremtec.com\/wp-content\/uploads\/2025\/02\/11.jpg\",\"contentUrl\":\"https:\/\/daremtec.com\/wp-content\/uploads\/2025\/02\/11.jpg\",\"width\":481,\"height\":478,\"caption\":\"Free Trial\"},{\"@type\":\"BreadcrumbList\",\"@id\":\"https:\/\/daremtec.com\/en\/free-trial\/#breadcrumb\",\"itemListElement\":[{\"@type\":\"ListItem\",\"position\":1,\"name\":\"Accueil\",\"item\":\"https:\/\/daremtec.com\/en\/\"},{\"@type\":\"ListItem\",\"position\":2,\"name\":\"Free trial\"}]},{\"@type\":\"WebSite\",\"@id\":\"https:\/\/daremtec.com\/#website\",\"url\":\"https:\/\/daremtec.com\/\",\"name\":\"Daremtec\",\"description\":\"\",\"potentialAction\":[{\"@type\":\"SearchAction\",\"target\":{\"@type\":\"EntryPoint\",\"urlTemplate\":\"https:\/\/daremtec.com\/?s={search_term_string}\"},\"query-input\":{\"@type\":\"PropertyValueSpecification\",\"valueRequired\":true,\"valueName\":\"search_term_string\"}}],\"inLanguage\":\"en-US\"}]}<\/script>\n<!-- \/ Yoast SEO Premium plugin. -->","yoast_head_json":{"title":"Free Trial | Try DareMtec Digital Solutions","description":"Free Trial by DareMtec lets you explore our digital solutions and services to see how they support your business growth.","robots":{"index":"index","follow":"follow","max-snippet":"max-snippet:-1","max-image-preview":"max-image-preview:large","max-video-preview":"max-video-preview:-1"},"canonical":"https:\/\/daremtec.com\/en\/free-trial\/","og_locale":"en_US","og_type":"article","og_title":"Free trial","og_description":"Free Trial by DareMtec lets you explore our digital solutions and services to see how they support your business growth.","og_url":"https:\/\/daremtec.com\/en\/free-trial\/","og_site_name":"Daremtec","article_modified_time":"2025-12-18T09:15:57+00:00","og_image":[{"width":481,"height":478,"url":"https:\/\/daremtec.com\/wp-content\/uploads\/2025\/02\/11.jpg","type":"image\/jpeg"}],"twitter_card":"summary_large_image","twitter_misc":{"Est. reading time":"1 minute"},"schema":{"@context":"https:\/\/schema.org","@graph":[{"@type":"WebPage","@id":"https:\/\/daremtec.com\/en\/free-trial\/","url":"https:\/\/daremtec.com\/en\/free-trial\/","name":"Free Trial | Try DareMtec Digital Solutions","isPartOf":{"@id":"https:\/\/daremtec.com\/#website"},"primaryImageOfPage":{"@id":"https:\/\/daremtec.com\/en\/free-trial\/#primaryimage"},"image":{"@id":"https:\/\/daremtec.com\/en\/free-trial\/#primaryimage"},"thumbnailUrl":"https:\/\/daremtec.com\/wp-content\/uploads\/2025\/02\/11.jpg","datePublished":"2023-01-13T10:18:07+00:00","dateModified":"2025-12-18T09:15:57+00:00","description":"Free Trial by DareMtec lets you explore our digital solutions and services to see how they support your business growth.","breadcrumb":{"@id":"https:\/\/daremtec.com\/en\/free-trial\/#breadcrumb"},"inLanguage":"en-US","potentialAction":[{"@type":"ReadAction","target":["https:\/\/daremtec.com\/en\/free-trial\/"]}]},{"@type":"ImageObject","inLanguage":"en-US","@id":"https:\/\/daremtec.com\/en\/free-trial\/#primaryimage","url":"https:\/\/daremtec.com\/wp-content\/uploads\/2025\/02\/11.jpg","contentUrl":"https:\/\/daremtec.com\/wp-content\/uploads\/2025\/02\/11.jpg","width":481,"height":478,"caption":"Free Trial"},{"@type":"BreadcrumbList","@id":"https:\/\/daremtec.com\/en\/free-trial\/#breadcrumb","itemListElement":[{"@type":"ListItem","position":1,"name":"Accueil","item":"https:\/\/daremtec.com\/en\/"},{"@type":"ListItem","position":2,"name":"Free trial"}]},{"@type":"WebSite","@id":"https:\/\/daremtec.com\/#website","url":"https:\/\/daremtec.com\/","name":"Daremtec","description":"","potentialAction":[{"@type":"SearchAction","target":{"@type":"EntryPoint","urlTemplate":"https:\/\/daremtec.com\/?s={search_term_string}"},"query-input":{"@type":"PropertyValueSpecification","valueRequired":true,"valueName":"search_term_string"}}],"inLanguage":"en-US"}]}},"_links":{"self":[{"href":"https:\/\/daremtec.com\/en\/wp-json\/wp\/v2\/pages\/381","targetHints":{"allow":["GET"]}}],"collection":[{"href":"https:\/\/daremtec.com\/en\/wp-json\/wp\/v2\/pages"}],"about":[{"href":"https:\/\/daremtec.com\/en\/wp-json\/wp\/v2\/types\/page"}],"author":[{"embeddable":true,"href":"https:\/\/daremtec.com\/en\/wp-json\/wp\/v2\/users\/1"}],"replies":[{"embeddable":true,"href":"https:\/\/daremtec.com\/en\/wp-json\/wp\/v2\/comments?post=381"}],"version-history":[{"count":5,"href":"https:\/\/daremtec.com\/en\/wp-json\/wp\/v2\/pages\/381\/revisions"}],"predecessor-version":[{"id":3770,"href":"https:\/\/daremtec.com\/en\/wp-json\/wp\/v2\/pages\/381\/revisions\/3770"}],"wp:featuredmedia":[{"embeddable":true,"href":"https:\/\/daremtec.com\/en\/wp-json\/wp\/v2\/media\/4073"}],"wp:attachment":[{"href":"https:\/\/daremtec.com\/en\/wp-json\/wp\/v2\/media?parent=381"}],"curies":[{"name":"wp","href":"https:\/\/api.w.org\/{rel}","templated":true}]}}