{"id":338,"date":"2023-01-13T10:17:49","date_gmt":"2023-01-13T10:17:49","guid":{"rendered":"https:\/\/daremtec.com\/blog\/"},"modified":"2025-12-18T09:05:07","modified_gmt":"2025-12-18T09:05:07","slug":"blog","status":"publish","type":"page","link":"https:\/\/daremtec.com\/en\/blog\/","title":{"rendered":"Blog"},"content":{"rendered":"<section class=\"l-section wpb_row height_small\"><div class=\"l-section-h i-cf\"><div class=\"g-cols vc_row via_flex valign_top type_default stacking_default\"><div class=\"vc_col-sm-12 wpb_column vc_column_container\"><div class=\"vc_column-inner\"><div class=\"wpb_wrapper\">[vc_custom_heading text=&#8221;Blog&#8221; font_container=&#8221;tag:h1|text_align:center&#8221; use_theme_fonts=&#8221;yes&#8221; el_class=&#8221;cus-center-tag&#8221;]<\/div><\/div><\/div><\/div><\/div><\/section><section class=\"l-section wpb_row height_small\"><div class=\"l-section-h i-cf\"><div class=\"g-cols vc_row via_flex valign_top type_default stacking_default\"><div class=\"vc_col-sm-12 wpb_column vc_column_container\"><div class=\"vc_column-inner\"><div class=\"wpb_wrapper\"><div class=\"w-grid us_grid type_grid layout_553 cols_3 overflow_hidden preload_style_spinner\" id=\"us_grid_1\" style=\"--columns:3;--gap:1rem;\" data-filterable=\"true\"><style>@media (max-width:1024px){#us_grid_1{--columns:2!important}}@media (max-width:767px){#us_grid_1{--columns:1!important}}.layout_553 .w-grid-item-h{background:var(--color-content-bg);color:var(--color-content-heading);border-radius:0.3rem;box-shadow:0 0.03rem 0.06rem rgba(0,0,0,0.1),0 0.1rem 0.3rem rgba(0,0,0,0.1);transition-duration:0.3s}.no-touch .layout_553 .w-grid-item-h:hover{box-shadow:0 0.12rem 0.24rem rgba(0,0,0,0.1),0 0.4rem 1.2rem rgba(0,0,0,0.15);z-index:4}.layout_553 .usg_vwrapper_1{padding:5% 8% 8% 8%!important}.layout_553 .usg_post_title_1{color:inherit!important;font-size:18px!important;font-weight:500!important}@media (max-width:767px){.layout_553 .usg_post_title_1{font-size:1.2rem!important}}<\/style><div class=\"w-grid-list\">\t<article class=\"w-grid-item size_1x1 post-525 post type-post status-publish format-standard has-post-thumbnail hentry category-non-classifiee\" data-id=\"525\">\r\n\t\t<div class=\"w-grid-item-h\">\r\n\t\t\t\t\t\t<div class=\"w-post-elm post_image usg_post_image_1 has_ratio\"><a href=\"https:\/\/daremtec.com\/en\/comment-faire-un-business-plan-agile-en-2023\/\" aria-label=\"Comment faire un business plan agile en 2023 ?\"><img loading=\"lazy\" decoding=\"async\" width=\"980\" height=\"441\" src=\"https:\/\/daremtec.com\/wp-content\/uploads\/2023\/01\/Seminaire-en-Camargue-1-980x441-1.jpg\" class=\"attachment-large size-large wp-post-image\" alt=\"\" \/><\/a><div style=\"padding-bottom:75%\"><\/div><\/div><div class=\"w-vwrapper usg_vwrapper_1 align_none valign_top\"><h5 class=\"w-post-elm post_title usg_post_title_1 has_text_color align_left entry-title color_link_inherit\"><a href=\"https:\/\/daremtec.com\/en\/comment-faire-un-business-plan-agile-en-2023\/\">Comment faire un business plan agile en 2023 ?<\/a><\/h5><\/div>\t\t<\/div>\r\n\t\t\t<\/article>\r\n<\/div>\t<div class=\"w-grid-preloader\">\r\n\t\t<div class=\"g-preloader type_1\">\r\n\t\t\t<div><\/div>\r\n\t\t<\/div>\r\n\t<\/div>\r\n\t\t<div class=\"w-grid-json hidden\" onclick='return {&quot;action&quot;:&quot;us_ajax_grid&quot;,&quot;infinite_scroll&quot;:0,&quot;max_num_pages&quot;:1,&quot;pagination&quot;:&quot;none&quot;,&quot;template_vars&quot;:{&quot;columns&quot;:&quot;3&quot;,&quot;exclude_items&quot;:&quot;none&quot;,&quot;img_size&quot;:&quot;default&quot;,&quot;ignore_items_size&quot;:0,&quot;items_layout&quot;:&quot;553&quot;,&quot;items_offset&quot;:&quot;1&quot;,&quot;load_animation&quot;:&quot;none&quot;,&quot;overriding_link&quot;:&quot;{\\&quot;url\\&quot;:\\&quot;\\&quot;}&quot;,&quot;post_id&quot;:0,&quot;query_args&quot;:{&quot;post_type&quot;:[&quot;post&quot;],&quot;post_status&quot;:[&quot;publish&quot;,&quot;pending&quot;,&quot;emexpired&quot;,&quot;expired&quot;,&quot;cancelled&quot;,&quot;refunded&quot;,&quot;completed&quot;,&quot;failed&quot;],&quot;posts_per_page&quot;:&quot;9&quot;},&quot;orderby_query_args&quot;:{&quot;orderby&quot;:{&quot;date&quot;:&quot;DESC&quot;}},&quot;type&quot;:&quot;grid&quot;,&quot;us_grid_post_type&quot;:&quot;post&quot;,&quot;us_grid_ajax_index&quot;:1,&quot;us_grid_filter_query_string&quot;:null,&quot;us_grid_index&quot;:1,&quot;page_args&quot;:[],&quot;lang&quot;:&quot;en&quot;}}'><\/div>\r\n\t<\/div><\/div><\/div><\/div><\/div><\/div><\/section>\n","protected":false},"excerpt":{"rendered":"[vc_custom_heading text=\"Comment faire un business plan agile en 2023 ?\" use_theme_fonts=\"yes\"]Jan 3, 2023 Le Business Plan ou plan d\u2019affaires est un document complexe, chronophage, co\u00fbteux et trop normatif pour anticiper le changement dans la r\u00e9alit\u00e9 \u00e9conomique de la future entreprise. C\u2019est pourquoi il est critiqu\u00e9et parfois m\u00eame laiss\u00e9 de c\u00f4t\u00e9 par les th\u00e9oriciens de l\u2019\u00e9cole...","protected":false},"author":1,"featured_media":3797,"parent":0,"menu_order":0,"comment_status":"closed","ping_status":"closed","template":"","meta":{"_monsterinsights_skip_tracking":false,"_monsterinsights_sitenote_active":false,"_monsterinsights_sitenote_note":"","_monsterinsights_sitenote_category":0,"footnotes":""},"class_list":["post-338","page","type-page","status-publish","has-post-thumbnail","hentry"],"yoast_head":"<!-- This site is optimized with the Yoast SEO Premium plugin v26.5 (Yoast SEO v26.7) - https:\/\/yoast.com\/wordpress\/plugins\/seo\/ -->\n<title>Blog Insights | Digital Strategy and Innovation<\/title>\n<meta name=\"description\" content=\"Blog Insights from DareMtec covering digital strategy, innovation trends, and expert perspectives for modern businesses.\" \/>\n<meta name=\"robots\" content=\"index, follow, max-snippet:-1, max-image-preview:large, max-video-preview:-1\" \/>\n<link rel=\"canonical\" href=\"https:\/\/daremtec.com\/en\/blog\/\" \/>\n<meta property=\"og:locale\" content=\"en_US\" \/>\n<meta property=\"og:type\" content=\"article\" \/>\n<meta property=\"og:title\" content=\"Blog\" \/>\n<meta property=\"og:description\" content=\"Blog Insights from DareMtec covering digital strategy, innovation trends, and expert perspectives for modern businesses.\" \/>\n<meta property=\"og:url\" content=\"https:\/\/daremtec.com\/en\/blog\/\" \/>\n<meta property=\"og:site_name\" content=\"Daremtec\" \/>\n<meta property=\"article:modified_time\" content=\"2025-12-18T09:05:07+00:00\" \/>\n<meta property=\"og:image\" content=\"https:\/\/daremtec.com\/wp-content\/uploads\/2023\/02\/Some-of-my-mba-students-in-Niamey-Niger-Nov-2017-scaled.jpg\" \/>\n\t<meta property=\"og:image:width\" content=\"2560\" \/>\n\t<meta property=\"og:image:height\" content=\"1920\" \/>\n\t<meta property=\"og:image:type\" content=\"image\/jpeg\" \/>\n<meta name=\"twitter:card\" content=\"summary_large_image\" \/>\n<meta name=\"twitter:label1\" content=\"Est. reading time\" \/>\n\t<meta name=\"twitter:data1\" content=\"1 minute\" \/>\n<script type=\"application\/ld+json\" class=\"yoast-schema-graph\">{\"@context\":\"https:\/\/schema.org\",\"@graph\":[{\"@type\":\"WebPage\",\"@id\":\"https:\/\/daremtec.com\/en\/blog\/\",\"url\":\"https:\/\/daremtec.com\/en\/blog\/\",\"name\":\"Blog Insights | Digital Strategy and Innovation\",\"isPartOf\":{\"@id\":\"https:\/\/daremtec.com\/#website\"},\"primaryImageOfPage\":{\"@id\":\"https:\/\/daremtec.com\/en\/blog\/#primaryimage\"},\"image\":{\"@id\":\"https:\/\/daremtec.com\/en\/blog\/#primaryimage\"},\"thumbnailUrl\":\"https:\/\/daremtec.com\/wp-content\/uploads\/2023\/02\/Some-of-my-mba-students-in-Niamey-Niger-Nov-2017-scaled.jpg\",\"datePublished\":\"2023-01-13T10:17:49+00:00\",\"dateModified\":\"2025-12-18T09:05:07+00:00\",\"description\":\"Blog Insights from DareMtec covering digital strategy, innovation trends, and expert perspectives for modern businesses.\",\"breadcrumb\":{\"@id\":\"https:\/\/daremtec.com\/en\/blog\/#breadcrumb\"},\"inLanguage\":\"en-US\",\"potentialAction\":[{\"@type\":\"ReadAction\",\"target\":[\"https:\/\/daremtec.com\/en\/blog\/\"]}]},{\"@type\":\"ImageObject\",\"inLanguage\":\"en-US\",\"@id\":\"https:\/\/daremtec.com\/en\/blog\/#primaryimage\",\"url\":\"https:\/\/daremtec.com\/wp-content\/uploads\/2023\/02\/Some-of-my-mba-students-in-Niamey-Niger-Nov-2017-scaled.jpg\",\"contentUrl\":\"https:\/\/daremtec.com\/wp-content\/uploads\/2023\/02\/Some-of-my-mba-students-in-Niamey-Niger-Nov-2017-scaled.jpg\",\"width\":2560,\"height\":1920,\"caption\":\"Blog Insights\"},{\"@type\":\"BreadcrumbList\",\"@id\":\"https:\/\/daremtec.com\/en\/blog\/#breadcrumb\",\"itemListElement\":[{\"@type\":\"ListItem\",\"position\":1,\"name\":\"Accueil\",\"item\":\"https:\/\/daremtec.com\/en\/\"},{\"@type\":\"ListItem\",\"position\":2,\"name\":\"Blog\"}]},{\"@type\":\"WebSite\",\"@id\":\"https:\/\/daremtec.com\/#website\",\"url\":\"https:\/\/daremtec.com\/\",\"name\":\"Daremtec\",\"description\":\"\",\"potentialAction\":[{\"@type\":\"SearchAction\",\"target\":{\"@type\":\"EntryPoint\",\"urlTemplate\":\"https:\/\/daremtec.com\/?s={search_term_string}\"},\"query-input\":{\"@type\":\"PropertyValueSpecification\",\"valueRequired\":true,\"valueName\":\"search_term_string\"}}],\"inLanguage\":\"en-US\"}]}<\/script>\n<!-- \/ Yoast SEO Premium plugin. -->","yoast_head_json":{"title":"Blog Insights | Digital Strategy and Innovation","description":"Blog Insights from DareMtec covering digital strategy, innovation trends, and expert perspectives for modern businesses.","robots":{"index":"index","follow":"follow","max-snippet":"max-snippet:-1","max-image-preview":"max-image-preview:large","max-video-preview":"max-video-preview:-1"},"canonical":"https:\/\/daremtec.com\/en\/blog\/","og_locale":"en_US","og_type":"article","og_title":"Blog","og_description":"Blog Insights from DareMtec covering digital strategy, innovation trends, and expert perspectives for modern businesses.","og_url":"https:\/\/daremtec.com\/en\/blog\/","og_site_name":"Daremtec","article_modified_time":"2025-12-18T09:05:07+00:00","og_image":[{"width":2560,"height":1920,"url":"https:\/\/daremtec.com\/wp-content\/uploads\/2023\/02\/Some-of-my-mba-students-in-Niamey-Niger-Nov-2017-scaled.jpg","type":"image\/jpeg"}],"twitter_card":"summary_large_image","twitter_misc":{"Est. reading time":"1 minute"},"schema":{"@context":"https:\/\/schema.org","@graph":[{"@type":"WebPage","@id":"https:\/\/daremtec.com\/en\/blog\/","url":"https:\/\/daremtec.com\/en\/blog\/","name":"Blog Insights | Digital Strategy and Innovation","isPartOf":{"@id":"https:\/\/daremtec.com\/#website"},"primaryImageOfPage":{"@id":"https:\/\/daremtec.com\/en\/blog\/#primaryimage"},"image":{"@id":"https:\/\/daremtec.com\/en\/blog\/#primaryimage"},"thumbnailUrl":"https:\/\/daremtec.com\/wp-content\/uploads\/2023\/02\/Some-of-my-mba-students-in-Niamey-Niger-Nov-2017-scaled.jpg","datePublished":"2023-01-13T10:17:49+00:00","dateModified":"2025-12-18T09:05:07+00:00","description":"Blog Insights from DareMtec covering digital strategy, innovation trends, and expert perspectives for modern businesses.","breadcrumb":{"@id":"https:\/\/daremtec.com\/en\/blog\/#breadcrumb"},"inLanguage":"en-US","potentialAction":[{"@type":"ReadAction","target":["https:\/\/daremtec.com\/en\/blog\/"]}]},{"@type":"ImageObject","inLanguage":"en-US","@id":"https:\/\/daremtec.com\/en\/blog\/#primaryimage","url":"https:\/\/daremtec.com\/wp-content\/uploads\/2023\/02\/Some-of-my-mba-students-in-Niamey-Niger-Nov-2017-scaled.jpg","contentUrl":"https:\/\/daremtec.com\/wp-content\/uploads\/2023\/02\/Some-of-my-mba-students-in-Niamey-Niger-Nov-2017-scaled.jpg","width":2560,"height":1920,"caption":"Blog Insights"},{"@type":"BreadcrumbList","@id":"https:\/\/daremtec.com\/en\/blog\/#breadcrumb","itemListElement":[{"@type":"ListItem","position":1,"name":"Accueil","item":"https:\/\/daremtec.com\/en\/"},{"@type":"ListItem","position":2,"name":"Blog"}]},{"@type":"WebSite","@id":"https:\/\/daremtec.com\/#website","url":"https:\/\/daremtec.com\/","name":"Daremtec","description":"","potentialAction":[{"@type":"SearchAction","target":{"@type":"EntryPoint","urlTemplate":"https:\/\/daremtec.com\/?s={search_term_string}"},"query-input":{"@type":"PropertyValueSpecification","valueRequired":true,"valueName":"search_term_string"}}],"inLanguage":"en-US"}]}},"_links":{"self":[{"href":"https:\/\/daremtec.com\/en\/wp-json\/wp\/v2\/pages\/338","targetHints":{"allow":["GET"]}}],"collection":[{"href":"https:\/\/daremtec.com\/en\/wp-json\/wp\/v2\/pages"}],"about":[{"href":"https:\/\/daremtec.com\/en\/wp-json\/wp\/v2\/types\/page"}],"author":[{"embeddable":true,"href":"https:\/\/daremtec.com\/en\/wp-json\/wp\/v2\/users\/1"}],"replies":[{"embeddable":true,"href":"https:\/\/daremtec.com\/en\/wp-json\/wp\/v2\/comments?post=338"}],"version-history":[{"count":3,"href":"https:\/\/daremtec.com\/en\/wp-json\/wp\/v2\/pages\/338\/revisions"}],"predecessor-version":[{"id":5185,"href":"https:\/\/daremtec.com\/en\/wp-json\/wp\/v2\/pages\/338\/revisions\/5185"}],"wp:featuredmedia":[{"embeddable":true,"href":"https:\/\/daremtec.com\/en\/wp-json\/wp\/v2\/media\/3797"}],"wp:attachment":[{"href":"https:\/\/daremtec.com\/en\/wp-json\/wp\/v2\/media?parent=338"}],"curies":[{"name":"wp","href":"https:\/\/api.w.org\/{rel}","templated":true}]}}