{"id":997,"date":"2017-09-15T20:27:32","date_gmt":"2017-09-15T18:27:32","guid":{"rendered":"https:\/\/daremtec.com\/?post_type=product&#038;p=997"},"modified":"2023-01-19T06:23:28","modified_gmt":"2023-01-19T06:23:28","slug":"conduite-du-changement-2","status":"publish","type":"product","link":"https:\/\/daremtec.com\/daremtec\/produit\/conduite-du-changement-2\/","title":{"rendered":"Conduite du  changement"},"content":{"rendered":"<h2>Pr\u00e9sentation du cours<\/h2>\n<p>Ce cours aborde les m\u00e9canismes cl\u00e9s de la r\u00e9sistance au changement dans les organisations. Il offre aux participants les connaissances n\u00e9cessaires \u00e0 l\u2019\u00e9laboration des strat\u00e9gies de changements et de communication pour mobiliser toutes les parties prenantes.<\/p>\n<h2>A qui est destin\u00e9 ce cours ?<\/h2>\n<p>A toute personne d\u00e9sirant acqu\u00e9rir la vision globale de fonctionnement d\u2019une entreprise ou d\u2019une organisation \u00e0 but non lucratif. :<\/p>\n<ul>\n<li>Cadres dirigeants,<\/li>\n<li>Porteurs et gestionnaire de projet ou de programmes,<\/li>\n<li>Etudiants en Bachelor ou Master en \u00e9conomie et gestion,<\/li>\n<li>Consultants en entreprise<\/li>\n<\/ul>\n<h2>Objectifs d\u2019apprentissage<\/h2>\n<p>Au terme de ce cours, les participants pourront:<\/p>\n<ul>\n<li>Comprendre le concept de changement<\/li>\n<li>Identifier et surmonter les r\u00e9sistances au changement<\/li>\n<li>Comprendre l&#8217;impact des changements organisationnels<\/li>\n<li>Utiliser les \u00e9l\u00e9ments du cours pour contribuer \u00e0 l\u2019\u00e9laboration d\u2019un projet de conduite du changement organisationnel<\/li>\n<li>Analyser l\u2019impact du changement<\/li>\n<li>Comprendre les facteurs cl\u00e9s de succ\u00e8s d\u2019un processus de conduite de changement efficace<\/li>\n<\/ul>\n<h2>Th\u00e8mes abord\u00e9s<\/h2>\n<ul>\n<li>Introduction: Qu&#8217;est-ce que le changement?<\/li>\n<li>Dimensions du changement<\/li>\n<li>Pr\u00e9paration au changement<\/li>\n<li>La conduite du changement<\/li>\n<li>Communiquer et mettre en \u0153uvre le changement<\/li>\n<li>Les r\u00e9sistances au changement et comment les combattre<\/li>\n<li>Pourquoi avons-nous besoin de plus de leaders de changement<\/li>\n<\/ul>\n<h2>Ce que vous recevez<\/h2>\n<ul>\n<li>76 diapositives<\/li>\n<li>Manuel du participant<\/li>\n<\/ul>\n","protected":false},"excerpt":{"rendered":"<p>Pr\u00e9sentation du cours Ce cours aborde les m\u00e9canismes cl\u00e9s de la r\u00e9sistance au changement dans les organisations. Il offre aux participants les connaissances n\u00e9cessaires \u00e0 l\u2019\u00e9laboration des strat\u00e9gies de changements et de communication pour mobiliser toutes les parties prenantes. A qui est destin\u00e9 ce cours ? A toute personne d\u00e9sirant acqu\u00e9rir la vision globale de&#8230;<\/p>\n","protected":false},"featured_media":3199,"comment_status":"open","ping_status":"closed","template":"","meta":[],"product_cat":[37],"product_tag":[],"class_list":["post-997","product","type-product","status-publish","has-post-thumbnail","hentry","product_cat-telecharger-des-formations"],"_links":{"self":[{"href":"https:\/\/daremtec.com\/daremtec\/wp-json\/wp\/v2\/product\/997","targetHints":{"allow":["GET"]}}],"collection":[{"href":"https:\/\/daremtec.com\/daremtec\/wp-json\/wp\/v2\/product"}],"about":[{"href":"https:\/\/daremtec.com\/daremtec\/wp-json\/wp\/v2\/types\/product"}],"replies":[{"embeddable":true,"href":"https:\/\/daremtec.com\/daremtec\/wp-json\/wp\/v2\/comments?post=997"}],"wp:featuredmedia":[{"embeddable":true,"href":"https:\/\/daremtec.com\/daremtec\/wp-json\/wp\/v2\/media\/3199"}],"wp:attachment":[{"href":"https:\/\/daremtec.com\/daremtec\/wp-json\/wp\/v2\/media?parent=997"}],"wp:term":[{"taxonomy":"product_cat","embeddable":true,"href":"https:\/\/daremtec.com\/daremtec\/wp-json\/wp\/v2\/product_cat?post=997"},{"taxonomy":"product_tag","embeddable":true,"href":"https:\/\/daremtec.com\/daremtec\/wp-json\/wp\/v2\/product_tag?post=997"}],"curies":[{"name":"wp","href":"https:\/\/api.w.org\/{rel}","templated":true}]}}