{"id":689,"date":"2017-07-22T13:02:23","date_gmt":"2017-07-22T11:02:23","guid":{"rendered":"https:\/\/daremtec.com\/?post_type=product&#038;p=452"},"modified":"2023-01-19T06:27:53","modified_gmt":"2023-01-19T06:27:53","slug":"gestion-de-la-qualite-totale","status":"publish","type":"product","link":"https:\/\/daremtec.com\/daremtec\/produit\/gestion-de-la-qualite-totale\/","title":{"rendered":"Gestion de la qualit\u00e9 totale"},"content":{"rendered":"<h2>Pr\u00e9sentation de l\u2019atelier<\/h2>\n<p>Cet atelier fournit aux participants les principaux concepts et techniques de la gestion de la qualit\u00e9 totale (TQM). Ensuite, il se focalise sur l\u2019\u00e9laboration des solutions pour \u00e9liminer les causes de non qualit\u00e9 concernant, par exemple, la gestion des processus, la qualit\u00e9 des produits et des services, la satisfaction du client.<\/p>\n<h2>A qui est destin\u00e9 cet atelier ?<\/h2>\n<p>A toute personne d\u00e9sirant acqu\u00e9rir la vision globale de fonctionnement d\u2019une entreprise ou d\u2019une organisation \u00e0 but non lucratif. :<\/p>\n<ul>\n<li>Cadres dirigeants,<\/li>\n<li>Responsable de processus<\/li>\n<li>Porteurs et gestionnaire de projet ou de programmes<\/li>\n<li>Etudiants en Bachelor ou Master en \u00e9conomie et gestion (MBA)<\/li>\n<li>Consultants en entreprise<\/li>\n<\/ul>\n<h2>Objectifs d\u2019apprentissage<\/h2>\n<p>Au terme de cet atelier, les participants pourront:<\/p>\n<ul>\n<li>Conna\u00eetre l\u2019\u00e9volution du concept de la qualit\u00e9 totale<\/li>\n<li>Utiliser les techniques et les outils TQM pour \u00e9valuer le performance organisationnelle<\/li>\n<li>Appliquer l\u2019approche TQM pour am\u00e9liorer continuellement l&#8217;efficacit\u00e9 de leur organisation<\/li>\n<li>Faire l\u2019analyse du syst\u00e8me qualit\u00e9 de leur organisation<\/li>\n<li>Comparer leur syst\u00e8me qualit\u00e9 au standard ISO 9000 et aux crit\u00e8res du prix de Baldrige<\/li>\n<\/ul>\n<h2>Th\u00e8mes abord\u00e9s<\/h2>\n<ul>\n<li>Fondamentaux de la Qualit\u00e9 Totale<\/li>\n<li>Pr\u00e9sentation des techniques et des outils du TQM<\/li>\n<li>Mise en \u0153uvre de la Qualit\u00e9 totale<\/li>\n<li>Am\u00e9lioration continue et b\u00e9n\u00e9fices du TQM<\/li>\n<\/ul>\n<p>Dur\u00e9e:Prix:Nombre de participants :<a href=\"index.php\/fr\/gestion-de-la-qualite-totale\">Achetez cet atelier<\/a><\/p>\n<table class=\"table table-bordered\" border=\"1\">\n<tbody>\n<tr>\n<td>3 jours<\/td>\n<td>CHF 3\u2019990.-<br \/>\nPar personne<\/td>\n<td>12 personnes maximum<\/td>\n<\/tr>\n<\/tbody>\n<\/table>\n<h2>Pr\u00e9sentation de l\u2019atelier<\/h2>\n<p>Cet atelier fournit aux participants les principaux concepts et techniques de la gestion de la qualit\u00e9 totale (TQM). Ensuite, il se focalise sur l\u2019\u00e9laboration des solutions pour \u00e9liminer les causes de non qualit\u00e9 concernant, par exemple, la gestion des processus, la qualit\u00e9 des produits et des services, la satisfaction du client.<\/p>\n<h2>A qui est destin\u00e9 cet atelier ?<\/h2>\n<p>A toute personne d\u00e9sirant acqu\u00e9rir la vision globale de fonctionnement d\u2019une entreprise ou d\u2019une organisation \u00e0 but non lucratif. :<\/p>\n<ul>\n<li>Cadres dirigeants,<\/li>\n<li>Responsable de processus<\/li>\n<li>Porteurs et gestionnaire de projet ou de programmes<\/li>\n<li>Etudiants en Bachelor ou Master en \u00e9conomie et gestion (MBA)<\/li>\n<li>Consultants en entreprise<\/li>\n<\/ul>\n<h2>Objectifs d\u2019apprentissage<\/h2>\n<p>Au terme de cet atelier, les participants pourront:<\/p>\n<ul>\n<li>Conna\u00eetre l\u2019\u00e9volution du concept de la qualit\u00e9 totale<\/li>\n<li>Utiliser les techniques et les outils TQM pour \u00e9valuer le performance organisationnelle<\/li>\n<li>Appliquer l\u2019approche TQM pour am\u00e9liorer continuellement l&#8217;efficacit\u00e9 de leur organisation<\/li>\n<li>Faire l\u2019analyse du syst\u00e8me qualit\u00e9 de leur organisation<\/li>\n<li>Comparer leur syst\u00e8me qualit\u00e9 au standard ISO 9000 et aux crit\u00e8res du prix de Baldrige<\/li>\n<\/ul>\n<h2>Th\u00e8mes abord\u00e9s<\/h2>\n<ul>\n<li>Fondamentaux de la Qualit\u00e9 Totale<\/li>\n<li>Pr\u00e9sentation des techniques et des outils du TQM<\/li>\n<li>Mise en \u0153uvre de la Qualit\u00e9 totale<\/li>\n<li>Am\u00e9lioration continue et b\u00e9n\u00e9fices du TQM<\/li>\n<\/ul>\n","protected":false},"excerpt":{"rendered":"<p>Dur\u00e9e:Nombre de participants :<\/p>\n<table class=\"table table-bordered\" border=\"1\" width=\"100%\">\n<tbody>\n<tr>\n<td>3 jours<\/td>\n<td>12 personnes maximum<\/td>\n<\/tr>\n<\/tbody>\n<\/table>\n","protected":false},"featured_media":3199,"comment_status":"open","ping_status":"closed","template":"","meta":[],"product_cat":[33],"product_tag":[],"class_list":["post-689","product","type-product","status-publish","has-post-thumbnail","hentry","product_cat-ateliers-en-entreprise"],"_links":{"self":[{"href":"https:\/\/daremtec.com\/daremtec\/wp-json\/wp\/v2\/product\/689","targetHints":{"allow":["GET"]}}],"collection":[{"href":"https:\/\/daremtec.com\/daremtec\/wp-json\/wp\/v2\/product"}],"about":[{"href":"https:\/\/daremtec.com\/daremtec\/wp-json\/wp\/v2\/types\/product"}],"replies":[{"embeddable":true,"href":"https:\/\/daremtec.com\/daremtec\/wp-json\/wp\/v2\/comments?post=689"}],"wp:featuredmedia":[{"embeddable":true,"href":"https:\/\/daremtec.com\/daremtec\/wp-json\/wp\/v2\/media\/3199"}],"wp:attachment":[{"href":"https:\/\/daremtec.com\/daremtec\/wp-json\/wp\/v2\/media?parent=689"}],"wp:term":[{"taxonomy":"product_cat","embeddable":true,"href":"https:\/\/daremtec.com\/daremtec\/wp-json\/wp\/v2\/product_cat?post=689"},{"taxonomy":"product_tag","embeddable":true,"href":"https:\/\/daremtec.com\/daremtec\/wp-json\/wp\/v2\/product_tag?post=689"}],"curies":[{"name":"wp","href":"https:\/\/api.w.org\/{rel}","templated":true}]}}