{"id":681,"date":"2017-07-22T12:54:34","date_gmt":"2017-07-22T10:54:34","guid":{"rendered":"https:\/\/daremtec.com\/?post_type=product&#038;p=444"},"modified":"2023-01-19T06:29:52","modified_gmt":"2023-01-19T06:29:52","slug":"mesure-et-evaluation-de-la-performance","status":"publish","type":"product","link":"https:\/\/daremtec.com\/daremtec\/produit\/mesure-et-evaluation-de-la-performance\/","title":{"rendered":"Mesure et \u00e9valuation  de la performance"},"content":{"rendered":"<h2>Pr\u00e9sentation de l\u2019atelier<\/h2>\n<p>Cet atelier explique aux participants comment une organisation met en place un syst\u00e8me de mesure et d\u2019\u00e9valuation de la performance afin de trouver un \u00e9quilibre entre les objectifs qu\u2019elle se fixe et les attentes de ses diff\u00e9rentes parties prenantes. L\u2019accent sera mis en particulier sur la technique du balanced scorecard ou tableau de bord \u00e9quilibr\u00e9, qui associe les indicateurs financiers et non financiers \u00e0 un cadre int\u00e9gr\u00e9 de leadership strat\u00e9gique et de contr\u00f4le.<\/p>\n<h2>A qui est destin\u00e9 cet atelier ?<\/h2>\n<p>A toute personne d\u00e9sirant acqu\u00e9rir la vision globale de fonctionnement d\u2019une entreprise ou d\u2019une organisation \u00e0 but non lucratif. :<\/p>\n<ul>\n<li>Cadres dirigeants,<\/li>\n<li>Responsable de processus<\/li>\n<li>Porteurs et gestionnaire de projet ou de programmes<\/li>\n<li>Etudiants en Bachelor ou Master en \u00e9conomie et gestion (MBA)<\/li>\n<li>Consultants en entreprise<\/li>\n<\/ul>\n<h2>Objectifs d\u2019apprentissage<\/h2>\n<p>Au terme de cet atelier, les participants pourront:<\/p>\n<ul>\n<li>\u00catre capables de recenser les syst\u00e8mes, mod\u00e8les et techniques de mesure de la performance<\/li>\n<li>Choisir le syst\u00e8me de mesure de performance qui correspondant \u00e0 son contexte<\/li>\n<li>Mettre en place un syst\u00e8me de gestion des performances<\/li>\n<li>\u00c9tablir les plans d\u2019actions<\/li>\n<li>\u00c9valuer les r\u00e9sultats selon les valeurs de son entreprise<\/li>\n<\/ul>\n<h2>Th\u00e8mes abord\u00e9s<\/h2>\n<ul>\n<li>Contr\u00f4le de gestion et performance organisationnelle<\/li>\n<li>Quels sont les alternatives au contr\u00f4le de gestion<\/li>\n<li>Comment mesure la performance organisationnelle ?<\/li>\n<li>Les tableaux de bord de gestion<\/li>\n<li>Le tableau de bord \u00e9quilibr\u00e9 (ou balanced scorecard)<\/li>\n<li>La carte strat\u00e9gique<\/li>\n<li>Choisir et impl\u00e9menter son tableau de bord strat\u00e9gique<\/li>\n<\/ul>\n","protected":false},"excerpt":{"rendered":"<p>Dur\u00e9e:Nombre de participants :<\/p>\n<table class=\"table table-bordered\" border=\"1\" width=\"100%\">\n<tbody>\n<tr>\n<td>1 Day<\/td>\n<td>12 personnes maximum<\/td>\n<\/tr>\n<\/tbody>\n<\/table>\n","protected":false},"featured_media":3199,"comment_status":"open","ping_status":"closed","template":"","meta":[],"product_cat":[33],"product_tag":[],"class_list":["post-681","product","type-product","status-publish","has-post-thumbnail","hentry","product_cat-ateliers-en-entreprise"],"_links":{"self":[{"href":"https:\/\/daremtec.com\/daremtec\/wp-json\/wp\/v2\/product\/681","targetHints":{"allow":["GET"]}}],"collection":[{"href":"https:\/\/daremtec.com\/daremtec\/wp-json\/wp\/v2\/product"}],"about":[{"href":"https:\/\/daremtec.com\/daremtec\/wp-json\/wp\/v2\/types\/product"}],"replies":[{"embeddable":true,"href":"https:\/\/daremtec.com\/daremtec\/wp-json\/wp\/v2\/comments?post=681"}],"wp:featuredmedia":[{"embeddable":true,"href":"https:\/\/daremtec.com\/daremtec\/wp-json\/wp\/v2\/media\/3199"}],"wp:attachment":[{"href":"https:\/\/daremtec.com\/daremtec\/wp-json\/wp\/v2\/media?parent=681"}],"wp:term":[{"taxonomy":"product_cat","embeddable":true,"href":"https:\/\/daremtec.com\/daremtec\/wp-json\/wp\/v2\/product_cat?post=681"},{"taxonomy":"product_tag","embeddable":true,"href":"https:\/\/daremtec.com\/daremtec\/wp-json\/wp\/v2\/product_tag?post=681"}],"curies":[{"name":"wp","href":"https:\/\/api.w.org\/{rel}","templated":true}]}}