{"id":679,"date":"2017-07-22T12:51:28","date_gmt":"2017-07-22T10:51:28","guid":{"rendered":"https:\/\/daremtec.com\/?post_type=product&#038;p=442"},"modified":"2023-01-19T06:30:21","modified_gmt":"2023-01-19T06:30:21","slug":"alignement-strategique-le-modele-balanced-scorecard","status":"publish","type":"product","link":"https:\/\/daremtec.com\/daremtec\/produit\/alignement-strategique-le-modele-balanced-scorecard\/","title":{"rendered":"Alignement strat\u00e9gique :  le mod\u00e8le Balanced Scorecard"},"content":{"rendered":"<h2>Pr\u00e9sentation de l\u2019atelier<\/h2>\n<p>Cet atelier intense d\u00e9veloppe les connaissances techniques des participants sur les \u00e9l\u00e9ments transverses du contr\u00f4le de gestion tels que : la gestion de la performance, le pilotage de la strat\u00e9gie. Pour ce faire, le workshop se concentre sur la construction et la mise en \u0153uvre, \u00e9tape par \u00e9tape, du \u00ab Balanced scorecard \u00bb ou tableau de bord \u00e9quilibr\u00e9 (BSC) qui applicable dans toute entreprise ou organisation \u00e0 but non lucratif.<\/p>\n<h2>A qui est destin\u00e9 cet atelier ?<\/h2>\n<p>A toute personne d\u00e9sirant acqu\u00e9rir la vision globale de fonctionnement d\u2019une entreprise ou d\u2019une organisation \u00e0 but non lucratif. :<\/p>\n<ul>\n<li>Cadres dirigeants,<\/li>\n<li>Responsable de processus<\/li>\n<li>Porteurs et gestionnaire de projet ou de programmes<\/li>\n<li>Etudiants en Bachelor ou Master en \u00e9conomie et gestion (MBA)<\/li>\n<li>Consultants en entreprise<\/li>\n<\/ul>\n<h2>Objectifs d\u2019apprentissage<\/h2>\n<p>Au terme de cet atelier, les participants pourront:<\/p>\n<ul>\n<li>Comprendre la th\u00e9orie et l&#8217;implication de l&#8217;approche BSC en mati\u00e8re de gestion strat\u00e9gique<\/li>\n<li>Construire et impl\u00e9menter le balanced scorecard en 9 \u00e9tapes<\/li>\n<li>Elaborer et mettre en \u0153uvre la carte strat\u00e9gique<\/li>\n<li>Aligner l&#8217;activit\u00e9 op\u00e9rationnelle sur la strat\u00e9gie \u00e0 l\u2019aide du BSC<\/li>\n<li>G\u00e9rer le changement \u00e0 l\u2019aide du BSC<\/li>\n<\/ul>\n<h2>Th\u00e8mes abord\u00e9s<\/h2>\n<ul>\n<li>Concepts de base de la gestion strat\u00e9gique et enjeux du Balanced scorecard<\/li>\n<li>Analyse SWOT de l\u2019organisation<\/li>\n<li>Objectifs strat\u00e9giques, indicateurs cl\u00e9 de succ\u00e8s<\/li>\n<li>Perspective financi\u00e8re<\/li>\n<li>Perspective Clients et march\u00e9<\/li>\n<li>Processus d&#8217;affaires<\/li>\n<li>Personnel et conditions de travail<\/li>\n<li>Choix des indicateurs cl\u00e9s de performance<\/li>\n<li>Construction du tableau de bord \u00e9quilibr\u00e9<\/li>\n<li>Carte strat\u00e9gique et suivi<\/li>\n<li>Communication, motivation et responsabilit\u00e9<\/li>\n<li>Alignement des initiatives \u00e0 la strat\u00e9gie<\/li>\n<li>Piloter la strat\u00e9gie et conduire le changement<\/li>\n<\/ul>\n","protected":false},"excerpt":{"rendered":"<p>Dur\u00e9e:Nombre de participants :<\/p>\n<table class=\"table table-bordered\" border=\"1\" width=\"100%\">\n<tbody>\n<tr>\n<td>2 jours<\/td>\n<td>12 personnes maximum<\/td>\n<\/tr>\n<\/tbody>\n<\/table>\n","protected":false},"featured_media":3199,"comment_status":"open","ping_status":"closed","template":"","meta":[],"product_cat":[33],"product_tag":[],"class_list":["post-679","product","type-product","status-publish","has-post-thumbnail","hentry","product_cat-ateliers-en-entreprise"],"_links":{"self":[{"href":"https:\/\/daremtec.com\/daremtec\/wp-json\/wp\/v2\/product\/679","targetHints":{"allow":["GET"]}}],"collection":[{"href":"https:\/\/daremtec.com\/daremtec\/wp-json\/wp\/v2\/product"}],"about":[{"href":"https:\/\/daremtec.com\/daremtec\/wp-json\/wp\/v2\/types\/product"}],"replies":[{"embeddable":true,"href":"https:\/\/daremtec.com\/daremtec\/wp-json\/wp\/v2\/comments?post=679"}],"wp:featuredmedia":[{"embeddable":true,"href":"https:\/\/daremtec.com\/daremtec\/wp-json\/wp\/v2\/media\/3199"}],"wp:attachment":[{"href":"https:\/\/daremtec.com\/daremtec\/wp-json\/wp\/v2\/media?parent=679"}],"wp:term":[{"taxonomy":"product_cat","embeddable":true,"href":"https:\/\/daremtec.com\/daremtec\/wp-json\/wp\/v2\/product_cat?post=679"},{"taxonomy":"product_tag","embeddable":true,"href":"https:\/\/daremtec.com\/daremtec\/wp-json\/wp\/v2\/product_tag?post=679"}],"curies":[{"name":"wp","href":"https:\/\/api.w.org\/{rel}","templated":true}]}}