{"id":677,"date":"2017-07-22T12:10:09","date_gmt":"2017-07-22T10:10:09","guid":{"rendered":"https:\/\/daremtec.com\/?post_type=product&#038;p=439"},"modified":"2023-01-19T06:30:51","modified_gmt":"2023-01-19T06:30:51","slug":"elements-de-performance-organisationnelle","status":"publish","type":"product","link":"https:\/\/daremtec.com\/daremtec\/produit\/elements-de-performance-organisationnelle\/","title":{"rendered":"El\u00e9ments de performance  organisationnelle"},"content":{"rendered":"<h2>Pr\u00e9sentation de l\u2019atelier<\/h2>\n<p>Cet atelier fournit aux participants les connaissances et les outils de mesure la th\u00e9orie et les outils n\u00e9cessaires pour mesurer la performance de l\u2019organisation. En effet, l\u2019id\u00e9e est d\u2019arrimer la performance des \u00e9quipes, des individus et de la direction \u00e0 l\u2019actualisation de la mission, \u00e0 la mise en \u0153uvre de la vision et \u00e0 la r\u00e9alisation des objectifs strat\u00e9giques de l\u2019entreprise.<\/p>\n<h2>A qui est destin\u00e9 cet atelier ?<\/h2>\n<p>A toute personne d\u00e9sirant acqu\u00e9rir la vision globale de fonctionnement d\u2019une entreprise ou d\u2019une organisation \u00e0 but non lucratif. :<\/p>\n<ul>\n<li>Cadres dirigeants,<\/li>\n<li>Responsable de processus<\/li>\n<li>Porteurs et gestionnaire de projet ou de programmes<\/li>\n<li>Etudiants en Bachelor ou Master en \u00e9conomie et gestion (MBA)<\/li>\n<li>Consultants en entreprise<\/li>\n<\/ul>\n<h2>Objectifs d\u2019apprentissage<\/h2>\n<p>Au terme de cet atelier, les participants pourront:<\/p>\n<ul>\n<li>Appr\u00e9hender les mod\u00e8les et les diff\u00e9rentes approches de d\u00e9termination des indicateurs cl\u00e9s de performance organisationnelle<\/li>\n<li>Identifier et appliquer les mod\u00e8les et les approches les mieux adapt\u00e9s au contexte de l&#8217;organisation qui les emploie<\/li>\n<\/ul>\n<h2>Th\u00e8mes abord\u00e9s<\/h2>\n<ul>\n<li>La gestion des processus en tant que fondement de la gestion organisationnelle<\/li>\n<li>Les m\u00e9thodes et approches de la performance organisationnelle<\/li>\n<li>Comment choisir les indicateurs cl\u00e9s de performance<\/li>\n<li>Le processus d\u2019analyse et la pr\u00e9sentation des donn\u00e9es<\/li>\n<li>La prise des d\u00e9cisions strat\u00e9giques<\/li>\n<li>Quel est l\u2019impact psychologique des m\u00e9triques et quelle est leur cycle de vie ?<\/li>\n<\/ul>\n","protected":false},"excerpt":{"rendered":"<p>Dur\u00e9e:Nombre de participants :<\/p>\n<table class=\"table table-bordered\" border=\"1\">\n<tbody>\n<tr>\n<td>1 journ\u00e9e<\/td>\n<td>12 personnes maximum<\/td>\n<\/tr>\n<\/tbody>\n<\/table>\n","protected":false},"featured_media":3199,"comment_status":"open","ping_status":"closed","template":"","meta":[],"product_cat":[33],"product_tag":[],"class_list":["post-677","product","type-product","status-publish","has-post-thumbnail","hentry","product_cat-ateliers-en-entreprise"],"_links":{"self":[{"href":"https:\/\/daremtec.com\/daremtec\/wp-json\/wp\/v2\/product\/677","targetHints":{"allow":["GET"]}}],"collection":[{"href":"https:\/\/daremtec.com\/daremtec\/wp-json\/wp\/v2\/product"}],"about":[{"href":"https:\/\/daremtec.com\/daremtec\/wp-json\/wp\/v2\/types\/product"}],"replies":[{"embeddable":true,"href":"https:\/\/daremtec.com\/daremtec\/wp-json\/wp\/v2\/comments?post=677"}],"wp:featuredmedia":[{"embeddable":true,"href":"https:\/\/daremtec.com\/daremtec\/wp-json\/wp\/v2\/media\/3199"}],"wp:attachment":[{"href":"https:\/\/daremtec.com\/daremtec\/wp-json\/wp\/v2\/media?parent=677"}],"wp:term":[{"taxonomy":"product_cat","embeddable":true,"href":"https:\/\/daremtec.com\/daremtec\/wp-json\/wp\/v2\/product_cat?post=677"},{"taxonomy":"product_tag","embeddable":true,"href":"https:\/\/daremtec.com\/daremtec\/wp-json\/wp\/v2\/product_tag?post=677"}],"curies":[{"name":"wp","href":"https:\/\/api.w.org\/{rel}","templated":true}]}}