{"id":675,"date":"2017-07-22T12:03:32","date_gmt":"2017-07-22T10:03:32","guid":{"rendered":"https:\/\/daremtec.com\/?post_type=product&#038;p=437"},"modified":"2023-01-19T06:31:59","modified_gmt":"2023-01-19T06:31:59","slug":"douane","status":"publish","type":"product","link":"https:\/\/daremtec.com\/daremtec\/produit\/douane\/","title":{"rendered":"Plan d\u2019Affaires option \u00ab Standard \u00bb"},"content":{"rendered":"<h3>Qu\u2019est ce qu\u2019un plan d\u2019affaires?<\/h3>\n<p style=\"text-align: justify; margin-right: 10px;\"><img loading=\"lazy\" decoding=\"async\" style=\"margin-top: 7px; margin-right: 15px; float: left;\" src=\"https:\/\/daremtec.com\/wp-content\/uploads\/2017\/07\/bp1.jpg\" alt=\"bp1\" width=\"104\" height=\"82\" \/>Un plan d&#8217;affaires est un \u00e9nonc\u00e9 formel de vos intentions en tant qu\u2019entrepreneur (e), il comprend vos objectifs, les raisons pour lesquelles vous croyez qu&#8217;ils sont r\u00e9alisables et votre strat\u00e9gie pour les atteindre. Le plan d\u2019affaire est un document obligatoire pour toute organisation marchande ou non marchande, de toute taille, de la startup \u00e0 la grande entreprise multinationale.<\/p>\n<p style=\"text-align: justify; margin-right: 10px;\">Plus votre plan d\u2019affaires est claire et concis, plus vos chances de communiquer avec vos parties prenantes sont importantes.<\/p>\n<h3>Pourquoi en avez-vous besoin ?<\/h3>\n<p>Les entreprises sont uniques et diff\u00e9rentes et par cons\u00e9quent, le plan d\u2019affaires doit aussi \u00eatre unique.<\/p>\n<p>Que cherchez-vous \u00e0 faire :<\/p>\n<ul>\n<li>Financer vos activit\u00e9s?<\/li>\n<li>Planifier une nouvelle orientation strat\u00e9gique?<\/li>\n<li>Encourager la croissance de l&#8217;entreprise?<\/li>\n<li>Une meilleure allocation de vos ressources ?<\/li>\n<li>Acqu\u00e9rir, transformer ou vendre votre entreprise ?<\/li>\n<li>Communiquer votre vision et votre strat\u00e9gie ?<\/li>\n<li>Cr\u00e9er une nouvelle entreprise ?<\/li>\n<li>Autre motivation ?<\/li>\n<\/ul>\n<h3>Nous pouvons vous accompagner<\/h3>\n<p>Chez Daremtec, nous savons que pour vous, le temps, c\u2019est de l\u2019argent. C\u2019est pourquoi nous vous offrons nos services de r\u00e9daction d\u2019un plan d\u2019affaires efficace enti\u00e8rement, de A \u00e0 Z, afin de vous permettre de mieux vous consacrer au d\u00e9veloppement de votre client\u00e8le.<\/p>\n<p style=\"margin-right: 10px; text-align: center;\"><a href=\"https:\/\/daremtec.com\/contact\/\">Quelque soient vos besoins, contactez-nous aujourd\u2019hui et organisons une consultation gratuite pour \u00e9crire votre plan d\u2019affaires!<\/a><\/p>\n<p style=\"text-align: center;\">\n","protected":false},"excerpt":{"rendered":"<p>Qu\u2019est ce qu\u2019un plan d\u2019affaires? Un plan d&#8217;affaires est un \u00e9nonc\u00e9 formel de vos intentions en tant qu\u2019entrepreneur (e), il comprend vos objectifs, les raisons pour lesquelles vous croyez qu&#8217;ils sont r\u00e9alisables et votre strat\u00e9gie pour les atteindre. Le plan d\u2019affaire est un document obligatoire pour toute organisation marchande ou non marchande, de toute taille,&#8230;<\/p>\n","protected":false},"featured_media":3217,"comment_status":"open","ping_status":"closed","template":"","meta":[],"product_cat":[31],"product_tag":[],"class_list":["post-675","product","type-product","status-publish","has-post-thumbnail","hentry","product_cat-plan-daffaires"],"_links":{"self":[{"href":"https:\/\/daremtec.com\/daremtec\/wp-json\/wp\/v2\/product\/675","targetHints":{"allow":["GET"]}}],"collection":[{"href":"https:\/\/daremtec.com\/daremtec\/wp-json\/wp\/v2\/product"}],"about":[{"href":"https:\/\/daremtec.com\/daremtec\/wp-json\/wp\/v2\/types\/product"}],"replies":[{"embeddable":true,"href":"https:\/\/daremtec.com\/daremtec\/wp-json\/wp\/v2\/comments?post=675"}],"wp:featuredmedia":[{"embeddable":true,"href":"https:\/\/daremtec.com\/daremtec\/wp-json\/wp\/v2\/media\/3217"}],"wp:attachment":[{"href":"https:\/\/daremtec.com\/daremtec\/wp-json\/wp\/v2\/media?parent=675"}],"wp:term":[{"taxonomy":"product_cat","embeddable":true,"href":"https:\/\/daremtec.com\/daremtec\/wp-json\/wp\/v2\/product_cat?post=675"},{"taxonomy":"product_tag","embeddable":true,"href":"https:\/\/daremtec.com\/daremtec\/wp-json\/wp\/v2\/product_tag?post=675"}],"curies":[{"name":"wp","href":"https:\/\/api.w.org\/{rel}","templated":true}]}}