{"id":1008,"date":"2017-09-15T20:36:36","date_gmt":"2017-09-15T20:36:36","guid":{"rendered":"https:\/\/daremtec.com\/?post_type=product&#038;p=1008"},"modified":"2023-01-23T09:05:52","modified_gmt":"2023-01-23T09:05:52","slug":"etude-de-faisabilite","status":"publish","type":"product","link":"https:\/\/daremtec.com\/daremtec\/produit\/etude-de-faisabilite\/","title":{"rendered":"ETUDE DE FAISABILIT\u00c9"},"content":{"rendered":"<div class=\"entry-content\">\n<h3>Qu\u2019est ce qu\u2019une \u00e9tude de faisabilit\u00e9<\/h3>\n<p style=\"text-align: justify; margin-right: 10px;\"><img decoding=\"async\" style=\"margin-top: 20px; margin-right: 15px; margin-bottom: 10px; float: left;\" src=\"https:\/\/daremtec.com\/wp-content\/uploads\/2017\/07\/feasi.jpg\" alt=\"fais1\" width=\"30%\" \/>L\u2019\u00e9tude de faisabilit\u00e9, comme son nom l\u2019indique, est une analyse syst\u00e9matique de la viabilit\u00e9 d\u2019un projet. Elle est requise chaque fois que l\u2019on sollicite l\u2019apport des ressources, avant d\u2019entrer en mati\u00e8re, les investisseurs vont examiner toutes les hypoth\u00e8ses qui ont \u00e9t\u00e9 utilis\u00e9es, puis de quantifier les risques d\u2019\u00e9chec.<\/p>\n<p>Chez Daremtec, notre \u00e9quipe est compos\u00e9e de consultants ind\u00e9pendants qui \u00e9value de mani\u00e8re objective les potentialit\u00e9s de votre projet afin de s\u2019assurer que votre vision est r\u00e9aliste, finan\u00e7able et \u00e9conomiquement viable. Nos clients sont des startups, des entreprises de taille moyenne et des organisations \u00e0 but non lucratif.<\/p>\n<h3>Pourquoi avez-vous besoin d\u2019une \u00e9tude de faisabilit\u00e9?<\/h3>\n<p>Nous avons la volont\u00e9 de vous accompagner si vous vous posez les questions suivantes:<\/p>\n<ul>\n<li>Quelle est la valeur marchande mon entreprise?<\/li>\n<li>Quelle serait cette valeur en cas de vente ou de transformation ?<\/li>\n<li>Comment s\u2019adapter \u00e0 l\u2019\u00e9volution du march\u00e9 ?<\/li>\n<li>Comment am\u00e9liorer la rentabilit\u00e9 ?<\/li>\n<li>Comment am\u00e9liorer les ressources financi\u00e8res et la rentabilit\u00e9 ?<\/li>\n<li>Quelles sont les lacunes qui m\u2019emp\u00eachent de faire cela?<\/li>\n<li>Comment prendre une d\u00e9cision efficace ?<\/li>\n<li>Comment conserver les clients?<\/li>\n<li>Comment conserver mes employ\u00e9s qualifi\u00e9s?<\/li>\n<\/ul>\n<h3>Nos solutions :<\/h3>\n<ul>\n<li>Analyse du march\u00e9 (taille, partie de march\u00e9 projet\u00e9e)<\/li>\n<li>Analyse de la concurrence<\/li>\n<li>Analyse financi\u00e8re (exigences de fonds propres, projections de revenus, etc.)<\/li>\n<li>Test et validation de votre projet et vos alternatives possibles.<\/li>\n<li>Plan d\u2019action.<\/li>\n<\/ul>\n<p>Laissez-nous produire une analyse ind\u00e9pendante et objective de la faisabilit\u00e9 de votre ou des alternatives conduiant \u00e0 la d\u00e9cision de continuation ou d\u2019abandon \u00abGO ou NO GO\u00bb.<\/p>\n<p><center><a href=\"https:\/\/daremtec.com\/contact\/\">Contactez-nous aujourd\u2019hui et r\u00e9servez votre consultation gratuite<\/a><\/center><\/div>\n","protected":false},"excerpt":{"rendered":"<p>R\u00e9alisation compl\u00e8te de l&#8217;\u00e9tude de faisabilit\u00e9.<\/p>\n<p>Le but de nos \u00e9tudes de faisabilit\u00e9 est de tester la viabilit\u00e9 de votre investissement.<\/p>\n","protected":false},"featured_media":3196,"comment_status":"open","ping_status":"closed","template":"","meta":[],"product_cat":[42],"product_tag":[],"class_list":["post-1008","product","type-product","status-publish","has-post-thumbnail","hentry","product_cat-thourough-diagnosis-en"],"_links":{"self":[{"href":"https:\/\/daremtec.com\/daremtec\/wp-json\/wp\/v2\/product\/1008","targetHints":{"allow":["GET"]}}],"collection":[{"href":"https:\/\/daremtec.com\/daremtec\/wp-json\/wp\/v2\/product"}],"about":[{"href":"https:\/\/daremtec.com\/daremtec\/wp-json\/wp\/v2\/types\/product"}],"replies":[{"embeddable":true,"href":"https:\/\/daremtec.com\/daremtec\/wp-json\/wp\/v2\/comments?post=1008"}],"wp:featuredmedia":[{"embeddable":true,"href":"https:\/\/daremtec.com\/daremtec\/wp-json\/wp\/v2\/media\/3196"}],"wp:attachment":[{"href":"https:\/\/daremtec.com\/daremtec\/wp-json\/wp\/v2\/media?parent=1008"}],"wp:term":[{"taxonomy":"product_cat","embeddable":true,"href":"https:\/\/daremtec.com\/daremtec\/wp-json\/wp\/v2\/product_cat?post=1008"},{"taxonomy":"product_tag","embeddable":true,"href":"https:\/\/daremtec.com\/daremtec\/wp-json\/wp\/v2\/product_tag?post=1008"}],"curies":[{"name":"wp","href":"https:\/\/api.w.org\/{rel}","templated":true}]}}