{"id":657,"date":"2023-01-18T13:15:18","date_gmt":"2023-01-18T13:15:18","guid":{"rendered":"https:\/\/daremtec.com\/daremtec\/?page_id=657"},"modified":"2023-01-18T13:15:59","modified_gmt":"2023-01-18T13:15:59","slug":"conduite-du-changement","status":"publish","type":"page","link":"https:\/\/daremtec.com\/daremtec\/conduite-du-changement\/","title":{"rendered":"Conduite du changement"},"content":{"rendered":"<section class=\"l-section wpb_row height_small\"><div class=\"l-section-h i-cf\"><div class=\"g-cols vc_row via_flex valign_top type_default stacking_default\"><div class=\"vc_col-sm-12 wpb_column vc_column_container\"><div class=\"vc_column-inner\"><div class=\"wpb_wrapper\">[vc_custom_heading text=&#8221;Conduite du changement&#8221; font_container=&#8221;tag:h1|text_align:center&#8221; use_theme_fonts=&#8221;yes&#8221; el_class=&#8221;cus-center-tag&#8221; css=&#8221;%7B%22default%22%3A%7B%22margin-bottom%22%3A%2230px%22%7D%7D&#8221;][vc_custom_heading text=&#8221;Pr\u00e9sentation de l\u2019atelier&#8221; font_container=&#8221;tag:h6|text_align:left&#8221; use_theme_fonts=&#8221;yes&#8221; css=&#8221;%7B%22default%22%3A%7B%22margin-bottom%22%3A%2230px%22%7D%7D&#8221;]<div class=\"wpb_text_column us_custom_92c76180\"><div class=\"wpb_wrapper\"><p>Cet atelier offre aux participants un cadre et des outils pour piloter le changement organisationnel. L\u2019accent est mis sur la pose du diagnostic organisationnelle et sur les modalit\u00e9s d\u2019intervention du consultant.<\/p>\n<\/div><\/div>[vc_custom_heading text=&#8221;A qui est destin\u00e9 cet atelier ?&#8221; font_container=&#8221;tag:h6|text_align:left&#8221; use_theme_fonts=&#8221;yes&#8221; css=&#8221;%7B%22default%22%3A%7B%22margin-bottom%22%3A%2230px%22%7D%7D&#8221;]<div class=\"wpb_text_column us_custom_92c76180\"><div class=\"wpb_wrapper\"><p>A toute personne d\u00e9sirant acqu\u00e9rir la vision globale de fonctionnement d\u2019une entreprise ou d\u2019une organisation \u00e0 but non lucratif. :<\/p>\n<ul class=\"cus-values-ul\">\n<li>Cadres dirigeants,<\/li>\n<li>Responsable de processus<\/li>\n<li>Porteurs et gestionnaire de projet ou de programmes<\/li>\n<li>Etudiants en Bachelor ou Master en \u00e9conomie et gestion (MBA)<\/li>\n<li>Consultants en entreprise<\/li>\n<\/ul>\n<\/div><\/div>[vc_custom_heading text=&#8221;Objectifs d\u2019apprentissage&#8221; font_container=&#8221;tag:h6|text_align:left&#8221; use_theme_fonts=&#8221;yes&#8221; css=&#8221;%7B%22default%22%3A%7B%22margin-bottom%22%3A%2230px%22%7D%7D&#8221;]<div class=\"wpb_text_column us_custom_92c76180\"><div class=\"wpb_wrapper\"><p>Au terme de cet atelier, les participants pourront:<\/p>\n<ul class=\"cus-values-ul\">\n<li>Comprendre le besoin de changement et les \u00e9tapes cl\u00e9s<\/li>\n<li>Comprendre les causes et la nature des r\u00e9sistances<\/li>\n<li>Conduire l\u2019analyse aux niveaux individuel, collectif et syst\u00e9mique<\/li>\n<li>Mieux anticiper les risques, argumenter et communiquer<\/li>\n<li>Impliquer tous les acteurs<\/li>\n<li>Mettre en place le changement et le piloter<\/li>\n<\/ul>\n<p>D\u00e9montrer de l\u2019agilit\u00e9 et de la r\u00e9silience pour motiver les autres \u00e0 suivre toute initiative de changement<\/p>\n<\/div><\/div>[vc_custom_heading text=&#8221;Th\u00e8mes abord\u00e9s&#8221; font_container=&#8221;tag:h6|text_align:left&#8221; use_theme_fonts=&#8221;yes&#8221; css=&#8221;%7B%22default%22%3A%7B%22margin-bottom%22%3A%2230px%22%7D%7D&#8221;]<div class=\"wpb_text_column us_custom_92c76180\"><div class=\"wpb_wrapper\"><ul class=\"cus-values-ul\">\n<li>Fondamentaux de la conduite du changement<\/li>\n<li>Gestion des hommes et des r\u00e9sistances<\/li>\n<li>Elaboration du projet du changement<\/li>\n<li>Communication et mise en \u0153uvre du projet de conduite du changement<\/li>\n<li>La cellule de conduite du changement et sa d\u00e9marche d\u2019intervention<\/li>\n<\/ul>\n<\/div><\/div><div class=\"w-html\"><table class=\"table table-bordered\" border=\"1\">\n<tbody><tr><th>Dur\u00e9e: <\/th>\n<th>Prix:<\/th>\n<th>Nombre de participants :<\/th>\n<th rowspan=\"2\" valign=\"center\"><a href=\"index.php\/fr\/conduite-du-changement\">Achetez cet atelier<\/a><\/th>\n<\/tr><tr>\n<td>3 jours<\/td>\n<td>CHF 2\u2019990.-<br>\nPar personne<\/td>\n<td>12 personnes maximum<\/td>\n<\/tr>\n<\/tbody><\/table><\/div><\/div><\/div><\/div><\/div><\/div><\/section>\n","protected":false},"excerpt":{"rendered":"[vc_custom_heading text=\"Conduite du changement\" font_container=\"tag:h1|text_align:center\" use_theme_fonts=\"yes\" el_class=\"cus-center-tag\" css=\"%7B%22default%22%3A%7B%22margin-bottom%22%3A%2230px%22%7D%7D\"][vc_custom_heading text=\"Pr\u00e9sentation de l\u2019atelier\" font_container=\"tag:h6|text_align:left\" use_theme_fonts=\"yes\" css=\"%7B%22default%22%3A%7B%22margin-bottom%22%3A%2230px%22%7D%7D\"]Cet atelier offre aux participants un cadre et des outils pour piloter le changement organisationnel. L\u2019accent est mis sur la pose du diagnostic organisationnelle et sur les modalit\u00e9s d\u2019intervention du consultant. [vc_custom_heading text=\"A qui est destin\u00e9 cet atelier ?\" font_container=\"tag:h6|text_align:left\" use_theme_fonts=\"yes\" css=\"%7B%22default%22%3A%7B%22margin-bottom%22%3A%2230px%22%7D%7D\"]A...","protected":false},"author":1,"featured_media":0,"parent":0,"menu_order":0,"comment_status":"closed","ping_status":"closed","template":"","meta":{"footnotes":""},"class_list":["post-657","page","type-page","status-publish","hentry"],"_links":{"self":[{"href":"https:\/\/daremtec.com\/daremtec\/wp-json\/wp\/v2\/pages\/657","targetHints":{"allow":["GET"]}}],"collection":[{"href":"https:\/\/daremtec.com\/daremtec\/wp-json\/wp\/v2\/pages"}],"about":[{"href":"https:\/\/daremtec.com\/daremtec\/wp-json\/wp\/v2\/types\/page"}],"author":[{"embeddable":true,"href":"https:\/\/daremtec.com\/daremtec\/wp-json\/wp\/v2\/users\/1"}],"replies":[{"embeddable":true,"href":"https:\/\/daremtec.com\/daremtec\/wp-json\/wp\/v2\/comments?post=657"}],"version-history":[{"count":1,"href":"https:\/\/daremtec.com\/daremtec\/wp-json\/wp\/v2\/pages\/657\/revisions"}],"predecessor-version":[{"id":658,"href":"https:\/\/daremtec.com\/daremtec\/wp-json\/wp\/v2\/pages\/657\/revisions\/658"}],"wp:attachment":[{"href":"https:\/\/daremtec.com\/daremtec\/wp-json\/wp\/v2\/media?parent=657"}],"curies":[{"name":"wp","href":"https:\/\/api.w.org\/{rel}","templated":true}]}}