{"id":513,"date":"2023-01-18T05:57:21","date_gmt":"2023-01-18T05:57:21","guid":{"rendered":"https:\/\/daremtec.com\/daremtec\/?page_id=513"},"modified":"2023-01-18T07:10:49","modified_gmt":"2023-01-18T07:10:49","slug":"aaaaaaaaaaaaaaaaaa","status":"publish","type":"page","link":"https:\/\/daremtec.com\/daremtec\/aaaaaaaaaaaaaaaaaa\/","title":{"rendered":"aaaaaaaaaaaaaaaaaa"},"content":{"rendered":"<section class=\"l-section wpb_row height_small\"><div class=\"l-section-h i-cf\"><div class=\"g-cols vc_row via_flex valign_top type_default stacking_default\"><div class=\"vc_col-sm-12 wpb_column vc_column_container\"><div class=\"vc_column-inner\"><div class=\"wpb_wrapper\">[vc_custom_heading text=&#8221;aaaaaaaaaaaaaaaaaa&#8221; font_container=&#8221;tag:h1|text_align:center&#8221; use_theme_fonts=&#8221;yes&#8221; el_class=&#8221;cus-center-tag&#8221; css=&#8221;%7B%22default%22%3A%7B%22margin-bottom%22%3A%2230px%22%7D%7D&#8221;]<div class=\"wpb_text_column us_custom_92c76180\"><div class=\"wpb_wrapper\"><p class=\"western\" lang=\"fr-CH\">Je vous remercie d\u2019avoir t\u00e9l\u00e9charg\u00e9 notre plan d\u00e9taill\u00e9 de r\u00e9daction de Business plan il y a quelque temps. Comme vous avez pu v\u00e9rifier par vous-m\u00eame, \u00e9crire un plan d\u2019affaires n\u2019est pas une t\u00e2che simple, pour vous garantir le succ\u00e8s, laissez-nous vous accompagner d\u00e8s r\u00e9ception de ce message.<\/p>\n<p class=\"western\" lang=\"fr-CH\">Veuillez-nous communiquer vos besoins en\u00a0:<\/p>\n<\/div><\/div><div class=\"wpb_text_column us_custom_92c76180\"><div class=\"wpb_wrapper\"><ul class=\"cus-values-ul\">\n<li>R\u00e9daction de business-plan<\/li>\n<li>Recherche de financement participatif ou d\u2019investisseurs potentiels<\/li>\n<li>Formation en management<\/li>\n<li>En contr\u00f4le de gestion ou autre question organisationnelle.<\/li>\n<\/ul>\n<\/div><\/div><div class=\"wpb_text_column us_custom_92c76180\"><div class=\"wpb_wrapper\"><p class=\"western\" lang=\"fr-CH\">Pourrions-nous rentrer en contact\u00a0cette semaine pour r\u00e9fl\u00e9chir\u00a0sur la mani\u00e8re dont vous voyez les choses et pour que je puisse vous expliquer\u00a0les points o\u00f9 nous pourrions vous aider\u00a0?<\/p>\n<p class=\"western\" lang=\"fr-CH\">Pour vous \u00eatre agr\u00e9able, nous r\u00e9pondons\u00a0<b>gratuitement \u00e0 vos questions\u00a0:<\/b><\/p>\n<\/div><\/div><div class=\"wpb_text_column us_custom_92c76180\"><div class=\"wpb_wrapper\"><ul class=\"cus-values-ul\">\n<li>sur notre blog \u00e0 toutes vos questions sur votre strat\u00e9gie commerciale et son pilotage sur la page suivante\u00a0:<a href=\"https:\/\/daremtec.com\/daremtec\/blog\/\">\u00a0https:\/\/daremtec.com\/blog\/<\/a><\/li>\n<li><a href=\"https:\/\/www.facebook.com\/groups\/188379628550901\/?mibextid=HsNCOg\"><b>demander \u00e0 joindre notre groupe Facebook \u00ab\u00a0Daremtec \u2013 T\u00e9moignages et retours d\u2019exp\u00e9rience pour r\u00e9ussir vos projets\u00a0\u00bb<\/b><\/a><\/li>\n<\/ul>\n<\/div><\/div><div class=\"wpb_text_column us_custom_92c76180\"><div class=\"wpb_wrapper\"><p>Dans l\u2019attente du plaisir de recevoir votre prochain contact, les membres de mon \u00e9quipe et moi-m\u00eame vous adressons nos cordiales salutations.<br \/>\nJean Binyet<br \/>\nEconomiste-conseil<br \/>\n<a class=\"western\" href=\"mailto:jeanbinyet@daremtec.com\">jeanbinyet@daremtec.com<\/a><br \/>\nCet email est adress\u00e9 \u00e0 email@adresse.ch<\/p>\n<\/div><\/div><div class=\"w-html\"><table border=\"1px;\" cellspacing=\"0\">\n<tbody>\n<tr>\n<td>Cet email est adress\u00e9 \u00e0 email@adresse.ch<p><\/p>\n<table style=\"margin-left: 10px; margin-right: 10px;\" border=\"1px;\" cellspacing=\"0\">\n<tbody>\n<tr>\n<td width=\"50%\" height=\"20px\">Pourquoi recevez-vous cet email&nbsp;?<\/td>\n<td width=\"50%\" height=\"20px\"><a href=\"https:\/\/daremtec.com\/daremtec\/se-desabonner\/\">Se d\u00e9sabonner<\/a><\/td>\n<\/tr>\n<\/tbody>\n<\/table>\n<p>1. Daremtec, Avenue Louis-Casa\u00ef 81, 1216 Cointrin,&nbsp;Suisse<\/p><\/td>\n<\/tr>\n<\/tbody>\n<\/table><\/div><\/div><\/div><\/div><\/div><\/div><\/section>\n","protected":false},"excerpt":{"rendered":"[vc_custom_heading text=\"aaaaaaaaaaaaaaaaaa\" font_container=\"tag:h1|text_align:center\" use_theme_fonts=\"yes\" el_class=\"cus-center-tag\" css=\"%7B%22default%22%3A%7B%22margin-bottom%22%3A%2230px%22%7D%7D\"] Je vous remercie d\u2019avoir t\u00e9l\u00e9charg\u00e9 notre plan d\u00e9taill\u00e9 de r\u00e9daction de Business plan il y a quelque temps. Comme vous avez pu v\u00e9rifier par vous-m\u00eame, \u00e9crire un plan d\u2019affaires n\u2019est pas une t\u00e2che simple, pour vous garantir le succ\u00e8s, laissez-nous vous accompagner d\u00e8s r\u00e9ception de ce message. Veuillez-nous communiquer...","protected":false},"author":1,"featured_media":0,"parent":0,"menu_order":0,"comment_status":"closed","ping_status":"closed","template":"","meta":{"footnotes":""},"class_list":["post-513","page","type-page","status-publish","hentry"],"_links":{"self":[{"href":"https:\/\/daremtec.com\/daremtec\/wp-json\/wp\/v2\/pages\/513","targetHints":{"allow":["GET"]}}],"collection":[{"href":"https:\/\/daremtec.com\/daremtec\/wp-json\/wp\/v2\/pages"}],"about":[{"href":"https:\/\/daremtec.com\/daremtec\/wp-json\/wp\/v2\/types\/page"}],"author":[{"embeddable":true,"href":"https:\/\/daremtec.com\/daremtec\/wp-json\/wp\/v2\/users\/1"}],"replies":[{"embeddable":true,"href":"https:\/\/daremtec.com\/daremtec\/wp-json\/wp\/v2\/comments?post=513"}],"version-history":[{"count":5,"href":"https:\/\/daremtec.com\/daremtec\/wp-json\/wp\/v2\/pages\/513\/revisions"}],"predecessor-version":[{"id":577,"href":"https:\/\/daremtec.com\/daremtec\/wp-json\/wp\/v2\/pages\/513\/revisions\/577"}],"wp:attachment":[{"href":"https:\/\/daremtec.com\/daremtec\/wp-json\/wp\/v2\/media?parent=513"}],"curies":[{"name":"wp","href":"https:\/\/api.w.org\/{rel}","templated":true}]}}