{"id":387,"date":"2023-01-17T09:20:52","date_gmt":"2023-01-17T09:20:52","guid":{"rendered":"https:\/\/daremtec.com\/daremtec\/?page_id=387"},"modified":"2023-01-17T11:19:00","modified_gmt":"2023-01-17T11:19:00","slug":"solutions-de-business-intelligence-offres","status":"publish","type":"page","link":"https:\/\/daremtec.com\/daremtec\/solutions-de-business-intelligence-offres\/","title":{"rendered":"solutions-de-business-intelligence-offres"},"content":{"rendered":"<section class=\"l-section wpb_row height_small\"><div class=\"l-section-h i-cf\"><div class=\"g-cols vc_row via_flex valign_top type_default stacking_default\"><div class=\"vc_col-sm-12 wpb_column vc_column_container\"><div class=\"vc_column-inner\"><div class=\"wpb_wrapper\">[vc_custom_heading text=&#8221;Solution puissante de visualisation des donn\u00e9es au meilleur prix&#8221; font_container=&#8221;tag:h1|text_align:center&#8221; use_theme_fonts=&#8221;yes&#8221; el_class=&#8221;cus-center-tag&#8221;]<\/div><\/div><\/div><\/div><\/div><\/section><section class=\"l-section wpb_row height_small\"><div class=\"l-section-h i-cf\"><div class=\"g-cols vc_row via_flex valign_top type_default stacking_default\"><div class=\"vc_col-sm-12 wpb_column vc_column_container\"><div class=\"vc_column-inner\"><div class=\"wpb_wrapper\"><div class=\"w-image align_center\"><div class=\"w-image-h\"><img loading=\"lazy\" decoding=\"async\" width=\"471\" height=\"316\" src=\"https:\/\/daremtec.com\/daremtec\/wp-content\/uploads\/2023\/01\/solutiondefr.png\" class=\"attachment-full size-full\" alt=\"\" srcset=\"https:\/\/daremtec.com\/daremtec\/wp-content\/uploads\/2023\/01\/solutiondefr.png 471w, https:\/\/daremtec.com\/daremtec\/wp-content\/uploads\/2023\/01\/solutiondefr-300x201.png 300w\" sizes=\"auto, (max-width: 471px) 100vw, 471px\" \/><\/div><\/div>[vc_custom_heading text=&#8221;Choisissez le plan de visualisation de donn\u00e9es qui vous convient:&#8221; font_container=&#8221;tag:h6|text_align:center&#8221; use_theme_fonts=&#8221;yes&#8221;]<div class=\"g-cols wpb_row us_custom_af6a9b6a cus-bussbess-section via_flex valign_top type_default stacking_default\"><div class=\"vc_col-sm-3 wpb_column vc_column_container\"><div class=\"vc_column-inner\"><div class=\"wpb_wrapper\">[vc_custom_heading text=&#8221;Professional Cloud&#8221; font_container=&#8221;tag:h5|text_align:center&#8221; use_theme_fonts=&#8221;yes&#8221; css=&#8221;%7B%22default%22%3A%7B%22font-weight%22%3A%22700%22%7D%7D&#8221;]<div class=\"wpb_text_column\"><div class=\"wpb_wrapper\"><p style=\"text-align: center;\">$30 Il est h\u00e9berg\u00e9 dans le Cloud. Id\u00e9al pour les utilisateurs Excel ou pour se connecter \u00e0 la plupart des sources de donn\u00e9es.Construction illimit\u00e9e de tableaux de bord<\/p>\n<ul class=\"cus-values-ul\">\n<li>100+ Chartes et graphiques<\/li>\n<li>Connectivit\u00e9 Excel<\/li>\n<li>Intelligence Interactive<\/li>\n<li>Interactive Intelligence<\/li>\n<li>Cartographie<\/li>\n<li>Support technique en direct<\/li>\n<\/ul>\n<\/div><\/div><div class=\"w-btn-wrapper align_none\"><a class=\"w-btn us-btn-style_1 icon_atright\" title=\"Contact\" href=\"https:\/\/daremtec.com\/daremtec\/contact\/\"><span class=\"w-btn-label\">Contactez-nous<\/span><i class=\"fas fa-fas fa-angle-right\"><\/i><\/a><\/div><\/div><\/div><\/div><div class=\"vc_col-sm-3 wpb_column vc_column_container\"><div class=\"vc_column-inner\"><div class=\"wpb_wrapper\">[vc_custom_heading text=&#8221;Enterprise On-Premises&#8221; font_container=&#8221;tag:h5|text_align:center&#8221; use_theme_fonts=&#8221;yes&#8221; css=&#8221;%7B%22default%22%3A%7B%22font-weight%22%3A%22700%22%7D%7D&#8221;]<div class=\"wpb_text_column\"><div class=\"wpb_wrapper\"><p style=\"text-align: center;\">$40 Par utilisateur et par mois Il r\u00e9side sur votre serveur, derri\u00e8re votre pare-feu, et fait partie int\u00e9grante de votre infrastructure informatique.Pour les professionnels<\/p>\n<ul class=\"cus-values-ul\">\n<li>Connectivit\u00e9 de base de donn\u00e9es<\/li>\n<li>Outil Data Hub \/ ETL<\/li>\n<li>Alertes en temps r\u00e9el<\/li>\n<li>Rapports programm\u00e9s<\/li>\n<li>30+ Param\u00e8tres du syst\u00e8me personnalis\u00e9<\/li>\n<li>s\u00e9curis\u00e9 derri\u00e8re votre pare-feu<\/li>\n<\/ul>\n<\/div><\/div><div class=\"w-btn-wrapper align_none\"><a class=\"w-btn us-btn-style_1 icon_atright\" title=\"Contact\" href=\"https:\/\/daremtec.com\/daremtec\/contact\/\"><span class=\"w-btn-label\">Contactez-nous<\/span><i class=\"fas fa-fas fa-angle-right\"><\/i><\/a><\/div><\/div><\/div><\/div><div class=\"vc_col-sm-3 wpb_column vc_column_container\"><div class=\"vc_column-inner\"><div class=\"wpb_wrapper\">[vc_custom_heading text=&#8221;Enterprise Hosted&#8221; font_container=&#8221;tag:h5|text_align:center&#8221; use_theme_fonts=&#8221;yes&#8221; css=&#8221;%7B%22default%22%3A%7B%22font-weight%22%3A%22700%22%7D%7D&#8221;]<div class=\"wpb_text_column\"><div class=\"wpb_wrapper\"><p style=\"text-align: center;\">$40 Par utilisateur et par mois Il r\u00e9side sur votre serveur, derri\u00e8re votre pare-feu, et fait partie int\u00e9grante de votre infrastructure informatique.Pour les professionnels<\/p>\n<ul class=\"cus-values-ul\">\n<li>Connectivit\u00e9 de base de donn\u00e9es<\/li>\n<li>Outil Data Hub \/ ETL<\/li>\n<li>Alertes en temps r\u00e9el<\/li>\n<li>Rapports programm\u00e9s<\/li>\n<li>30+ Param\u00e8tres du syst\u00e8me personnalis\u00e9<\/li>\n<li>H\u00e9berg\u00e9 dans le Cloud<\/li>\n<\/ul>\n<\/div><\/div><div class=\"w-btn-wrapper align_none\"><a class=\"w-btn us-btn-style_1 icon_atright\" title=\"Contact\" href=\"https:\/\/daremtec.com\/daremtec\/contact\/\"><span class=\"w-btn-label\">Contactez-nous<\/span><i class=\"fas fa-fas fa-angle-right\"><\/i><\/a><\/div><\/div><\/div><\/div><div class=\"vc_col-sm-3 wpb_column vc_column_container\"><div class=\"vc_column-inner\"><div class=\"wpb_wrapper\">[vc_custom_heading text=&#8221;30 JOURS D&#8217;ESSAI&#8221; font_container=&#8221;tag:h5|text_align:center&#8221; use_theme_fonts=&#8221;yes&#8221; css=&#8221;%7B%22default%22%3A%7B%22font-weight%22%3A%22700%22%7D%7D&#8221;]<div class=\"wpb_text_column\"><div class=\"wpb_wrapper\"><p style=\"text-align: center;\">Gratuit Il r\u00e9side sur votre serveur, derri\u00e8re votre pare-feu, et fait partie int\u00e9grante de votre infrastructure informatique..Pas besoin de votre carte de cr\u00e9dit<\/p>\n<ul class=\"cus-values-ul\">\n<li>B\u00e9n\u00e9fices &amp; caract\u00e9ristiques<\/li>\n<li>Enterprise On Premises<\/li>\n<li>Avec toutes les fonctions<\/li>\n<li>Tableaux de bord illimit\u00e9s<\/li>\n<li>Connection illimit\u00e9e de donn\u00e9es<\/li>\n<li>Inclut aussi<\/li>\n<li>Licence d\u2019affichage mural<\/li>\n<li>Licence pour un nombre illimit\u00e9 de visionneurs sur internet<\/li>\n<\/ul>\n<\/div><\/div><div class=\"w-btn-wrapper align_none\"><a class=\"w-btn us-btn-style_1 icon_atright\" title=\"Contact\" href=\"https:\/\/daremtec.com\/daremtec\/contact\/\"><span class=\"w-btn-label\">Contactez-nous<\/span><i class=\"fas fa-fas fa-angle-right\"><\/i><\/a><\/div><\/div><\/div><\/div><\/div><div class=\"g-cols wpb_row us_custom_0f8f44b7 via_flex valign_top type_default stacking_default\"><div class=\"vc_col-sm-12 wpb_column vc_column_container\"><div class=\"vc_column-inner\"><div class=\"wpb_wrapper\"><div class=\"wpb_text_column us_custom_8d5aa4e2\"><div class=\"wpb_wrapper\"><p style=\"text-align: center;\">Veuillez nous contacter car le prix susmentionn\u00e9s ne sont valables que pour les \u00c9tats-Unis et le Canada. Un minimum de 5 utilisateurs par licence. Des prix sp\u00e9ciaux sont possibles pour les organisations sans but lucratif avec un nombre important d\u2019utilisateur. * Les frais d\u2019installation et d\u2019h\u00e9bergement peuvent varier.<\/p>\n<\/div><\/div><div class=\"w-btn-wrapper align_center\"><a class=\"w-btn us-btn-style_1 icon_atright\" href=\"#\"><span class=\"w-btn-label\">Cliquez ici pour voir des examples de tableaux de bord<\/span><i class=\"fas fa-fas fa-angle-right\"><\/i><\/a><\/div><\/div><\/div><\/div><\/div><\/div><\/div><\/div><\/div><\/div><\/section>\n","protected":false},"excerpt":{"rendered":"[vc_custom_heading text=\"Solution puissante de visualisation des donn\u00e9es au meilleur prix\" font_container=\"tag:h1|text_align:center\" use_theme_fonts=\"yes\" el_class=\"cus-center-tag\"][vc_custom_heading text=\"Choisissez le plan de visualisation de donn\u00e9es qui vous convient:\" font_container=\"tag:h6|text_align:center\" use_theme_fonts=\"yes\"][vc_custom_heading text=\"Professional Cloud\" font_container=\"tag:h5|text_align:center\" use_theme_fonts=\"yes\" css=\"%7B%22default%22%3A%7B%22font-weight%22%3A%22700%22%7D%7D\"]$30 Il est h\u00e9berg\u00e9 dans le Cloud. Id\u00e9al pour les utilisateurs Excel ou pour se connecter \u00e0 la plupart des sources de donn\u00e9es.Construction illimit\u00e9e de tableaux...","protected":false},"author":1,"featured_media":0,"parent":0,"menu_order":0,"comment_status":"closed","ping_status":"closed","template":"","meta":{"footnotes":""},"class_list":["post-387","page","type-page","status-publish","hentry"],"_links":{"self":[{"href":"https:\/\/daremtec.com\/daremtec\/wp-json\/wp\/v2\/pages\/387","targetHints":{"allow":["GET"]}}],"collection":[{"href":"https:\/\/daremtec.com\/daremtec\/wp-json\/wp\/v2\/pages"}],"about":[{"href":"https:\/\/daremtec.com\/daremtec\/wp-json\/wp\/v2\/types\/page"}],"author":[{"embeddable":true,"href":"https:\/\/daremtec.com\/daremtec\/wp-json\/wp\/v2\/users\/1"}],"replies":[{"embeddable":true,"href":"https:\/\/daremtec.com\/daremtec\/wp-json\/wp\/v2\/comments?post=387"}],"version-history":[{"count":8,"href":"https:\/\/daremtec.com\/daremtec\/wp-json\/wp\/v2\/pages\/387\/revisions"}],"predecessor-version":[{"id":423,"href":"https:\/\/daremtec.com\/daremtec\/wp-json\/wp\/v2\/pages\/387\/revisions\/423"}],"wp:attachment":[{"href":"https:\/\/daremtec.com\/daremtec\/wp-json\/wp\/v2\/media?parent=387"}],"curies":[{"name":"wp","href":"https:\/\/api.w.org\/{rel}","templated":true}]}}