{"id":3680,"date":"2023-01-24T12:01:02","date_gmt":"2023-01-24T12:01:02","guid":{"rendered":"https:\/\/daremtec.com\/daremtec\/?page_id=3680"},"modified":"2023-01-24T12:01:02","modified_gmt":"2023-01-24T12:01:02","slug":"pratique-de-la-conversation-anglaise","status":"publish","type":"page","link":"https:\/\/daremtec.com\/daremtec\/pratique-de-la-conversation-anglaise\/","title":{"rendered":"Pratique de la conversation anglaise"},"content":{"rendered":"<section class=\"l-section wpb_row height_small\"><div class=\"l-section-h i-cf\"><div class=\"g-cols vc_row via_flex valign_top type_default stacking_default\"><div class=\"vc_col-sm-12 wpb_column vc_column_container\"><div class=\"vc_column-inner\"><div class=\"wpb_wrapper\">[vc_custom_heading text=&#8221;Pratique de la conversation anglaise&#8221; font_container=&#8221;tag:h1|text_align:center&#8221; use_theme_fonts=&#8221;yes&#8221; el_class=&#8221;cus-center-tag&#8221; css=&#8221;%7B%22default%22%3A%7B%22margin-bottom%22%3A%2230px%22%7D%7D&#8221;]<div class=\"g-cols wpb_row via_flex valign_top type_default stacking_default\"><div class=\"vc_col-sm-12 wpb_column vc_column_container\"><div class=\"vc_column-inner\"><div class=\"wpb_wrapper\">[vc_custom_heading text=&#8221;Pr\u00e9sentation de l\u2019atelier&#8221; font_container=&#8221;tag:h6|text_align:left&#8221; use_theme_fonts=&#8221;yes&#8221; css=&#8221;%7B%22default%22%3A%7B%22margin-bottom%22%3A%2230px%22%7D%7D&#8221;]<div class=\"wpb_text_column us_custom_92c76180\"><div class=\"wpb_wrapper\"><p>Cet atelier pratique de conversation est anim\u00e9 par des professeur (e) s de la langue maternelle anglaise. Il est permet aux participants de progresser rapidement gr\u00e2ce \u00e0 sa flexibilit\u00e9. En effet, les s\u00e9ances se tiennent dans vos locaux et aux heures qui vous conviennent le mieux afin d\u2019\u00e9viter de perturber vos activit\u00e9s quotidiennes. Notre m\u00e9thode est de r\u00e9aliser un \u00e9quilibre entre plusieurs techniques telles que : le\u00e7ons, conversation, \u00e9tudes de cas autour des th\u00e9matiques ou de la situation des participants.<\/p>\n<\/div><\/div><\/div><\/div><\/div><\/div>[vc_custom_heading text=&#8221;A qui est destin\u00e9 cet atelier ?&#8221; font_container=&#8221;tag:h6|text_align:left&#8221; use_theme_fonts=&#8221;yes&#8221; css=&#8221;%7B%22default%22%3A%7B%22margin-bottom%22%3A%2230px%22%7D%7D&#8221;]<div class=\"wpb_text_column us_custom_92c76180\"><div class=\"wpb_wrapper\"><p>Cadres dirigeants, gestionnaire de projet ou de programmes, \u00e9tudiants en Bachelor ou Master, consultants en entreprise, personnes \u00e0 la recherche d\u2019un emploi, personne envisageant un voyage dans un pays anglophone.<\/p>\n<\/div><\/div>[vc_custom_heading text=&#8221;Objectifs d\u2019apprentissage&#8221; font_container=&#8221;tag:h6|text_align:left&#8221; use_theme_fonts=&#8221;yes&#8221; css=&#8221;%7B%22default%22%3A%7B%22margin-bottom%22%3A%2230px%22%7D%7D&#8221;]<div class=\"wpb_text_column us_custom_92c76180\"><div class=\"wpb_wrapper\"><p>Au terme de cet atelier, les participants pourront:<\/p>\n<ul class=\"values-ul\">\n<li>D\u00e9velopper son capital de connaissance linguistique<\/li>\n<li>Am\u00e9liorer sa prononciation et la clart\u00e9 dans son discours<\/li>\n<li>Corriger les erreurs de grammaire et de syntaxe<\/li>\n<li>Se donner confiance et tenir une conversation en anglais sans crainte<\/li>\n<\/ul>\n<p>Le mat\u00e9riel de cours (livres, documents et copies) soutenant les activit\u00e9s d\u2019apprentissage seront fournis par le formateur.<\/p>\n<\/div><\/div><div class=\"w-html\"><table class=\"table table-bordered\" border=\"1\">\n<tbody><tr><th>Dur\u00e9e: <\/th>\n<th>Prix:<\/th>\n<th>Nombre de participants :<\/th>\n<th rowspan=\"2\" valign=\"center\"><a href=\"index.php\/fr\/pratique-de-la-conversation-anglaise\">Achetez cet atelier<\/a><\/th>\n<\/tr><tr>\n<td>15 sessions de 1h.30<\/td>\n<td>CHF 590.-<br>\npar personne<\/td>\n<td>12 personnes maximum<\/td>\n<\/tr>\n<\/tbody><\/table><\/div><\/div><\/div><\/div><\/div><\/div><\/section>\n","protected":false},"excerpt":{"rendered":"[vc_custom_heading text=\"Pratique de la conversation anglaise\" font_container=\"tag:h1|text_align:center\" use_theme_fonts=\"yes\" el_class=\"cus-center-tag\" css=\"%7B%22default%22%3A%7B%22margin-bottom%22%3A%2230px%22%7D%7D\"][vc_custom_heading text=\"Pr\u00e9sentation de l\u2019atelier\" font_container=\"tag:h6|text_align:left\" use_theme_fonts=\"yes\" css=\"%7B%22default%22%3A%7B%22margin-bottom%22%3A%2230px%22%7D%7D\"]Cet atelier pratique de conversation est anim\u00e9 par des professeur (e) s de la langue maternelle anglaise. Il est permet aux participants de progresser rapidement gr\u00e2ce \u00e0 sa flexibilit\u00e9. En effet, les s\u00e9ances se tiennent dans vos locaux et aux...","protected":false},"author":1,"featured_media":0,"parent":0,"menu_order":0,"comment_status":"closed","ping_status":"closed","template":"","meta":{"footnotes":""},"class_list":["post-3680","page","type-page","status-publish","hentry"],"_links":{"self":[{"href":"https:\/\/daremtec.com\/daremtec\/wp-json\/wp\/v2\/pages\/3680","targetHints":{"allow":["GET"]}}],"collection":[{"href":"https:\/\/daremtec.com\/daremtec\/wp-json\/wp\/v2\/pages"}],"about":[{"href":"https:\/\/daremtec.com\/daremtec\/wp-json\/wp\/v2\/types\/page"}],"author":[{"embeddable":true,"href":"https:\/\/daremtec.com\/daremtec\/wp-json\/wp\/v2\/users\/1"}],"replies":[{"embeddable":true,"href":"https:\/\/daremtec.com\/daremtec\/wp-json\/wp\/v2\/comments?post=3680"}],"version-history":[{"count":1,"href":"https:\/\/daremtec.com\/daremtec\/wp-json\/wp\/v2\/pages\/3680\/revisions"}],"predecessor-version":[{"id":3681,"href":"https:\/\/daremtec.com\/daremtec\/wp-json\/wp\/v2\/pages\/3680\/revisions\/3681"}],"wp:attachment":[{"href":"https:\/\/daremtec.com\/daremtec\/wp-json\/wp\/v2\/media?parent=3680"}],"curies":[{"name":"wp","href":"https:\/\/api.w.org\/{rel}","templated":true}]}}