{"id":36,"date":"2023-01-13T10:17:49","date_gmt":"2023-01-13T10:17:49","guid":{"rendered":"https:\/\/daremtec.com\/daremtec\/?page_id=36"},"modified":"2023-01-18T06:31:13","modified_gmt":"2023-01-18T06:31:13","slug":"blog","status":"publish","type":"page","link":"https:\/\/daremtec.com\/daremtec\/blog\/","title":{"rendered":"Blog"},"content":{"rendered":"<section class=\"l-section wpb_row height_small\"><div class=\"l-section-h i-cf\"><div class=\"g-cols vc_row via_flex valign_top type_default stacking_default\"><div class=\"vc_col-sm-12 wpb_column vc_column_container\"><div class=\"vc_column-inner\"><div class=\"wpb_wrapper\">[vc_custom_heading text=&#8221;Blog&#8221; font_container=&#8221;tag:h1|text_align:center&#8221; use_theme_fonts=&#8221;yes&#8221; el_class=&#8221;cus-center-tag&#8221;]<\/div><\/div><\/div><\/div><\/div><\/section><section class=\"l-section wpb_row height_small\"><div class=\"l-section-h i-cf\"><div class=\"g-cols vc_row via_flex valign_top type_default stacking_default\"><div class=\"vc_col-sm-12 wpb_column vc_column_container\"><div class=\"vc_column-inner\"><div class=\"wpb_wrapper\"><div class=\"w-grid type_grid layout_553 cols_3 overflow_hidden\" id=\"us_grid_1\" data-filterable=\"true\"><style>#us_grid_1 .w-grid-item{padding:1rem}#us_grid_1 .w-grid-list{margin:-1rem}.w-grid + #us_grid_1 .w-grid-list,.w-grid-none + #us_grid_1 .w-grid-list{margin-top:1rem}@media (max-width:899px){#us_grid_1 .w-grid-item{width:50%}}@media (max-width:599px){#us_grid_1 .w-grid-list{margin:0}#us_grid_1 .w-grid-item{width:100%;padding:0;margin-bottom:1rem}}.layout_553 .w-grid-item-h{background:var(--color-content-bg);color:var(--color-content-heading);border-radius:0.3rem;box-shadow:0 0.03rem 0.06rem rgba(0,0,0,0.1),0 0.1rem 0.3rem rgba(0,0,0,0.1);transition-duration:0.3s}.no-touch .layout_553 .w-grid-item-h:hover{box-shadow:0 0.12rem 0.24rem rgba(0,0,0,0.1),0 0.4rem 1.2rem rgba(0,0,0,0.15);z-index:4}.layout_553 .usg_vwrapper_1{padding:5% 8% 8% 8%!important}.layout_553 .usg_post_title_1{color:inherit!important;font-size:18px!important;font-weight:500!important}@media (max-width:767px){.layout_553 .usg_post_title_1{font-size:1.2rem!important}}<\/style><div class=\"w-grid-list\">\t<article class=\"w-grid-item size_1x1 post-3780 post type-post status-publish format-standard has-post-thumbnail hentry category-non-classifiee\" data-id=\"3780\">\r\n\t\t<div class=\"w-grid-item-h\">\r\n\t\t\t\t\t\t<div class=\"w-post-elm post_image usg_post_image_1 has_ratio\"><div style=\"padding-bottom:75%\"><\/div><a href=\"https:\/\/daremtec.com\/daremtec\/lentrepreneuriat-inclusif-lurgence-de-formaliser-leconomie-informelle\/\" aria-label=\"L\u2019entrepreneuriat inclusif\u00a0: l\u2019urgence de formaliser  l\u2019\u00e9conomie informelle\u00a0!\"><img loading=\"lazy\" decoding=\"async\" width=\"1024\" height=\"768\" src=\"https:\/\/daremtec.com\/daremtec\/wp-content\/uploads\/2023\/02\/Some-of-my-mba-students-in-Niamey-Niger-Nov-2017-1024x768.jpg\" class=\"attachment-large size-large wp-post-image\" alt=\"\" srcset=\"https:\/\/daremtec.com\/daremtec\/wp-content\/uploads\/2023\/02\/Some-of-my-mba-students-in-Niamey-Niger-Nov-2017-1024x768.jpg 1024w, https:\/\/daremtec.com\/daremtec\/wp-content\/uploads\/2023\/02\/Some-of-my-mba-students-in-Niamey-Niger-Nov-2017-300x225.jpg 300w, https:\/\/daremtec.com\/daremtec\/wp-content\/uploads\/2023\/02\/Some-of-my-mba-students-in-Niamey-Niger-Nov-2017-600x450.jpg 600w\" sizes=\"auto, (max-width: 1024px) 100vw, 1024px\" \/><\/a><\/div><div class=\"w-vwrapper usg_vwrapper_1 align_none valign_top\"><h5 class=\"w-post-elm post_title usg_post_title_1 has_text_color align_left entry-title color_link_inherit\"><a href=\"https:\/\/daremtec.com\/daremtec\/lentrepreneuriat-inclusif-lurgence-de-formaliser-leconomie-informelle\/\">L\u2019entrepreneuriat inclusif\u00a0: l\u2019urgence de formaliser  l\u2019\u00e9conomie informelle\u00a0!<\/a><\/h5><\/div>\t\t<\/div>\r\n\t<\/article>\r\n\t<article class=\"w-grid-item size_1x1 post-3776 post type-post status-publish format-standard has-post-thumbnail hentry category-non-classifiee\" data-id=\"3776\">\r\n\t\t<div class=\"w-grid-item-h\">\r\n\t\t\t\t\t\t<div class=\"w-post-elm post_image usg_post_image_1 has_ratio\"><div style=\"padding-bottom:75%\"><\/div><a href=\"https:\/\/daremtec.com\/daremtec\/lentrepreneuriat-inclusif-une-utopie\/\" aria-label=\"L\u2019entrepreneuriat inclusif, une utopie ?\"><img loading=\"lazy\" decoding=\"async\" width=\"800\" height=\"600\" src=\"https:\/\/daremtec.com\/daremtec\/wp-content\/uploads\/2023\/02\/1673806269698.jpg\" class=\"attachment-large size-large wp-post-image\" alt=\"\" srcset=\"https:\/\/daremtec.com\/daremtec\/wp-content\/uploads\/2023\/02\/1673806269698.jpg 800w, https:\/\/daremtec.com\/daremtec\/wp-content\/uploads\/2023\/02\/1673806269698-300x225.jpg 300w, https:\/\/daremtec.com\/daremtec\/wp-content\/uploads\/2023\/02\/1673806269698-600x450.jpg 600w\" sizes=\"auto, (max-width: 800px) 100vw, 800px\" \/><\/a><\/div><div class=\"w-vwrapper usg_vwrapper_1 align_none valign_top\"><h5 class=\"w-post-elm post_title usg_post_title_1 has_text_color align_left entry-title color_link_inherit\"><a href=\"https:\/\/daremtec.com\/daremtec\/lentrepreneuriat-inclusif-une-utopie\/\">L\u2019entrepreneuriat inclusif, une utopie ?<\/a><\/h5><\/div>\t\t<\/div>\r\n\t<\/article>\r\n\t<article class=\"w-grid-item size_1x1 post-549 post type-post status-publish format-standard has-post-thumbnail hentry category-non-classifiee\" data-id=\"549\">\r\n\t\t<div class=\"w-grid-item-h\">\r\n\t\t\t\t\t\t<div class=\"w-post-elm post_image usg_post_image_1 has_ratio\"><div style=\"padding-bottom:75%\"><\/div><a href=\"https:\/\/daremtec.com\/daremtec\/linjonction-de-faire-du-profit-est-elle-fondee\/\" aria-label=\"L\u2019injonction de faire du profit est-elle fond\u00e9e ?\"><img loading=\"lazy\" decoding=\"async\" width=\"512\" height=\"385\" src=\"https:\/\/daremtec.com\/daremtec\/wp-content\/uploads\/2023\/01\/unnamed.png\" class=\"attachment-large size-large wp-post-image\" alt=\"\" srcset=\"https:\/\/daremtec.com\/daremtec\/wp-content\/uploads\/2023\/01\/unnamed.png 512w, https:\/\/daremtec.com\/daremtec\/wp-content\/uploads\/2023\/01\/unnamed-300x226.png 300w\" sizes=\"auto, (max-width: 512px) 100vw, 512px\" \/><\/a><\/div><div class=\"w-vwrapper usg_vwrapper_1 align_none valign_top\"><h5 class=\"w-post-elm post_title usg_post_title_1 has_text_color align_left entry-title color_link_inherit\"><a href=\"https:\/\/daremtec.com\/daremtec\/linjonction-de-faire-du-profit-est-elle-fondee\/\">L\u2019injonction de faire du profit est-elle fond\u00e9e ?<\/a><\/h5><\/div>\t\t<\/div>\r\n\t<\/article>\r\n\t<article class=\"w-grid-item size_1x1 post-516 post type-post status-publish format-standard has-post-thumbnail hentry category-non-classifiee\" data-id=\"516\">\r\n\t\t<div class=\"w-grid-item-h\">\r\n\t\t\t\t\t\t<div class=\"w-post-elm post_image usg_post_image_1 has_ratio\"><div style=\"padding-bottom:75%\"><\/div><a href=\"https:\/\/daremtec.com\/daremtec\/comment-faire-un-business-plan-agile-en-2023\/\" aria-label=\"Comment faire un business plan agile en 2023 ?\"><img loading=\"lazy\" decoding=\"async\" width=\"980\" height=\"441\" src=\"https:\/\/daremtec.com\/daremtec\/wp-content\/uploads\/2023\/01\/Seminaire-en-Camargue-1-980x441-1.jpg\" class=\"attachment-large size-large wp-post-image\" alt=\"\" srcset=\"https:\/\/daremtec.com\/daremtec\/wp-content\/uploads\/2023\/01\/Seminaire-en-Camargue-1-980x441-1.jpg 980w, https:\/\/daremtec.com\/daremtec\/wp-content\/uploads\/2023\/01\/Seminaire-en-Camargue-1-980x441-1-300x135.jpg 300w, https:\/\/daremtec.com\/daremtec\/wp-content\/uploads\/2023\/01\/Seminaire-en-Camargue-1-980x441-1-600x270.jpg 600w\" sizes=\"auto, (max-width: 980px) 100vw, 980px\" \/><\/a><\/div><div class=\"w-vwrapper usg_vwrapper_1 align_none valign_top\"><h5 class=\"w-post-elm post_title usg_post_title_1 has_text_color align_left entry-title color_link_inherit\"><a href=\"https:\/\/daremtec.com\/daremtec\/comment-faire-un-business-plan-agile-en-2023\/\">Comment faire un business plan agile en 2023 ?<\/a><\/h5><\/div>\t\t<\/div>\r\n\t<\/article>\r\n<\/div><div class=\"w-grid-preloader\"><div class=\"g-preloader type_1\">\r\n\t<div><\/div>\r\n<\/div>\r\n<\/div>\t<div class=\"w-grid-json hidden\" onclick='return {&quot;action&quot;:&quot;us_ajax_grid&quot;,&quot;ajax_url&quot;:&quot;https:\\\/\\\/daremtec.com\\\/daremtec\\\/wp-admin\\\/admin-ajax.php&quot;,&quot;infinite_scroll&quot;:0,&quot;max_num_pages&quot;:1,&quot;pagination&quot;:&quot;none&quot;,&quot;permalink_url&quot;:&quot;https:\\\/\\\/daremtec.com\\\/daremtec\\\/wp-json\\\/wp\\\/v2\\\/pages\\\/36&quot;,&quot;template_vars&quot;:{&quot;columns&quot;:&quot;3&quot;,&quot;exclude_items&quot;:&quot;none&quot;,&quot;img_size&quot;:&quot;default&quot;,&quot;ignore_items_size&quot;:0,&quot;items_layout&quot;:&quot;553&quot;,&quot;items_offset&quot;:&quot;1&quot;,&quot;load_animation&quot;:&quot;none&quot;,&quot;overriding_link&quot;:&quot;none&quot;,&quot;post_id&quot;:36,&quot;query_args&quot;:{&quot;post_type&quot;:[&quot;post&quot;],&quot;post_status&quot;:[&quot;publish&quot;],&quot;posts_per_page&quot;:&quot;9&quot;},&quot;orderby_query_args&quot;:{&quot;orderby&quot;:{&quot;date&quot;:&quot;DESC&quot;}},&quot;type&quot;:&quot;grid&quot;,&quot;us_grid_ajax_index&quot;:1,&quot;us_grid_filter_params&quot;:null,&quot;us_grid_index&quot;:1,&quot;_us_grid_post_type&quot;:&quot;post&quot;}}'><\/div>\r\n\t<\/div><\/div><\/div><\/div><\/div><\/div><\/section>\n","protected":false},"excerpt":{"rendered":"[vc_custom_heading text=\"Comment faire un business plan agile en 2023 ?\" use_theme_fonts=\"yes\"]Jan 3, 2023 Le Business Plan ou plan d\u2019affaires est un document complexe, chronophage, co\u00fbteux et trop normatif pour anticiper le changement dans la r\u00e9alit\u00e9 \u00e9conomique de la future entreprise. C\u2019est pourquoi il est critiqu\u00e9et parfois m\u00eame laiss\u00e9 de c\u00f4t\u00e9 par les th\u00e9oriciens de l\u2019\u00e9cole...","protected":false},"author":1,"featured_media":0,"parent":0,"menu_order":0,"comment_status":"closed","ping_status":"closed","template":"","meta":{"footnotes":""},"class_list":["post-36","page","type-page","status-publish","hentry"],"_links":{"self":[{"href":"https:\/\/daremtec.com\/daremtec\/wp-json\/wp\/v2\/pages\/36","targetHints":{"allow":["GET"]}}],"collection":[{"href":"https:\/\/daremtec.com\/daremtec\/wp-json\/wp\/v2\/pages"}],"about":[{"href":"https:\/\/daremtec.com\/daremtec\/wp-json\/wp\/v2\/types\/page"}],"author":[{"embeddable":true,"href":"https:\/\/daremtec.com\/daremtec\/wp-json\/wp\/v2\/users\/1"}],"replies":[{"embeddable":true,"href":"https:\/\/daremtec.com\/daremtec\/wp-json\/wp\/v2\/comments?post=36"}],"version-history":[{"count":6,"href":"https:\/\/daremtec.com\/daremtec\/wp-json\/wp\/v2\/pages\/36\/revisions"}],"predecessor-version":[{"id":554,"href":"https:\/\/daremtec.com\/daremtec\/wp-json\/wp\/v2\/pages\/36\/revisions\/554"}],"wp:attachment":[{"href":"https:\/\/daremtec.com\/daremtec\/wp-json\/wp\/v2\/media?parent=36"}],"curies":[{"name":"wp","href":"https:\/\/api.w.org\/{rel}","templated":true}]}}