{"id":3398,"date":"2023-01-24T04:59:53","date_gmt":"2023-01-24T04:59:53","guid":{"rendered":"https:\/\/daremtec.com\/daremtec\/?page_id=3398"},"modified":"2023-01-24T05:01:05","modified_gmt":"2023-01-24T05:01:05","slug":"mesure-du-capital-humain-et-intellectuel","status":"publish","type":"page","link":"https:\/\/daremtec.com\/daremtec\/mesure-du-capital-humain-et-intellectuel\/","title":{"rendered":"Mesure du capital humain et intellectuel"},"content":{"rendered":"<section class=\"l-section wpb_row height_small\"><div class=\"l-section-h i-cf\"><div class=\"g-cols vc_row via_flex valign_top type_default stacking_default\"><div class=\"vc_col-sm-12 wpb_column vc_column_container\"><div class=\"vc_column-inner\"><div class=\"wpb_wrapper\">[vc_custom_heading text=&#8221;Mesure du capital humain et intellectuel&#8221; font_container=&#8221;tag:h1|text_align:center&#8221; use_theme_fonts=&#8221;yes&#8221; el_class=&#8221;cus-center-tag&#8221; css=&#8221;%7B%22default%22%3A%7B%22margin-bottom%22%3A%2230px%22%7D%7D&#8221;]<div class=\"g-cols wpb_row via_flex valign_top type_default stacking_default\"><div class=\"vc_col-sm-12 wpb_column vc_column_container\"><div class=\"vc_column-inner\"><div class=\"wpb_wrapper\">[vc_custom_heading text=&#8221;Pr\u00e9sentation de l\u2019atelier&#8221; font_container=&#8221;tag:h6|text_align:left&#8221; use_theme_fonts=&#8221;yes&#8221; css=&#8221;%7B%22default%22%3A%7B%22margin-bottom%22%3A%2230px%22%7D%7D&#8221;]<div class=\"wpb_text_column us_custom_92c76180\"><div class=\"wpb_wrapper\"><p>Cet atelier pr\u00e9pare les participants \u00e0 d\u00e9terminer les indicateurs du d\u00e9veloppement des ressources humaines qui correspondent aux objectifs strat\u00e9giques de leur organisation. Le cours se focalise sur la collecte des donn\u00e9es internes et externes \u00e0 l\u2019organisation afin de mettre en exergue les m\u00e9triques appropri\u00e9es.<\/p>\n<\/div><\/div><\/div><\/div><\/div><\/div>[vc_custom_heading text=&#8221;A qui est destin\u00e9 cet atelier ?&#8221; font_container=&#8221;tag:h6|text_align:left&#8221; use_theme_fonts=&#8221;yes&#8221; css=&#8221;%7B%22default%22%3A%7B%22margin-bottom%22%3A%2230px%22%7D%7D&#8221;]<div class=\"wpb_text_column us_custom_92c76180\"><div class=\"wpb_wrapper\"><p>A toute personne d\u00e9sirant acqu\u00e9rir la vision globale de fonctionnement d\u2019une entreprise ou d\u2019une organisation \u00e0 but non lucratif. :<\/p>\n<ul>\n<li>Cadres dirigeants,<\/li>\n<li>Responsable de processus<\/li>\n<li>Porteurs et gestionnaire de projet ou de programmes<\/li>\n<li>Etudiants en Bachelor ou Master en \u00e9conomie et gestion (MBA)<\/li>\n<li>Consultants en entreprise<\/li>\n<\/ul>\n<\/div><\/div>[vc_custom_heading text=&#8221;Objectifs d\u2019apprentissage&#8221; font_container=&#8221;tag:h6|text_align:left&#8221; use_theme_fonts=&#8221;yes&#8221; css=&#8221;%7B%22default%22%3A%7B%22margin-bottom%22%3A%2230px%22%7D%7D&#8221;]<div class=\"wpb_text_column us_custom_92c76180\"><div class=\"wpb_wrapper\"><p>Au terme de cet atelier, les participants pourront:<\/p>\n<ul class=\"cus-values-ul\">\n<li>Comprendre la th\u00e9orie et la pratique du d\u00e9veloppement des ressources humaines (DDH),<\/li>\n<li>Comprendre comment cette th\u00e9orie s\u2019inscrit dans le contexte plus large de la gestion strat\u00e9gique<\/li>\n<li>Savoir choisir les indicateurs de performance des ressources humaines<\/li>\n<li>Impl\u00e9menter ces m\u00e9triques dans son contexte de travail<\/li>\n<li>\u00catre capable d\u2019\u00e9laborer un tableau de bord RH convainquant<\/li>\n<\/ul>\n<\/div><\/div>[vc_custom_heading text=&#8221;Th\u00e8mes abord\u00e9s&#8221; font_container=&#8221;tag:h6|text_align:left&#8221; use_theme_fonts=&#8221;yes&#8221; css=&#8221;%7B%22default%22%3A%7B%22margin-bottom%22%3A%2230px%22%7D%7D&#8221;]<div class=\"wpb_text_column us_custom_92c76180\"><div class=\"wpb_wrapper\"><ul class=\"cus-values-ul\">\n<li style=\"list-style-type: none;\">\n<ul class=\"cus-values-ul\">\n<li>El\u00e9ments de strat\u00e9gie organisationnelle<\/li>\n<li>M\u00e9thodes et techniques sp\u00e9cifiques \u00e0 la gestion RH<\/li>\n<li>Conduire le changement organisationnel<\/li>\n<\/ul>\n<\/li>\n<\/ul>\n<p>&lt;liImpl\u00e9menter des m\u00e9triques RH qui mobilisent les collaborateurs<\/p>\n<\/div><\/div><div class=\"w-html\"><table class=\"table table-bordered\" border=\"1\">\n<tbody><tr><th>Dur\u00e9e: <\/th>\n<th>Tarif par personne: <\/th>\n<th>Nombre de participants :<\/th>\n<th rowspan=\"2\" valign=\"center\"><a href=\"index.php\/fr\/mesure-du-capital-humain-et-intellectuel\">Achetez cet atelier<\/a><\/th>\n<\/tr><tr>\n<td>1 Day<\/td>\n<td>CHF 1\u2019990.-<br>\nPar personne <\/td>\n<td>12 personnes maximum<\/td>\n<\/tr>\n<\/tbody><\/table><\/div><\/div><\/div><\/div><\/div><\/div><\/section>\n","protected":false},"excerpt":{"rendered":"[vc_custom_heading text=\"Mesure du capital humain et intellectuel\" font_container=\"tag:h1|text_align:center\" use_theme_fonts=\"yes\" el_class=\"cus-center-tag\" css=\"%7B%22default%22%3A%7B%22margin-bottom%22%3A%2230px%22%7D%7D\"][vc_custom_heading text=\"Pr\u00e9sentation de l\u2019atelier\" font_container=\"tag:h6|text_align:left\" use_theme_fonts=\"yes\" css=\"%7B%22default%22%3A%7B%22margin-bottom%22%3A%2230px%22%7D%7D\"]Cet atelier pr\u00e9pare les participants \u00e0 d\u00e9terminer les indicateurs du d\u00e9veloppement des ressources humaines qui correspondent aux objectifs strat\u00e9giques de leur organisation. Le cours se focalise sur la collecte des donn\u00e9es internes et externes \u00e0 l\u2019organisation afin de mettre...","protected":false},"author":1,"featured_media":0,"parent":0,"menu_order":0,"comment_status":"closed","ping_status":"closed","template":"","meta":{"footnotes":""},"class_list":["post-3398","page","type-page","status-publish","hentry"],"_links":{"self":[{"href":"https:\/\/daremtec.com\/daremtec\/wp-json\/wp\/v2\/pages\/3398","targetHints":{"allow":["GET"]}}],"collection":[{"href":"https:\/\/daremtec.com\/daremtec\/wp-json\/wp\/v2\/pages"}],"about":[{"href":"https:\/\/daremtec.com\/daremtec\/wp-json\/wp\/v2\/types\/page"}],"author":[{"embeddable":true,"href":"https:\/\/daremtec.com\/daremtec\/wp-json\/wp\/v2\/users\/1"}],"replies":[{"embeddable":true,"href":"https:\/\/daremtec.com\/daremtec\/wp-json\/wp\/v2\/comments?post=3398"}],"version-history":[{"count":1,"href":"https:\/\/daremtec.com\/daremtec\/wp-json\/wp\/v2\/pages\/3398\/revisions"}],"predecessor-version":[{"id":3399,"href":"https:\/\/daremtec.com\/daremtec\/wp-json\/wp\/v2\/pages\/3398\/revisions\/3399"}],"wp:attachment":[{"href":"https:\/\/daremtec.com\/daremtec\/wp-json\/wp\/v2\/media?parent=3398"}],"curies":[{"name":"wp","href":"https:\/\/api.w.org\/{rel}","templated":true}]}}