{"id":3353,"date":"2023-01-20T13:37:41","date_gmt":"2023-01-20T13:37:41","guid":{"rendered":"https:\/\/daremtec.com\/daremtec\/?page_id=3353"},"modified":"2023-01-20T13:42:52","modified_gmt":"2023-01-20T13:42:52","slug":"gestion-strategique-et-mesure-de-la-performance","status":"publish","type":"page","link":"https:\/\/daremtec.com\/daremtec\/gestion-strategique-et-mesure-de-la-performance\/","title":{"rendered":"Gestion strat\u00e9gique et mesure de la performance"},"content":{"rendered":"<section class=\"l-section wpb_row height_small\"><div class=\"l-section-h i-cf\"><div class=\"g-cols vc_row via_flex valign_top type_default stacking_default\"><div class=\"vc_col-sm-12 wpb_column vc_column_container\"><div class=\"vc_column-inner\"><div class=\"wpb_wrapper\">[vc_custom_heading text=&#8221;Gestion strat\u00e9gique et mesure de la performance&#8221; font_container=&#8221;tag:h1|text_align:left&#8221; use_theme_fonts=&#8221;yes&#8221; css=&#8221;%7B%22default%22%3A%7B%22margin-bottom%22%3A%2230px%22%7D%7D&#8221;]<div class=\"g-cols wpb_row via_flex valign_top type_default stacking_default\"><div class=\"vc_col-sm-12 wpb_column vc_column_container\"><div class=\"vc_column-inner\"><div class=\"wpb_wrapper\">[vc_custom_heading text=&#8221;Pr\u00e9sentation du cours&#8221; font_container=&#8221;tag:h2|text_align:center&#8221; use_theme_fonts=&#8221;yes&#8221; css=&#8221;%7B%22default%22%3A%7B%22margin-bottom%22%3A%2230px%22%7D%7D&#8221; el_class=&#8221;cus-center-tag&#8221;]<div class=\"wpb_text_column us_custom_92c76180\"><div class=\"wpb_wrapper\"><p>Ce cours offre aux participants l\u2019opportunit\u00e9 d\u2019approfondir les fondements th\u00e9oriques de la gestion strat\u00e9gique et de la mesure de la performance organisationnelle. Et ce, dans le contexte actuel de mondialisation et de forte intensit\u00e9 concurrentielle. Cet enseignement met l\u2019accent sur deux outils et syst\u00e8mes de planification et de pilotage strat\u00e9gique, \u00e0 savoir : le Balanced scorecard et la carte strat\u00e9gique qui int\u00e8grent, \u00e0 la fois, des indicateurs cl\u00e9s de performance (KPI) financiers et non financiers.<\/p>\n<\/div><\/div><\/div><\/div><\/div><\/div>[vc_custom_heading text=&#8221;A qui est destin\u00e9 ce cours ?&#8221; font_container=&#8221;tag:h2|text_align:center&#8221; use_theme_fonts=&#8221;yes&#8221; css=&#8221;%7B%22default%22%3A%7B%22margin-bottom%22%3A%2230px%22%7D%7D&#8221; el_class=&#8221;cus-center-tag&#8221;]<div class=\"wpb_text_column us_custom_92c76180\"><div class=\"wpb_wrapper\"><p>A toute personne d\u00e9sirant acqu\u00e9rir la vision globale de fonctionnement d\u2019une entreprise ou d\u2019une organisation \u00e0 but non lucratif. :<\/p>\n<ul class=\"cus-values-ul\">\n<li>Cadres dirigeants,<\/li>\n<li>Porteurs et gestionnaire de projet ou de programmes,<\/li>\n<li>Etudiants en Bachelor ou Master en \u00e9conomie et gestion,<\/li>\n<li>Consultants en entreprise<\/li>\n<\/ul>\n<\/div><\/div>[vc_custom_heading text=&#8221;Objectifs d\u2019apprentissage&#8221; font_container=&#8221;tag:h2|text_align:center&#8221; use_theme_fonts=&#8221;yes&#8221; css=&#8221;%7B%22default%22%3A%7B%22margin-bottom%22%3A%2230px%22%7D%7D&#8221; el_class=&#8221;cus-center-tag&#8221;]<div class=\"wpb_text_column us_custom_92c76180\"><div class=\"wpb_wrapper\"><p>Au terme de ce cours, les participants pourront:<\/p>\n<ul class=\"cus-values-ul\">\n<li>Comprendre l\u2019importance de mesurer la performance organisationnelle<\/li>\n<li>Comprendre la n\u00e9cessit\u00e9 de piloter la strat\u00e9gie<\/li>\n<li>Identifier les facteurs cl\u00e9s de succ\u00e8s et les pi\u00e8ges des syst\u00e8mes de performance<\/li>\n<li>Construire et mettre en place le syst\u00e8me de gestion de performance et de la strat\u00e9gie<\/li>\n<\/ul>\n<\/div><\/div>[vc_custom_heading text=&#8221;Th\u00e8mes abord\u00e9s&#8221; font_container=&#8221;tag:h2|text_align:center&#8221; use_theme_fonts=&#8221;yes&#8221; css=&#8221;%7B%22default%22%3A%7B%22margin-bottom%22%3A%2230px%22%7D%7D&#8221; el_class=&#8221;cus-center-tag&#8221;]<div class=\"wpb_text_column us_custom_92c76180\"><div class=\"wpb_wrapper\"><ul class=\"cus-values-ul\">\n<li>Introduction aux fondements th\u00e9oriques de la mesure de la performance<\/li>\n<li>Les cinq fonctions essentielles de la gestion strat\u00e9gique<\/li>\n<li>Quels sont les \u00e9l\u00e9ments indispensables pour le pilotage de l\u2019entreprise<\/li>\n<li>Pr\u00e9sentation du balanced scorecard<\/li>\n<li>Communication et \u00e9quipe du management strat\u00e9gique<\/li>\n<\/ul>\n<\/div><\/div>[vc_custom_heading text=&#8221;Ce que vous recevez&#8221; font_container=&#8221;tag:h2|text_align:center&#8221; use_theme_fonts=&#8221;yes&#8221; css=&#8221;%7B%22default%22%3A%7B%22margin-bottom%22%3A%2230px%22%7D%7D&#8221; el_class=&#8221;cus-center-tag&#8221;]<div class=\"wpb_text_column us_custom_92c76180\"><div class=\"wpb_wrapper\"><ul class=\"cus-values-ul\">\n<li>76 diapositives<\/li>\n<li>Manuel du participant<\/li>\n<\/ul>\n<\/div><\/div><div class=\"wpb_text_column us_custom_92c76180\"><div class=\"wpb_wrapper\"><p>*Champ obligatoire<br \/>\nNous fournissons cette formation sur site uniquement<br \/>\nVeuillez demander un devis en utilisant le formulaire ci-dessous.<\/p>\n<\/div><\/div><div class=\"w-btn-wrapper align_left\"><a class=\"w-btn us-btn-style_1 icon_atright\" href=\"#\"><span class=\"w-btn-label\">Citation requise<\/span><i class=\"fas fa-fas fa-angle-right\"><\/i><\/a><\/div><\/div><\/div><\/div><\/div><\/div><\/section>\n","protected":false},"excerpt":{"rendered":"[vc_custom_heading text=\"Gestion strat\u00e9gique et mesure de la performance\" font_container=\"tag:h1|text_align:left\" use_theme_fonts=\"yes\" css=\"%7B%22default%22%3A%7B%22margin-bottom%22%3A%2230px%22%7D%7D\"][vc_custom_heading text=\"Pr\u00e9sentation du cours\" font_container=\"tag:h2|text_align:center\" use_theme_fonts=\"yes\" css=\"%7B%22default%22%3A%7B%22margin-bottom%22%3A%2230px%22%7D%7D\" el_class=\"cus-center-tag\"]Ce cours offre aux participants l\u2019opportunit\u00e9 d\u2019approfondir les fondements th\u00e9oriques de la gestion strat\u00e9gique et de la mesure de la performance organisationnelle. Et ce, dans le contexte actuel de mondialisation et de forte intensit\u00e9 concurrentielle. Cet enseignement met...","protected":false},"author":1,"featured_media":0,"parent":0,"menu_order":0,"comment_status":"closed","ping_status":"closed","template":"","meta":{"footnotes":""},"class_list":["post-3353","page","type-page","status-publish","hentry"],"_links":{"self":[{"href":"https:\/\/daremtec.com\/daremtec\/wp-json\/wp\/v2\/pages\/3353","targetHints":{"allow":["GET"]}}],"collection":[{"href":"https:\/\/daremtec.com\/daremtec\/wp-json\/wp\/v2\/pages"}],"about":[{"href":"https:\/\/daremtec.com\/daremtec\/wp-json\/wp\/v2\/types\/page"}],"author":[{"embeddable":true,"href":"https:\/\/daremtec.com\/daremtec\/wp-json\/wp\/v2\/users\/1"}],"replies":[{"embeddable":true,"href":"https:\/\/daremtec.com\/daremtec\/wp-json\/wp\/v2\/comments?post=3353"}],"version-history":[{"count":8,"href":"https:\/\/daremtec.com\/daremtec\/wp-json\/wp\/v2\/pages\/3353\/revisions"}],"predecessor-version":[{"id":3367,"href":"https:\/\/daremtec.com\/daremtec\/wp-json\/wp\/v2\/pages\/3353\/revisions\/3367"}],"wp:attachment":[{"href":"https:\/\/daremtec.com\/daremtec\/wp-json\/wp\/v2\/media?parent=3353"}],"curies":[{"name":"wp","href":"https:\/\/api.w.org\/{rel}","templated":true}]}}