{"id":3329,"date":"2023-01-20T12:28:58","date_gmt":"2023-01-20T12:28:58","guid":{"rendered":"https:\/\/daremtec.com\/daremtec\/?page_id=3329"},"modified":"2023-01-20T12:28:58","modified_gmt":"2023-01-20T12:28:58","slug":"gestion-de-la-qualite","status":"publish","type":"page","link":"https:\/\/daremtec.com\/daremtec\/gestion-de-la-qualite\/","title":{"rendered":"Gestion de la qualit\u00e9"},"content":{"rendered":"<section class=\"l-section wpb_row height_small\"><div class=\"l-section-h i-cf\"><div class=\"g-cols vc_row via_flex valign_top type_default stacking_default\"><div class=\"vc_col-sm-12 wpb_column vc_column_container\"><div class=\"vc_column-inner\"><div class=\"wpb_wrapper\">[vc_custom_heading text=&#8221;Gestion de la qualit\u00e9&#8221; font_container=&#8221;tag:h1|text_align:left&#8221; use_theme_fonts=&#8221;yes&#8221; css=&#8221;%7B%22default%22%3A%7B%22margin-bottom%22%3A%2230px%22%7D%7D&#8221;]<div class=\"g-cols wpb_row via_flex valign_top type_default stacking_default\"><div class=\"vc_col-sm-12 wpb_column vc_column_container\"><div class=\"vc_column-inner\"><div class=\"wpb_wrapper\">[vc_custom_heading text=&#8221;Pr\u00e9sentation du cours&#8221; font_container=&#8221;tag:h6|text_align:center&#8221; use_theme_fonts=&#8221;yes&#8221; css=&#8221;%7B%22default%22%3A%7B%22margin-bottom%22%3A%2230px%22%7D%7D&#8221; el_class=&#8221;cus-center-tag&#8221;]<div class=\"wpb_text_column us_custom_92c76180\"><div class=\"wpb_wrapper\"><p>Ce cours introduit aux participants les principaux concepts de la gestion de la qualit\u00e9 : qualit\u00e9 des produits et services, contr\u00f4le de la qualit\u00e9, assurance qualit\u00e9, la qualit\u00e9 totale.<\/p>\n<\/div><\/div><\/div><\/div><\/div><\/div>[vc_custom_heading text=&#8221;A qui est destin\u00e9 ce cours ?&#8221; font_container=&#8221;tag:h6|text_align:center&#8221; use_theme_fonts=&#8221;yes&#8221; css=&#8221;%7B%22default%22%3A%7B%22margin-bottom%22%3A%2230px%22%7D%7D&#8221; el_class=&#8221;cus-center-tag&#8221;]<div class=\"wpb_text_column us_custom_92c76180\"><div class=\"wpb_wrapper\"><p>A toute personne d\u00e9sirant acqu\u00e9rir la vision globale de fonctionnement d\u2019une entreprise ou d\u2019une organisation \u00e0 but non lucratif. :<\/p>\n<ul class=\"cus-values-ul\">\n<li>Cadres dirigeants,<\/li>\n<li>Porteurs et gestionnaire de projet ou de programmes,<\/li>\n<li>Etudiants en Bachelor ou Master en \u00e9conomie et gestion,<\/li>\n<li>Consultants en entreprise<\/li>\n<\/ul>\n<\/div><\/div>[vc_custom_heading text=&#8221;Objectifs d\u2019apprentissage&#8221; font_container=&#8221;tag:h6|text_align:center&#8221; use_theme_fonts=&#8221;yes&#8221; css=&#8221;%7B%22default%22%3A%7B%22margin-bottom%22%3A%2230px%22%7D%7D&#8221; el_class=&#8221;cus-center-tag&#8221;]<div class=\"wpb_text_column us_custom_92c76180\"><div class=\"wpb_wrapper\"><p>Au terme de ce cours, les participants pourront:<\/p>\n<ul class=\"cus-values-ul\">\n<li>Comprendre le concept de changement<\/li>\n<li>Comprendre et utiliser les concepts de gestion de la qualit\u00e9<\/li>\n<li>Identifier les composants cl\u00e9s d\u2019un syst\u00e8me de gestion de la qualit\u00e9<\/li>\n<li>D\u00e9crivez les facteurs qui font \u00e9chouer les syst\u00e8mes de gestion de la qualit\u00e9<\/li>\n<li>Comprendre les principes de normalisation et d\u2019\u00e9valuation de la conformit\u00e9<\/li>\n<li>\u00c9laborer une approche centr\u00e9e sur la qualit\u00e9 pour mettre en \u0153uvre la qualit\u00e9<\/li>\n<\/ul>\n<\/div><\/div>[vc_custom_heading text=&#8221;Th\u00e8mes abord\u00e9s&#8221; font_container=&#8221;tag:h6|text_align:left&#8221; use_theme_fonts=&#8221;yes&#8221; css=&#8221;%7B%22default%22%3A%7B%22margin-bottom%22%3A%2230px%22%7D%7D&#8221;]<div class=\"wpb_text_column us_custom_92c76180\"><div class=\"wpb_wrapper\"><ul class=\"cus-values-ul\">\n<li>Introduction<\/li>\n<li>Organisation et qualit\u00e9<\/li>\n<li>Le p\u00e9rim\u00e8tre du syst\u00e8me de gestion de la qualit\u00e9<\/li>\n<li>Les composants du syst\u00e8me de gestion de la qualit\u00e9<\/li>\n<\/ul>\n<\/div><\/div>[vc_custom_heading text=&#8221;Ce que vous recevez&#8221; font_container=&#8221;tag:h6|text_align:left&#8221; use_theme_fonts=&#8221;yes&#8221; css=&#8221;%7B%22default%22%3A%7B%22margin-bottom%22%3A%2230px%22%7D%7D&#8221;]<div class=\"wpb_text_column us_custom_92c76180\"><div class=\"wpb_wrapper\"><ul class=\"cus-values-ul\">\n<li>76 diapositives<\/li>\n<li>Manuel du participant<\/li>\n<\/ul>\n<\/div><\/div><div class=\"wpb_text_column us_custom_92c76180\"><div class=\"wpb_wrapper\"><p>*Champ obligatoire<br \/>\nNous fournissons cette formation sur site uniquement<br \/>\nVeuillez demander un devis en utilisant le formulaire ci-dessous.<\/p>\n<\/div><\/div><div class=\"w-btn-wrapper align_left\"><a class=\"w-btn us-btn-style_1 icon_atright\" href=\"#\"><span class=\"w-btn-label\">Citation requise<\/span><i class=\"fas fa-fas fa-angle-right\"><\/i><\/a><\/div><\/div><\/div><\/div><\/div><\/div><\/section>\n","protected":false},"excerpt":{"rendered":"[vc_custom_heading text=\"Gestion de la qualit\u00e9\" font_container=\"tag:h1|text_align:left\" use_theme_fonts=\"yes\" css=\"%7B%22default%22%3A%7B%22margin-bottom%22%3A%2230px%22%7D%7D\"][vc_custom_heading text=\"Pr\u00e9sentation du cours\" font_container=\"tag:h6|text_align:center\" use_theme_fonts=\"yes\" css=\"%7B%22default%22%3A%7B%22margin-bottom%22%3A%2230px%22%7D%7D\" el_class=\"cus-center-tag\"]Ce cours introduit aux participants les principaux concepts de la gestion de la qualit\u00e9 : qualit\u00e9 des produits et services, contr\u00f4le de la qualit\u00e9, assurance qualit\u00e9, la qualit\u00e9 totale. [vc_custom_heading text=\"A qui est destin\u00e9 ce cours ?\" font_container=\"tag:h6|text_align:center\" use_theme_fonts=\"yes\" css=\"%7B%22default%22%3A%7B%22margin-bottom%22%3A%2230px%22%7D%7D\" el_class=\"cus-center-tag\"]A...","protected":false},"author":1,"featured_media":0,"parent":0,"menu_order":0,"comment_status":"closed","ping_status":"closed","template":"","meta":{"footnotes":""},"class_list":["post-3329","page","type-page","status-publish","hentry"],"_links":{"self":[{"href":"https:\/\/daremtec.com\/daremtec\/wp-json\/wp\/v2\/pages\/3329","targetHints":{"allow":["GET"]}}],"collection":[{"href":"https:\/\/daremtec.com\/daremtec\/wp-json\/wp\/v2\/pages"}],"about":[{"href":"https:\/\/daremtec.com\/daremtec\/wp-json\/wp\/v2\/types\/page"}],"author":[{"embeddable":true,"href":"https:\/\/daremtec.com\/daremtec\/wp-json\/wp\/v2\/users\/1"}],"replies":[{"embeddable":true,"href":"https:\/\/daremtec.com\/daremtec\/wp-json\/wp\/v2\/comments?post=3329"}],"version-history":[{"count":1,"href":"https:\/\/daremtec.com\/daremtec\/wp-json\/wp\/v2\/pages\/3329\/revisions"}],"predecessor-version":[{"id":3330,"href":"https:\/\/daremtec.com\/daremtec\/wp-json\/wp\/v2\/pages\/3329\/revisions\/3330"}],"wp:attachment":[{"href":"https:\/\/daremtec.com\/daremtec\/wp-json\/wp\/v2\/media?parent=3329"}],"curies":[{"name":"wp","href":"https:\/\/api.w.org\/{rel}","templated":true}]}}