{"id":3266,"date":"2023-01-19T08:20:17","date_gmt":"2023-01-19T08:20:17","guid":{"rendered":"https:\/\/daremtec.com\/daremtec\/?page_id=3266"},"modified":"2023-01-19T08:27:42","modified_gmt":"2023-01-19T08:27:42","slug":"gestion-de-la-qualite-totale","status":"publish","type":"page","link":"https:\/\/daremtec.com\/daremtec\/gestion-de-la-qualite-totale\/","title":{"rendered":"Gestion de la qualit\u00e9 totale"},"content":{"rendered":"<section class=\"l-section wpb_row height_small\"><div class=\"l-section-h i-cf\"><div class=\"g-cols vc_row via_flex valign_top type_default stacking_default\"><div class=\"vc_col-sm-12 wpb_column vc_column_container\"><div class=\"vc_column-inner\"><div class=\"wpb_wrapper\">[vc_custom_heading text=&#8221;Gestion de la qualit\u00e9 totale&#8221; font_container=&#8221;tag:h1|text_align:center&#8221; use_theme_fonts=&#8221;yes&#8221; el_class=&#8221;cus-center-tag&#8221; css=&#8221;%7B%22default%22%3A%7B%22margin-bottom%22%3A%2230px%22%7D%7D&#8221;]<div class=\"g-cols wpb_row via_flex valign_top type_default stacking_default\"><div class=\"vc_col-sm-12 wpb_column vc_column_container\"><div class=\"vc_column-inner\"><div class=\"wpb_wrapper\">[vc_custom_heading text=&#8221;Pr\u00e9sentation de l\u2019atelier&#8221; font_container=&#8221;tag:h6|text_align:left&#8221; use_theme_fonts=&#8221;yes&#8221; css=&#8221;%7B%22default%22%3A%7B%22margin-bottom%22%3A%2230px%22%7D%7D&#8221;]<div class=\"wpb_text_column us_custom_92c76180\"><div class=\"wpb_wrapper\"><p>Cet atelier fournit aux participants les principaux concepts et techniques de la gestion de la qualit\u00e9 totale (TQM). Ensuite, il se focalise sur l\u2019\u00e9laboration des solutions pour \u00e9liminer les causes de non qualit\u00e9 concernant, par exemple, la gestion des processus, la qualit\u00e9 des produits et des services, la satisfaction du client.<\/p>\n<\/div><\/div><\/div><\/div><\/div><\/div>[vc_custom_heading text=&#8221;A qui est destin\u00e9 cet atelier ?&#8221; font_container=&#8221;tag:h6|text_align:left&#8221; use_theme_fonts=&#8221;yes&#8221; css=&#8221;%7B%22default%22%3A%7B%22margin-bottom%22%3A%2230px%22%7D%7D&#8221;]<div class=\"wpb_text_column us_custom_92c76180\"><div class=\"wpb_wrapper\"><p>A toute personne d\u00e9sirant acqu\u00e9rir la vision globale de fonctionnement d\u2019une entreprise ou d\u2019une organisation \u00e0 but non lucratif. :<\/p>\n<ul class=\"cus-values-ul\">\n<li>Cadres dirigeants,<\/li>\n<li>Responsable de processus<\/li>\n<li>Porteurs et gestionnaire de projet ou de programmes<\/li>\n<li>Etudiants en Bachelor ou Master en \u00e9conomie et gestion (MBA)<\/li>\n<li>Consultants en entreprise<\/li>\n<\/ul>\n<\/div><\/div>[vc_custom_heading text=&#8221;Objectifs d\u2019apprentissage&#8221; font_container=&#8221;tag:h6|text_align:left&#8221; use_theme_fonts=&#8221;yes&#8221; css=&#8221;%7B%22default%22%3A%7B%22margin-bottom%22%3A%2230px%22%7D%7D&#8221;]<div class=\"wpb_text_column us_custom_92c76180\"><div class=\"wpb_wrapper\"><p>Au terme de cet atelier, les participants pourront:<\/p>\n<ul class=\"cus-values-ul\">\n<li>Conna\u00eetre l\u2019\u00e9volution du concept de la qualit\u00e9 totale<\/li>\n<li>Utiliser les techniques et les outils TQM pour \u00e9valuer le performance organisationnelle<\/li>\n<li>Appliquer l\u2019approche TQM pour am\u00e9liorer continuellement l\u2019efficacit\u00e9 de leur organisation<\/li>\n<li>Faire l\u2019analyse du syst\u00e8me qualit\u00e9 de leur organisation<\/li>\n<li>Comparer leur syst\u00e8me qualit\u00e9 au standard ISO 9000 et aux crit\u00e8res du prix de Baldrige<\/li>\n<\/ul>\n<\/div><\/div>[vc_custom_heading text=&#8221;Th\u00e8mes abord\u00e9s&#8221; font_container=&#8221;tag:h6|text_align:left&#8221; use_theme_fonts=&#8221;yes&#8221; css=&#8221;%7B%22default%22%3A%7B%22margin-bottom%22%3A%2230px%22%7D%7D&#8221;]<div class=\"wpb_text_column us_custom_92c76180\"><div class=\"wpb_wrapper\"><ul class=\"cus-values-ul\">\n<li>Fondamentaux de la Qualit\u00e9 Totale<\/li>\n<li>Pr\u00e9sentation des techniques et des outils du TQM<\/li>\n<li>Mise en \u0153uvre de la Qualit\u00e9 totale<\/li>\n<li>Am\u00e9lioration continue et b\u00e9n\u00e9fices du TQM<\/li>\n<\/ul>\n<\/div><\/div><div class=\"w-html\"><table class=\"table table-bordered\" border=\"1\">\n<tbody><tr><th>Dur\u00e9e: <\/th>\n<th>Prix:<\/th>\n<th>Nombre de participants :<\/th>\n<th rowspan=\"2\" valign=\"center\"><a href=\"index.php\/fr\/gestion-de-la-qualite-totale\">Achetez cet atelier<\/a><\/th>\n<\/tr><tr>\n<td>3 jours<\/td>\n<td>CHF 3\u2019990.-<br>\nPar personne<\/td>\n<td>12 personnes maximum<\/td>\n<\/tr>\n<\/tbody><\/table><\/div><\/div><\/div><\/div><\/div><\/div><\/section>\n","protected":false},"excerpt":{"rendered":"[vc_custom_heading text=\"Gestion de la qualit\u00e9 totale\" font_container=\"tag:h1|text_align:center\" use_theme_fonts=\"yes\" el_class=\"cus-center-tag\" css=\"%7B%22default%22%3A%7B%22margin-bottom%22%3A%2230px%22%7D%7D\"][vc_custom_heading text=\"Pr\u00e9sentation de l\u2019atelier\" font_container=\"tag:h6|text_align:left\" use_theme_fonts=\"yes\" css=\"%7B%22default%22%3A%7B%22margin-bottom%22%3A%2230px%22%7D%7D\"]Cet atelier fournit aux participants les principaux concepts et techniques de la gestion de la qualit\u00e9 totale (TQM). Ensuite, il se focalise sur l\u2019\u00e9laboration des solutions pour \u00e9liminer les causes de non qualit\u00e9 concernant, par exemple, la gestion des processus,...","protected":false},"author":1,"featured_media":0,"parent":0,"menu_order":0,"comment_status":"closed","ping_status":"closed","template":"","meta":{"footnotes":""},"class_list":["post-3266","page","type-page","status-publish","hentry"],"_links":{"self":[{"href":"https:\/\/daremtec.com\/daremtec\/wp-json\/wp\/v2\/pages\/3266","targetHints":{"allow":["GET"]}}],"collection":[{"href":"https:\/\/daremtec.com\/daremtec\/wp-json\/wp\/v2\/pages"}],"about":[{"href":"https:\/\/daremtec.com\/daremtec\/wp-json\/wp\/v2\/types\/page"}],"author":[{"embeddable":true,"href":"https:\/\/daremtec.com\/daremtec\/wp-json\/wp\/v2\/users\/1"}],"replies":[{"embeddable":true,"href":"https:\/\/daremtec.com\/daremtec\/wp-json\/wp\/v2\/comments?post=3266"}],"version-history":[{"count":3,"href":"https:\/\/daremtec.com\/daremtec\/wp-json\/wp\/v2\/pages\/3266\/revisions"}],"predecessor-version":[{"id":3273,"href":"https:\/\/daremtec.com\/daremtec\/wp-json\/wp\/v2\/pages\/3266\/revisions\/3273"}],"wp:attachment":[{"href":"https:\/\/daremtec.com\/daremtec\/wp-json\/wp\/v2\/media?parent=3266"}],"curies":[{"name":"wp","href":"https:\/\/api.w.org\/{rel}","templated":true}]}}