{"id":3244,"date":"2023-01-19T07:17:59","date_gmt":"2023-01-19T07:17:59","guid":{"rendered":"https:\/\/daremtec.com\/daremtec\/?page_id=3244"},"modified":"2023-01-19T07:25:14","modified_gmt":"2023-01-19T07:25:14","slug":"etude-de-faisabilite","status":"publish","type":"page","link":"https:\/\/daremtec.com\/daremtec\/etude-de-faisabilite\/","title":{"rendered":"Etude de faisabilit\u00e9"},"content":{"rendered":"<section class=\"l-section wpb_row height_small\"><div class=\"l-section-h i-cf\"><div class=\"g-cols vc_row via_flex valign_top type_default stacking_default\"><div class=\"vc_col-sm-12 wpb_column vc_column_container\"><div class=\"vc_column-inner\"><div class=\"wpb_wrapper\">[vc_custom_heading text=&#8221;Etude de faisabilit\u00e9&#8221; font_container=&#8221;tag:h1|text_align:center&#8221; use_theme_fonts=&#8221;yes&#8221; el_class=&#8221;cus-center-tag&#8221; css=&#8221;%7B%22default%22%3A%7B%22margin-bottom%22%3A%2230px%22%7D%7D&#8221;]<div class=\"g-cols wpb_row via_flex valign_top type_default stacking_default\"><div class=\"vc_col-sm-3 wpb_column vc_column_container\"><div class=\"vc_column-inner\"><div class=\"wpb_wrapper\"><div class=\"w-image align_none\"><div class=\"w-image-h\"><img loading=\"lazy\" decoding=\"async\" width=\"640\" height=\"450\" src=\"https:\/\/daremtec.com\/daremtec\/wp-content\/uploads\/2023\/01\/feasi.jpg\" class=\"attachment-full size-full\" alt=\"\" srcset=\"https:\/\/daremtec.com\/daremtec\/wp-content\/uploads\/2023\/01\/feasi.jpg 640w, https:\/\/daremtec.com\/daremtec\/wp-content\/uploads\/2023\/01\/feasi-300x211.jpg 300w, https:\/\/daremtec.com\/daremtec\/wp-content\/uploads\/2023\/01\/feasi-600x422.jpg 600w\" sizes=\"auto, (max-width: 640px) 100vw, 640px\" \/><\/div><\/div><\/div><\/div><\/div><div class=\"vc_col-sm-9 wpb_column vc_column_container\"><div class=\"vc_column-inner\"><div class=\"wpb_wrapper\">[vc_custom_heading text=&#8221;Qu\u2019est ce qu\u2019une \u00e9tude de faisabilit\u00e9&#8221; font_container=&#8221;tag:h6|font_size:18px|text_align:left|line_height:24px&#8221; use_theme_fonts=&#8221;yes&#8221; css=&#8221;%7B%22default%22%3A%7B%22margin-bottom%22%3A%2230px%22%7D%7D&#8221;]<div class=\"wpb_text_column us_custom_92c76180\"><div class=\"wpb_wrapper\"><p>L\u2019\u00e9tude de faisabilit\u00e9, comme son nom l\u2019indique, est une analyse syst\u00e9matique de la viabilit\u00e9 d\u2019un projet. Elle est requise chaque fois que l\u2019on sollicite l\u2019apport des ressources, avant d\u2019entrer en mati\u00e8re, les investisseurs vont examiner toutes les hypoth\u00e8ses qui ont \u00e9t\u00e9 utilis\u00e9es, puis de quantifier les risques d\u2019\u00e9chec.<\/p>\n<p>Chez Daremtec, notre \u00e9quipe est compos\u00e9e de consultants ind\u00e9pendants qui \u00e9value de mani\u00e8re objective les potentialit\u00e9s de votre projet afin de s\u2019assurer que votre vision est r\u00e9aliste, finan\u00e7able et \u00e9conomiquement viable. Nos clients sont des startups, des entreprises de taille moyenne et des organisations \u00e0 but non lucratif.<\/p>\n<\/div><\/div><\/div><\/div><\/div><\/div>[vc_custom_heading text=&#8221;Pourquoi avez-vous besoin d\u2019une \u00e9tude de faisabilit\u00e9?&#8221; font_container=&#8221;tag:h6|text_align:left&#8221; use_theme_fonts=&#8221;yes&#8221; css=&#8221;%7B%22default%22%3A%7B%22margin-bottom%22%3A%2230px%22%7D%7D&#8221;]<div class=\"wpb_text_column us_custom_92c76180\"><div class=\"wpb_wrapper\"><p>Nous avons la volont\u00e9 de vous accompagner si vous vous posez les questions suivantes:<\/p>\n<ul class=\"cus-values-ul\">\n<li>Quelle est la valeur marchande mon entreprise?<\/li>\n<li>Quelle serait cette valeur en cas de vente ou de transformation ?<\/li>\n<li>Comment s\u2019adapter \u00e0 l\u2019\u00e9volution du march\u00e9 ?<\/li>\n<li>Comment am\u00e9liorer la rentabilit\u00e9 ?<\/li>\n<li>Comment am\u00e9liorer les ressources financi\u00e8res et la rentabilit\u00e9 ?<\/li>\n<li>Quelles sont les lacunes qui m\u2019emp\u00eachent de faire cela?<\/li>\n<li>Comment prendre une d\u00e9cision efficace ?<\/li>\n<li>Comment conserver les clients?<\/li>\n<li>Comment conserver mes employ\u00e9s qualifi\u00e9s?<\/li>\n<\/ul>\n<\/div><\/div>[vc_custom_heading text=&#8221;Nos solutions :&#8221; font_container=&#8221;tag:h6|text_align:left&#8221; use_theme_fonts=&#8221;yes&#8221; css=&#8221;%7B%22default%22%3A%7B%22margin-bottom%22%3A%2230px%22%7D%7D&#8221;]<div class=\"wpb_text_column us_custom_92c76180\"><div class=\"wpb_wrapper\"><ul class=\"cus-values-ul\">\n<li>Analyse du march\u00e9 (taille, partie de march\u00e9 projet\u00e9e)<\/li>\n<li>Analyse de la concurrence<\/li>\n<li>Analyse financi\u00e8re (exigences de fonds propres, projections de revenus, etc.)<\/li>\n<li>Test et validation de votre projet et vos alternatives possibles.<\/li>\n<li>Plan d\u2019action.<\/li>\n<\/ul>\n<\/div><\/div>[vc_custom_heading text=&#8221;Nous offrons :&#8221; font_container=&#8221;tag:h6|text_align:left&#8221; use_theme_fonts=&#8221;yes&#8221; css=&#8221;%7B%22default%22%3A%7B%22margin-bottom%22%3A%2230px%22%7D%7D&#8221;]<div class=\"w-hwrapper us_custom_c0079a04 align_justify valign_top\" style=\"--hwrapper-gap:0.5rem\">[vc_custom_heading text=&#8221;ETUDE DE FAISABILIT\u00c9 STANDARD&#8221; font_container=&#8221;tag:h6|font_size:18px|text_align:left|line_height:26px&#8221; use_theme_fonts=&#8221;yes&#8221; link=&#8221;url:%23&#8243; css=&#8221;%7B%22default%22%3A%7B%22margin-bottom%22%3A%220px%22%7D%7D&#8221;][vc_custom_heading text=&#8221;CHF 2,500.00&#8243; font_container=&#8221;tag:h5|text_align:left&#8221; use_theme_fonts=&#8221;yes&#8221; link=&#8221;url:%23&#8243; css=&#8221;%7B%22default%22%3A%7B%22padding-top%22%3A%220%22%7D%7D&#8221;]<\/div><div class=\"w-hwrapper us_custom_f2fe4930 align_justify valign_top\" style=\"--hwrapper-gap:0.5rem\">[vc_custom_heading text=&#8221;ETUDE DE FAISABILIT\u00c9 BASIC&#8221; font_container=&#8221;tag:h6|font_size:18px|text_align:left|line_height:26px&#8221; use_theme_fonts=&#8221;yes&#8221; link=&#8221;url:%23&#8243; css=&#8221;%7B%22default%22%3A%7B%22margin-bottom%22%3A%220px%22%7D%7D&#8221;][vc_custom_heading text=&#8221;CHF 900.00&#8243; font_container=&#8221;tag:h5|text_align:left&#8221; use_theme_fonts=&#8221;yes&#8221; link=&#8221;url:%23&#8243; css=&#8221;%7B%22default%22%3A%7B%22padding-top%22%3A%220%22%7D%7D&#8221;]<\/div><div class=\"wpb_text_column us_custom_d4cafcc3\"><div class=\"wpb_wrapper\"><p>Laissez-nous produire une analyse ind\u00e9pendante et objective de la faisabilit\u00e9 de votre ou des alternatives conduiant \u00e0 la d\u00e9cision de continuation ou d\u2019abandon \u00abGO ou NO GO\u00bb.<\/p>\n<\/div><\/div><div class=\"w-btn-wrapper align_center\"><a class=\"w-btn us-btn-style_1 icon_atright\" href=\"#\"><span class=\"w-btn-label\">Contactez-nous aujourd\u2019hui et r\u00e9servez votre consultation gratuite<\/span><i class=\"fas fa-fas fa-angle-right\"><\/i><\/a><\/div><\/div><\/div><\/div><\/div><\/div><\/section>\n","protected":false},"excerpt":{"rendered":"[vc_custom_heading text=\"Etude de faisabilit\u00e9\" font_container=\"tag:h1|text_align:center\" use_theme_fonts=\"yes\" el_class=\"cus-center-tag\" css=\"%7B%22default%22%3A%7B%22margin-bottom%22%3A%2230px%22%7D%7D\"][vc_custom_heading text=\"Qu\u2019est ce qu\u2019une \u00e9tude de faisabilit\u00e9\" font_container=\"tag:h6|font_size:18px|text_align:left|line_height:24px\" use_theme_fonts=\"yes\" css=\"%7B%22default%22%3A%7B%22margin-bottom%22%3A%2230px%22%7D%7D\"]L\u2019\u00e9tude de faisabilit\u00e9, comme son nom l\u2019indique, est une analyse syst\u00e9matique de la viabilit\u00e9 d\u2019un projet. Elle est requise chaque fois que l\u2019on sollicite l\u2019apport des ressources, avant d\u2019entrer en mati\u00e8re, les investisseurs vont examiner toutes les hypoth\u00e8ses qui...","protected":false},"author":1,"featured_media":0,"parent":0,"menu_order":0,"comment_status":"closed","ping_status":"closed","template":"","meta":{"footnotes":""},"class_list":["post-3244","page","type-page","status-publish","hentry"],"_links":{"self":[{"href":"https:\/\/daremtec.com\/daremtec\/wp-json\/wp\/v2\/pages\/3244","targetHints":{"allow":["GET"]}}],"collection":[{"href":"https:\/\/daremtec.com\/daremtec\/wp-json\/wp\/v2\/pages"}],"about":[{"href":"https:\/\/daremtec.com\/daremtec\/wp-json\/wp\/v2\/types\/page"}],"author":[{"embeddable":true,"href":"https:\/\/daremtec.com\/daremtec\/wp-json\/wp\/v2\/users\/1"}],"replies":[{"embeddable":true,"href":"https:\/\/daremtec.com\/daremtec\/wp-json\/wp\/v2\/comments?post=3244"}],"version-history":[{"count":6,"href":"https:\/\/daremtec.com\/daremtec\/wp-json\/wp\/v2\/pages\/3244\/revisions"}],"predecessor-version":[{"id":3256,"href":"https:\/\/daremtec.com\/daremtec\/wp-json\/wp\/v2\/pages\/3244\/revisions\/3256"}],"wp:attachment":[{"href":"https:\/\/daremtec.com\/daremtec\/wp-json\/wp\/v2\/media?parent=3244"}],"curies":[{"name":"wp","href":"https:\/\/api.w.org\/{rel}","templated":true}]}}