{"id":3215,"date":"2023-01-19T06:09:32","date_gmt":"2023-01-19T06:09:32","guid":{"rendered":"https:\/\/daremtec.com\/daremtec\/diagnostic-approfondi\/"},"modified":"2023-01-19T06:53:20","modified_gmt":"2023-01-19T06:53:20","slug":"diagnostic-approfondi","status":"publish","type":"page","link":"https:\/\/daremtec.com\/daremtec\/diagnostic-approfondi\/","title":{"rendered":"Diagnostic approfondi"},"content":{"rendered":"<section class=\"l-section wpb_row height_small\"><div class=\"l-section-h i-cf\"><div class=\"g-cols vc_row via_flex valign_top type_default stacking_default\"><div class=\"vc_col-sm-12 wpb_column vc_column_container\"><div class=\"vc_column-inner\"><div class=\"wpb_wrapper\">[vc_custom_heading text=&#8221;Diagnostic approfondi&#8221; font_container=&#8221;tag:h1|text_align:center&#8221; use_theme_fonts=&#8221;yes&#8221; el_class=&#8221;cus-center-tag&#8221; css=&#8221;%7B%22default%22%3A%7B%22margin-bottom%22%3A%2250px%22%7D%7D&#8221;]<div class=\"g-cols wpb_row via_flex valign_top type_default stacking_default\"><div class=\"vc_col-sm-3 wpb_column vc_column_container\"><div class=\"vc_column-inner\"><div class=\"wpb_wrapper\"><div class=\"w-image align_none\"><div class=\"w-image-h\"><img loading=\"lazy\" decoding=\"async\" width=\"457\" height=\"305\" src=\"https:\/\/daremtec.com\/daremtec\/wp-content\/uploads\/2023\/01\/through.jpg\" class=\"attachment-full size-full\" alt=\"\" srcset=\"https:\/\/daremtec.com\/daremtec\/wp-content\/uploads\/2023\/01\/through.jpg 457w, https:\/\/daremtec.com\/daremtec\/wp-content\/uploads\/2023\/01\/through-300x200.jpg 300w\" sizes=\"auto, (max-width: 457px) 100vw, 457px\" \/><\/div><\/div><\/div><\/div><\/div><div class=\"vc_col-sm-9 wpb_column vc_column_container\"><div class=\"vc_column-inner\"><div class=\"wpb_wrapper\">[vc_custom_heading text=&#8221;Diagnostic et services de consultation&#8221; font_container=&#8221;tag:h6|text_align:left&#8221; use_theme_fonts=&#8221;yes&#8221; css=&#8221;%7B%22default%22%3A%7B%22margin-bottom%22%3A%225px%22%7D%7D&#8221;]<div class=\"wpb_text_column us_custom_92c76180\"><div class=\"wpb_wrapper\"><p>Les PME repr\u00e9sentent plus de 95% de toutes les entreprises de l\u2019\u00e9conomie globale, mais en m\u00eame temps, les statistiques montrent que 8 sur 10 startups disparaissent au cours des 3 premi\u00e8res ann\u00e9es. Une fois que les financements de lancement ont \u00e9t\u00e9 absorb\u00e9s, les PME n\u2019arrivent plus \u00e0 faire face aux nombreux d\u00e9fis quotidiens, notamment: co\u00fbts plus \u00e9lev\u00e9s que les recettes, tarissement des ressources financi\u00e8res, p\u00e9nurie de comp\u00e9tences et d\u2019expertise.<br \/>\nChez Daremtec, notre mission est d\u2019assister les entrepreneurs afin qu\u2019ils d\u00e9veloppent leurs affaires de mani\u00e8re p\u00e9renne. Et ce, gr\u00e2ce \u00e0 notre syst\u00e8me et aux outils d\u2019\u00e9valuation que nous mettons en place pour l\u2019analyse des forces et faiblesses dans les domaines de la gestion de la performance, les ressources humaines, la gestion financi\u00e8re et la productivit\u00e9.<\/p>\n<\/div><\/div><\/div><\/div><\/div><\/div>[vc_custom_heading text=&#8221;Quels sont vos besoins sp\u00e9cifiques?&#8221; font_container=&#8221;tag:h6|text_align:left&#8221; use_theme_fonts=&#8221;yes&#8221; css=&#8221;%7B%22default%22%3A%7B%22margin-bottom%22%3A%2230px%22%7D%7D&#8221;]<div class=\"wpb_text_column us_custom_92c76180\"><div class=\"wpb_wrapper\"><p>Nous pouvons vous aider si vous vous posez les questions suivantes:<\/p>\n<ul class=\"cus-values-ul\">\n<li>Combien vaut mon entreprise sur le march\u00e9?<\/li>\n<li>Quelle est la valeur marchande de ma soci\u00e9t\u00e9 en cas de transfert, de traitement ou de vente.<\/li>\n<li>Comment s\u2019adapter \u00e0 l\u2019\u00e9volution du march\u00e9.<\/li>\n<li>Comment am\u00e9liorer la rentabilit\u00e9.<\/li>\n<li>Comment am\u00e9liorer la rentr\u00e9e des ressources financi\u00e8res et la rentabilit\u00e9.<\/li>\n<li>Quelles sont les lacunes qui m\u2019emp\u00eachent de progresser?<\/li>\n<li>Comment prendre une d\u00e9cision efficace ?<\/li>\n<li>Comment conserver les clients?<\/li>\n<li>Comment conserver mes employ\u00e9s qualifi\u00e9s?<\/li>\n<\/ul>\n<\/div><\/div>[vc_custom_heading text=&#8221;Nos solutions :&#8221; font_container=&#8221;tag:h6|text_align:left&#8221; use_theme_fonts=&#8221;yes&#8221; css=&#8221;%7B%22default%22%3A%7B%22margin-bottom%22%3A%2230px%22%7D%7D&#8221;]<div class=\"wpb_text_column us_custom_92c76180\"><div class=\"wpb_wrapper\"><p>Notre \u00e9quipe d\u2019experts effectuera un diagnostic complet des activit\u00e9s de 3 \u00e9tapes distinctes:<\/p>\n<ul class=\"cus-values-ul\">\n<li>Analyse de la situation: pour nous fournir un instantan\u00e9 de l\u2019entreprise dans son \u00e9tat actuel<\/li>\n<li>Session de planification d\u2019action: r\u00e9diger un plan d\u2019avenir pour travailler sur l\u2019entreprise<\/li>\n<li>D\u00e9cision et mise en \u0153uvre compl\u00e8te du plan<\/li>\n<\/ul>\n<\/div><\/div>[vc_custom_heading text=&#8221;Nous offrons :&#8221; font_container=&#8221;tag:h6|text_align:left&#8221; use_theme_fonts=&#8221;yes&#8221; css=&#8221;%7B%22default%22%3A%7B%22margin-bottom%22%3A%2230px%22%7D%7D&#8221;]<div class=\"w-hwrapper us_custom_c0079a04 align_justify valign_stretch\" style=\"--hwrapper-gap:0.5rem\">[vc_custom_heading text=&#8221;3 JOURS DIAGNOSTIC APPROFONDI&#8221; font_container=&#8221;tag:h6|font_size:18px|text_align:left|line_height:26px&#8221; use_theme_fonts=&#8221;yes&#8221; link=&#8221;url:%23&#8243; css=&#8221;%7B%22default%22%3A%7B%22margin-bottom%22%3A%220%22%7D%7D&#8221;][vc_custom_heading text=&#8221;CHF 3 000.00&#8243; font_container=&#8221;tag:h5|font_size:16px|text_align:right|line_height:24px&#8221; use_theme_fonts=&#8221;yes&#8221; css=&#8221;%7B%22default%22%3A%7B%22padding-top%22%3A%220%22%7D%7D&#8221;]<\/div><div class=\"w-hwrapper us_custom_f2fe4930 align_justify valign_top\" style=\"--hwrapper-gap:0.5rem\">[vc_custom_heading text=&#8221;1 JOUR DIAGNOSTIC APPROFONDI&#8221; font_container=&#8221;tag:h6|font_size:18px|text_align:left|line_height:26px&#8221; use_theme_fonts=&#8221;yes&#8221; link=&#8221;url:%23&#8243; css=&#8221;%7B%22default%22%3A%7B%22margin-bottom%22%3A%220%22%7D%7D&#8221;][vc_custom_heading text=&#8221;CHF 1 600.00&#8243; font_container=&#8221;tag:h5|font_size:16px|text_align:right|line_height:24px&#8221; use_theme_fonts=&#8221;yes&#8221; css=&#8221;%7B%22default%22%3A%7B%22padding-top%22%3A%220%22%7D%7D&#8221;]<\/div><div class=\"wpb_text_column us_custom_92c76180\"><div class=\"wpb_wrapper\"><p>Confiez \u00e0 nos experts une analyse ind\u00e9pendante de votre entreprise et de votre processus de gestion de la qualit\u00e9 pour identifier les probl\u00e8mes qui ralentissent ou affectent votre succ\u00e8s.<\/p>\n<\/div><\/div><div class=\"w-btn-wrapper align_center\"><a class=\"w-btn us-btn-style_1 icon_atright\" href=\"#\"><span class=\"w-btn-label\">Contactez-nous d\u00e8s aujourd\u2019hui et planifiez votre consultation gratuite!<\/span><i class=\"fas fa-fas fa-angle-right\"><\/i><\/a><\/div><\/div><\/div><\/div><\/div><\/div><\/section>\n","protected":false},"excerpt":{"rendered":"[vc_custom_heading text=\"Diagnostic approfondi\" font_container=\"tag:h1|text_align:center\" use_theme_fonts=\"yes\" el_class=\"cus-center-tag\" css=\"%7B%22default%22%3A%7B%22margin-bottom%22%3A%2250px%22%7D%7D\"][vc_custom_heading text=\"Diagnostic et services de consultation\" font_container=\"tag:h6|text_align:left\" use_theme_fonts=\"yes\" css=\"%7B%22default%22%3A%7B%22margin-bottom%22%3A%225px%22%7D%7D\"]Les PME repr\u00e9sentent plus de 95% de toutes les entreprises de l\u2019\u00e9conomie globale, mais en m\u00eame temps, les statistiques montrent que 8 sur 10 startups disparaissent au cours des 3 premi\u00e8res ann\u00e9es. Une fois que les financements de lancement ont \u00e9t\u00e9...","protected":false},"author":1,"featured_media":0,"parent":0,"menu_order":0,"comment_status":"closed","ping_status":"closed","template":"","meta":{"footnotes":""},"class_list":["post-3215","page","type-page","status-publish","hentry"],"_links":{"self":[{"href":"https:\/\/daremtec.com\/daremtec\/wp-json\/wp\/v2\/pages\/3215","targetHints":{"allow":["GET"]}}],"collection":[{"href":"https:\/\/daremtec.com\/daremtec\/wp-json\/wp\/v2\/pages"}],"about":[{"href":"https:\/\/daremtec.com\/daremtec\/wp-json\/wp\/v2\/types\/page"}],"author":[{"embeddable":true,"href":"https:\/\/daremtec.com\/daremtec\/wp-json\/wp\/v2\/users\/1"}],"replies":[{"embeddable":true,"href":"https:\/\/daremtec.com\/daremtec\/wp-json\/wp\/v2\/comments?post=3215"}],"version-history":[{"count":6,"href":"https:\/\/daremtec.com\/daremtec\/wp-json\/wp\/v2\/pages\/3215\/revisions"}],"predecessor-version":[{"id":3231,"href":"https:\/\/daremtec.com\/daremtec\/wp-json\/wp\/v2\/pages\/3215\/revisions\/3231"}],"wp:attachment":[{"href":"https:\/\/daremtec.com\/daremtec\/wp-json\/wp\/v2\/media?parent=3215"}],"curies":[{"name":"wp","href":"https:\/\/api.w.org\/{rel}","templated":true}]}}