{"id":32,"date":"2023-01-13T10:16:53","date_gmt":"2023-01-13T10:16:53","guid":{"rendered":"https:\/\/daremtec.com\/daremtec\/?page_id=32"},"modified":"2023-02-03T14:56:12","modified_gmt":"2023-02-03T14:56:12","slug":"services-de-conseil","status":"publish","type":"page","link":"https:\/\/daremtec.com\/daremtec\/services-de-conseil\/","title":{"rendered":"Services de conseil"},"content":{"rendered":"<section class=\"l-section wpb_row height_small\"><div class=\"l-section-h i-cf\"><div class=\"g-cols vc_row via_flex valign_top type_default stacking_default\"><div class=\"vc_col-sm-12 wpb_column vc_column_container\"><div class=\"vc_column-inner\"><div class=\"wpb_wrapper\">[vc_custom_heading text=&#8221;Services de conseil&#8221; font_container=&#8221;tag:h1|text_align:center&#8221; use_theme_fonts=&#8221;yes&#8221; el_class=&#8221;cus-center-tag&#8221;]<\/div><\/div><\/div><\/div><\/div><\/section><section class=\"l-section wpb_row height_small\"><div class=\"l-section-h i-cf\"><div class=\"g-cols vc_row via_flex valign_top type_default stacking_default\"><div class=\"vc_col-sm-12 wpb_column vc_column_container\"><div class=\"vc_column-inner\"><div class=\"wpb_wrapper\"><div class=\"w-image align_center\"><div class=\"w-image-h\"><img loading=\"lazy\" decoding=\"async\" width=\"1040\" height=\"405\" src=\"https:\/\/daremtec.com\/daremtec\/wp-content\/uploads\/2023\/01\/2-fr.jpg\" class=\"attachment-full size-full\" alt=\"\" srcset=\"https:\/\/daremtec.com\/daremtec\/wp-content\/uploads\/2023\/01\/2-fr.jpg 1040w, https:\/\/daremtec.com\/daremtec\/wp-content\/uploads\/2023\/01\/2-fr-300x117.jpg 300w, https:\/\/daremtec.com\/daremtec\/wp-content\/uploads\/2023\/01\/2-fr-1024x399.jpg 1024w, https:\/\/daremtec.com\/daremtec\/wp-content\/uploads\/2023\/01\/2-fr-600x234.jpg 600w\" sizes=\"auto, (max-width: 1040px) 100vw, 1040px\" \/><\/div><\/div>[vc_custom_heading text=&#8221;POURQUOI 90% DES PETITES ENTREPRISES ECHOUENT-ELLES ?&#8221; font_container=&#8221;tag:h6|text_align:center&#8221; use_theme_fonts=&#8221;yes&#8221;]<div class=\"wpb_text_column us_custom_a5d8b32b cus-font-change has_text_color\"><div class=\"wpb_wrapper\"><p style=\"text-align: center;\">\u201cC\u2019est tr\u00e8s dur de fabriquer des objets pour une cat\u00e9gorie de gens. La plupart du temps, les gens ne savent pas ce qu\u2019ils veulent avant que vous leur montriez.\u201d<\/p>\n<\/div><\/div><div class=\"wpb_text_column us_custom_a5d8b32b has_text_color\"><div class=\"wpb_wrapper\"><p style=\"text-align: center;\">-Steve Jobs. Co-fondateur de Apple.<\/p>\n<\/div><\/div><div class=\"wpb_text_column us_custom_a5d8b32b has_text_color\"><div class=\"wpb_wrapper\"><p style=\"text-align: center;\">L\u2019\u00e9tude de CB Insight a r\u00e9v\u00e9l\u00e9 que 90% les entreprises \u00e9chouent dans la 5\u00e8me ann\u00e9e de leur existence, notamment, parce que leur mod\u00e8le<br \/>\nd\u2019affaires ne r\u00e9pondent pas aux besoins du march\u00e9 et n\u2019apporte pas de la valeur au client final.<\/p>\n<\/div><\/div>[vc_custom_heading text=&#8221;NOS SERVICES DE CONSEIL PEUVENT VOUS AIDER !&#8221; font_container=&#8221;tag:h6|text_align:center&#8221; use_theme_fonts=&#8221;yes&#8221;]<div class=\"wpb_text_column us_custom_a5d8b32b has_text_color\"><div class=\"wpb_wrapper\"><p style=\"text-align: center;\">Daremtec vous \u00e9coute et vous aide \u00e0 identifier et \u00e0 r\u00e9soudre tous les probl\u00e8mes et d\u00e9fis susceptibles d\u2019emp\u00eacher votre organisation de r\u00e9aliser son plein potentiel gr\u00e2ce aux offres de service suivantes :<\/p>\n<\/div><\/div><div class=\"g-cols wpb_row us_custom_99817634 cus-bussbess-section cus-services-section via_flex valign_top type_default stacking_default\"><div class=\"vc_col-sm-4 wpb_column vc_column_container\"><div class=\"vc_column-inner\"><div class=\"wpb_wrapper\"><div class=\"w-image align_center\"><a href=\"#\" aria-label=\"Lien\" class=\"w-image-h\"><img loading=\"lazy\" decoding=\"async\" width=\"481\" height=\"478\" src=\"https:\/\/daremtec.com\/daremtec\/wp-content\/uploads\/2023\/01\/service.jpg\" class=\"attachment-full size-full\" alt=\"\" srcset=\"https:\/\/daremtec.com\/daremtec\/wp-content\/uploads\/2023\/01\/service.jpg 481w, https:\/\/daremtec.com\/daremtec\/wp-content\/uploads\/2023\/01\/service-300x298.jpg 300w, https:\/\/daremtec.com\/daremtec\/wp-content\/uploads\/2023\/01\/service-150x150.jpg 150w\" sizes=\"auto, (max-width: 481px) 100vw, 481px\" \/><\/a><\/div>[vc_custom_heading text=&#8221;CONCEPTION ET IMPL\u00c9MENTATION DE TABLEAUX DE BORD DE BUSINESS INTELLIGENCE&#8221; font_container=&#8221;tag:h5|text_align:center&#8221; use_theme_fonts=&#8221;yes&#8221; css=&#8221;%7B%22default%22%3A%7B%22font-weight%22%3A%22600%22%7D%7D&#8221;]<\/div><\/div><\/div><div class=\"vc_col-sm-4 wpb_column vc_column_container\"><div class=\"vc_column-inner\"><div class=\"wpb_wrapper\"><div class=\"w-image align_center\"><a href=\"#\" aria-label=\"Lien\" class=\"w-image-h\"><img loading=\"lazy\" decoding=\"async\" width=\"481\" height=\"478\" src=\"https:\/\/daremtec.com\/daremtec\/wp-content\/uploads\/2023\/01\/feasibility-copy.jpg\" class=\"attachment-full size-full\" alt=\"\" srcset=\"https:\/\/daremtec.com\/daremtec\/wp-content\/uploads\/2023\/01\/feasibility-copy.jpg 481w, https:\/\/daremtec.com\/daremtec\/wp-content\/uploads\/2023\/01\/feasibility-copy-300x298.jpg 300w, https:\/\/daremtec.com\/daremtec\/wp-content\/uploads\/2023\/01\/feasibility-copy-150x150.jpg 150w\" sizes=\"auto, (max-width: 481px) 100vw, 481px\" \/><\/a><\/div>[vc_custom_heading text=&#8221;ETUDE DE FAISABILIT\u00c9&#8221; font_container=&#8221;tag:h5|text_align:center&#8221; use_theme_fonts=&#8221;yes&#8221; css=&#8221;%7B%22default%22%3A%7B%22font-weight%22%3A%22600%22%7D%7D&#8221;]<\/div><\/div><\/div><div class=\"vc_col-sm-4 wpb_column vc_column_container\"><div class=\"vc_column-inner\"><div class=\"wpb_wrapper\"><div class=\"w-image align_center\"><a href=\"#\" aria-label=\"Lien\" class=\"w-image-h\"><img loading=\"lazy\" decoding=\"async\" width=\"481\" height=\"478\" src=\"https:\/\/daremtec.com\/daremtec\/wp-content\/uploads\/2023\/01\/dashboard.jpg\" class=\"attachment-full size-full\" alt=\"\" srcset=\"https:\/\/daremtec.com\/daremtec\/wp-content\/uploads\/2023\/01\/dashboard.jpg 481w, https:\/\/daremtec.com\/daremtec\/wp-content\/uploads\/2023\/01\/dashboard-300x298.jpg 300w, https:\/\/daremtec.com\/daremtec\/wp-content\/uploads\/2023\/01\/dashboard-150x150.jpg 150w\" sizes=\"auto, (max-width: 481px) 100vw, 481px\" \/><\/a><\/div>[vc_custom_heading text=&#8221;DIAGNOSTIC APPROFONDI&#8221; font_container=&#8221;tag:h5|text_align:center&#8221; use_theme_fonts=&#8221;yes&#8221; css=&#8221;%7B%22default%22%3A%7B%22font-weight%22%3A%22600%22%7D%7D&#8221;]<\/div><\/div><\/div><\/div><div class=\"w-btn-wrapper align_center\"><a class=\"w-btn us-btn-style_1 icon_atright\" title=\"Contact\" href=\"https:\/\/daremtec.com\/daremtec\/contact\/\"><span class=\"w-btn-label\">Quelque soient vos besoins, contactez-nous aujourd\u2019hui et organisons une consultation gratuite !<\/span><i class=\"fas fa-fas fa-angle-right\"><\/i><\/a><\/div><\/div><\/div><\/div><\/div><\/div><\/section>\n","protected":false},"excerpt":{"rendered":"[vc_custom_heading text=\"Services de conseil\" font_container=\"tag:h1|text_align:center\" use_theme_fonts=\"yes\" el_class=\"cus-center-tag\"][vc_custom_heading text=\"POURQUOI 90% DES PETITES ENTREPRISES ECHOUENT-ELLES ?\" font_container=\"tag:h6|text_align:center\" use_theme_fonts=\"yes\"]\u201cC\u2019est tr\u00e8s dur de fabriquer des objets pour une cat\u00e9gorie de gens. La plupart du temps, les gens ne savent pas ce qu\u2019ils veulent avant que vous leur montriez.\u201d -Steve Jobs. Co-fondateur de Apple. L\u2019\u00e9tude de CB Insight a r\u00e9v\u00e9l\u00e9...","protected":false},"author":1,"featured_media":0,"parent":0,"menu_order":0,"comment_status":"closed","ping_status":"closed","template":"","meta":{"footnotes":""},"class_list":["post-32","page","type-page","status-publish","hentry"],"_links":{"self":[{"href":"https:\/\/daremtec.com\/daremtec\/wp-json\/wp\/v2\/pages\/32","targetHints":{"allow":["GET"]}}],"collection":[{"href":"https:\/\/daremtec.com\/daremtec\/wp-json\/wp\/v2\/pages"}],"about":[{"href":"https:\/\/daremtec.com\/daremtec\/wp-json\/wp\/v2\/types\/page"}],"author":[{"embeddable":true,"href":"https:\/\/daremtec.com\/daremtec\/wp-json\/wp\/v2\/users\/1"}],"replies":[{"embeddable":true,"href":"https:\/\/daremtec.com\/daremtec\/wp-json\/wp\/v2\/comments?post=32"}],"version-history":[{"count":12,"href":"https:\/\/daremtec.com\/daremtec\/wp-json\/wp\/v2\/pages\/32\/revisions"}],"predecessor-version":[{"id":503,"href":"https:\/\/daremtec.com\/daremtec\/wp-json\/wp\/v2\/pages\/32\/revisions\/503"}],"wp:attachment":[{"href":"https:\/\/daremtec.com\/daremtec\/wp-json\/wp\/v2\/media?parent=32"}],"curies":[{"name":"wp","href":"https:\/\/api.w.org\/{rel}","templated":true}]}}