{"id":28,"date":"2023-01-13T10:15:46","date_gmt":"2023-01-13T10:15:46","guid":{"rendered":"https:\/\/daremtec.com\/daremtec\/?page_id=28"},"modified":"2023-02-03T14:53:41","modified_gmt":"2023-02-03T14:53:41","slug":"business-plans-et-etudes-de-faisabilite","status":"publish","type":"page","link":"https:\/\/daremtec.com\/daremtec\/business-plans-et-etudes-de-faisabilite\/","title":{"rendered":"Business Plans et \u00c9tudes de faisabilit\u00e9"},"content":{"rendered":"<section class=\"l-section wpb_row height_small\"><div class=\"l-section-h i-cf\"><div class=\"g-cols vc_row via_flex valign_top type_default stacking_default\"><div class=\"vc_col-sm-12 wpb_column vc_column_container\"><div class=\"vc_column-inner\"><div class=\"wpb_wrapper\">[vc_custom_heading text=&#8221;Business Plans et \u00c9tudes de faisabilit\u00e9&#8221; font_container=&#8221;tag:h1|text_align:center&#8221; use_theme_fonts=&#8221;yes&#8221; el_class=&#8221;cus-center-tag&#8221;]<\/div><\/div><\/div><\/div><\/div><\/section><section class=\"l-section wpb_row height_small\"><div class=\"l-section-h i-cf\"><div class=\"g-cols vc_row via_flex valign_top type_default stacking_default\"><div class=\"vc_col-sm-12 wpb_column vc_column_container\"><div class=\"vc_column-inner\"><div class=\"wpb_wrapper\"><div class=\"w-image align_center\"><div class=\"w-image-h\"><img loading=\"lazy\" decoding=\"async\" width=\"1040\" height=\"405\" src=\"https:\/\/daremtec.com\/daremtec\/wp-content\/uploads\/2023\/01\/3-fr.jpg\" class=\"attachment-full size-full\" alt=\"\" srcset=\"https:\/\/daremtec.com\/daremtec\/wp-content\/uploads\/2023\/01\/3-fr.jpg 1040w, https:\/\/daremtec.com\/daremtec\/wp-content\/uploads\/2023\/01\/3-fr-300x117.jpg 300w, https:\/\/daremtec.com\/daremtec\/wp-content\/uploads\/2023\/01\/3-fr-1024x399.jpg 1024w, https:\/\/daremtec.com\/daremtec\/wp-content\/uploads\/2023\/01\/3-fr-600x234.jpg 600w\" sizes=\"auto, (max-width: 1040px) 100vw, 1040px\" \/><\/div><\/div>[vc_custom_heading text=&#8221;D\u00e9sirez-vous un Plan d\u2019affaires et une \u00e9tude de faisabilit\u00e9 convaincants?&#8221; font_container=&#8221;tag:h6|text_align:center&#8221; use_theme_fonts=&#8221;yes&#8221;]<div class=\"wpb_text_column us_custom_a5d8b32b cus-font-change has_text_color\"><div class=\"wpb_wrapper\"><p>\u201c Tout objectif sans plan n\u2019est qu\u2019un souhait.\u201d<\/p>\n<\/div><\/div><div class=\"wpb_text_column us_custom_29f6d296 has_text_color\"><div class=\"wpb_wrapper\"><div class=\"et_pb_row et_pb_row_1\">\n<div class=\"et_pb_column et_pb_column_4_4 et_pb_column_1 et_pb_css_mix_blend_mode_passthrough et-last-child\">\n<div class=\"et_pb_module et_pb_text et_pb_text_1 et_pb_text_align_left et_pb_bg_layout_light\">\n<div class=\"et_pb_text_inner\">\n<p>-Antoine de Saint-Exup\u00e9ry<\/p>\n<\/div>\n<\/div>\n<\/div>\n<\/div>\n<\/div><\/div><div class=\"g-cols wpb_row us_custom_af6a9b6a cus-bussbess-section via_flex valign_top type_default stacking_default\"><div class=\"vc_col-sm-4 wpb_column vc_column_container\"><div class=\"vc_column-inner\"><div class=\"wpb_wrapper\">[vc_custom_heading text=&#8221;Les banquiers et les investisseurs appr\u00e9cient nos \u00e9crits.&#8221; font_container=&#8221;tag:h5|text_align:center&#8221; use_theme_fonts=&#8221;yes&#8221; css=&#8221;%7B%22default%22%3A%7B%22font-weight%22%3A%22700%22%7D%7D&#8221;]<div class=\"wpb_text_column\"><div class=\"wpb_wrapper\"><p>Notre \u00e9quipe est compos\u00e9e de business analystes, d\u2019\u00e9conomistes et d\u2019experts financiers ayant une longue exp\u00e9rience de la consultation. Veuillez pr\u00e9ciser vos objectifs et votre vision. Nos \u00e9crits vous aideront \u00e0 convaincre vos partenaires financiers.<\/p>\n<\/div><\/div><\/div><\/div><\/div><div class=\"vc_col-sm-4 wpb_column vc_column_container\"><div class=\"vc_column-inner\"><div class=\"wpb_wrapper\">[vc_custom_heading text=&#8221;\u00cates-vous vraiment pr\u00eat pour la recherche de fonds ?&#8221; font_container=&#8221;tag:h5|text_align:center&#8221; use_theme_fonts=&#8221;yes&#8221; css=&#8221;%7B%22default%22%3A%7B%22font-weight%22%3A%22700%22%7D%7D&#8221;]<div class=\"wpb_text_column\"><div class=\"wpb_wrapper\"><p>Assurez-vous d\u2019abord que vous disposez d\u2019un business plan professionnel avant de commencer \u00e0 rechercher vos financements aupr\u00e8s de n\u2019importe qui: un capital-risqueur, d\u2019un banquier, d\u2019un investisseur providentiel ou une plate-forme de financement participatif.<\/p>\n<\/div><\/div><\/div><\/div><\/div><div class=\"vc_col-sm-4 wpb_column vc_column_container\"><div class=\"vc_column-inner\"><div class=\"wpb_wrapper\">[vc_custom_heading text=&#8221;\u00c9conomisez de l\u2019argent, \u00e9conomisez du temps et r\u00e9ussissez !&#8221; font_container=&#8221;tag:h5|text_align:center&#8221; use_theme_fonts=&#8221;yes&#8221; css=&#8221;%7B%22default%22%3A%7B%22font-weight%22%3A%22700%22%7D%7D&#8221;]<div class=\"wpb_text_column\"><div class=\"wpb_wrapper\"><p>En tant que chef d\u2019entreprise, vous \u00eates forc\u00e9ment surcharg\u00e9 par vos responsabilit\u00e9s. Evitez le stress excessif et confiez-nous la r\u00e9daction et la gestion de vos plans d\u2019affaires et \u00e9tudes de faisabilit\u00e9 \u00e0 chaque \u00e9tape du cycle de vie de votre entreprise..<\/p>\n<\/div><\/div><\/div><\/div><\/div><\/div><div class=\"g-cols wpb_row us_custom_72fc42ef via_flex valign_top type_default stacking_default\"><div class=\"vc_col-sm-12 wpb_column vc_column_container\"><div class=\"vc_column-inner\"><div class=\"wpb_wrapper\"><div class=\"wpb_text_column us_custom_a5d8b32b cus-font-change-1 has_text_color\"><div class=\"wpb_wrapper\"><p class=\"western\" lang=\"fr-CH\"><strong>Acheter un business plan d\u00e9j\u00e0 \u00e9crit est une aberration, c\u2019est comme utiliser une ordonnance m\u00e9dicale destin\u00e9e \u00e0 quelqu\u2019un d\u2019autre.<\/strong><\/p>\n<\/div><\/div><div class=\"wpb_text_column us_custom_a5d8b32b cus-font-change-1 has_text_color\"><div class=\"wpb_wrapper\"><p class=\"western\" lang=\"fr-CH\"><strong>R\u00e9digez le vous-m\u00eame ou confiez-nous sa r\u00e9daction\u00a0!<\/strong><\/p>\n<\/div><\/div><div class=\"w-btn-wrapper align_center\"><a class=\"w-btn us-btn-style_1 us_custom_f029a2ba icon_atright\" title=\"T\u00e9l\u00e9chargez gratuitement votre mod\u00e8le de plan d\u2019affaires ici\" href=\"https:\/\/daremtec.com\/daremtec\/telechargez-gratuitement-votre-modele-de-plan-daffaires-ici\/\"><span class=\"w-btn-label\">T\u00e9l\u00e9chargez gratuitement votre mod\u00e8le de plan d\u2019affaires ici<\/span><i class=\"fas fa-fas fa-angle-right\"><\/i><\/a><\/div><div class=\"w-btn-wrapper align_center\"><a class=\"w-btn us-btn-style_1 us_custom_f029a2ba icon_atright\" href=\"#\"><span class=\"w-btn-label\">Nos offres<\/span><i class=\"fas fa-fas fa-angle-right\"><\/i><\/a><\/div><div class=\"w-btn-wrapper align_center\"><a class=\"w-btn us-btn-style_1 icon_atright\" title=\"Contact\" href=\"https:\/\/daremtec.com\/daremtec\/contact\/\"><span class=\"w-btn-label\">Quelque soient vos besoins, contactez-nous aujourd\u2019hui et organisons une consultation gratuite !<\/span><i class=\"fas fa-fas fa-angle-right\"><\/i><\/a><\/div><\/div><\/div><\/div><\/div><\/div><\/div><\/div><\/div><\/div><\/section>\n","protected":false},"excerpt":{"rendered":"[vc_custom_heading text=\"Business Plans et \u00c9tudes de faisabilit\u00e9\" font_container=\"tag:h1|text_align:center\" use_theme_fonts=\"yes\" el_class=\"cus-center-tag\"][vc_custom_heading text=\"D\u00e9sirez-vous un Plan d\u2019affaires et une \u00e9tude de faisabilit\u00e9 convaincants?\" font_container=\"tag:h6|text_align:center\" use_theme_fonts=\"yes\"]\u201c Tout objectif sans plan n\u2019est qu\u2019un souhait.\u201d -Antoine de Saint-Exup\u00e9ry [vc_custom_heading text=\"Les banquiers et les investisseurs appr\u00e9cient nos \u00e9crits.\" font_container=\"tag:h5|text_align:center\" use_theme_fonts=\"yes\" css=\"%7B%22default%22%3A%7B%22font-weight%22%3A%22700%22%7D%7D\"]Notre \u00e9quipe est compos\u00e9e de business analystes, d\u2019\u00e9conomistes et d\u2019experts financiers ayant...","protected":false},"author":1,"featured_media":0,"parent":0,"menu_order":0,"comment_status":"closed","ping_status":"closed","template":"","meta":{"footnotes":""},"class_list":["post-28","page","type-page","status-publish","hentry"],"_links":{"self":[{"href":"https:\/\/daremtec.com\/daremtec\/wp-json\/wp\/v2\/pages\/28","targetHints":{"allow":["GET"]}}],"collection":[{"href":"https:\/\/daremtec.com\/daremtec\/wp-json\/wp\/v2\/pages"}],"about":[{"href":"https:\/\/daremtec.com\/daremtec\/wp-json\/wp\/v2\/types\/page"}],"author":[{"embeddable":true,"href":"https:\/\/daremtec.com\/daremtec\/wp-json\/wp\/v2\/users\/1"}],"replies":[{"embeddable":true,"href":"https:\/\/daremtec.com\/daremtec\/wp-json\/wp\/v2\/comments?post=28"}],"version-history":[{"count":13,"href":"https:\/\/daremtec.com\/daremtec\/wp-json\/wp\/v2\/pages\/28\/revisions"}],"predecessor-version":[{"id":3760,"href":"https:\/\/daremtec.com\/daremtec\/wp-json\/wp\/v2\/pages\/28\/revisions\/3760"}],"wp:attachment":[{"href":"https:\/\/daremtec.com\/daremtec\/wp-json\/wp\/v2\/media?parent=28"}],"curies":[{"name":"wp","href":"https:\/\/api.w.org\/{rel}","templated":true}]}}