{"id":24,"date":"2023-01-13T10:14:25","date_gmt":"2023-01-13T10:14:25","guid":{"rendered":"https:\/\/daremtec.com\/daremtec\/?page_id=24"},"modified":"2023-02-03T14:51:06","modified_gmt":"2023-02-03T14:51:06","slug":"solutions-de-business-intelligence","status":"publish","type":"page","link":"https:\/\/daremtec.com\/daremtec\/solutions-de-business-intelligence\/","title":{"rendered":"Solutions de Business Intelligence"},"content":{"rendered":"<section class=\"l-section wpb_row height_small\"><div class=\"l-section-h i-cf\"><div class=\"g-cols vc_row via_flex valign_top type_default stacking_default\"><div class=\"vc_col-sm-12 wpb_column vc_column_container\"><div class=\"vc_column-inner\"><div class=\"wpb_wrapper\">[vc_custom_heading text=&#8221;Solutions de Business Intelligence&#8221; font_container=&#8221;tag:h1|text_align:center&#8221; use_theme_fonts=&#8221;yes&#8221; el_class=&#8221;cus-center-tag&#8221;]<\/div><\/div><\/div><\/div><\/div><\/section><section class=\"l-section wpb_row height_small\"><div class=\"l-section-h i-cf\"><div class=\"g-cols vc_row via_flex valign_top type_default stacking_default\"><div class=\"vc_col-sm-12 wpb_column vc_column_container\"><div class=\"vc_column-inner\"><div class=\"wpb_wrapper\"><div class=\"w-image align_center\"><div class=\"w-image-h\"><img loading=\"lazy\" decoding=\"async\" width=\"1040\" height=\"405\" src=\"https:\/\/daremtec.com\/daremtec\/wp-content\/uploads\/2023\/01\/1-fr.jpg\" class=\"attachment-full size-full\" alt=\"\" srcset=\"https:\/\/daremtec.com\/daremtec\/wp-content\/uploads\/2023\/01\/1-fr.jpg 1040w, https:\/\/daremtec.com\/daremtec\/wp-content\/uploads\/2023\/01\/1-fr-300x117.jpg 300w, https:\/\/daremtec.com\/daremtec\/wp-content\/uploads\/2023\/01\/1-fr-1024x399.jpg 1024w, https:\/\/daremtec.com\/daremtec\/wp-content\/uploads\/2023\/01\/1-fr-600x234.jpg 600w\" sizes=\"auto, (max-width: 1040px) 100vw, 1040px\" \/><\/div><\/div>[vc_custom_heading text=&#8221;WITH iDASHBOARDS, TRANSFORM YOUR DATA INTO INCOMPARABLE VISUAL REPRESENTATIONS&#8221; font_container=&#8221;tag:h6|text_align:center&#8221; use_theme_fonts=&#8221;yes&#8221;]<div class=\"wpb_text_column us_custom_29f6d296 cus-font-change has_text_color\"><div class=\"wpb_wrapper\"><p>\u201cJe n\u2019aime pas les chiffres! Je pr\u00e9f\u00e8re les d\u00e9cortiquer pour percevoir leur veritable signification.\u201d<\/p>\n<\/div><\/div><div class=\"g-cols wpb_row us_custom_af6a9b6a cus-bussbess-section via_flex valign_top type_default stacking_default\"><div class=\"vc_col-sm-4 wpb_column vc_column_container\"><div class=\"vc_column-inner\"><div class=\"wpb_wrapper\">[vc_custom_heading text=&#8221;Pourquoi avez-vous besoin des solutions de Business Intelligence et des Bigdata Analytics ?&#8221; font_container=&#8221;tag:h5|text_align:center&#8221; use_theme_fonts=&#8221;yes&#8221; css=&#8221;%7B%22default%22%3A%7B%22font-weight%22%3A%22700%22%7D%7D&#8221;]<div class=\"wpb_text_column\"><div class=\"wpb_wrapper\"><p style=\"text-align: center;\">Aujourd\u2019hui, le volume du bigdata augmente de mani\u00e8re exponentielle avec l\u2019explosion des objets connect\u00e9s, les r\u00e9seaux sociaux et les mobiles. Il devient impossible de traiter toutes les donn\u00e9es brutes provenant des sources h\u00e9t\u00e9rog\u00e8nes avec les outils traditionnels de gestion de base de donn\u00e9es.<\/p>\n<p style=\"text-align: center;\">Gr\u00e2ce \u00e0 l\u2019analyse intelligente des donn\u00e9es, on peut r\u00e9aliser une analyse pr\u00e9dictive, une meilleure exp\u00e9rience du client, une prise de d\u00e9cision plus efficace, un avantage concurrentiel et la r\u00e9ussite des objectifs op\u00e9rationnels et strat\u00e9giques.<\/p>\n<\/div><\/div><\/div><\/div><\/div><div class=\"vc_col-sm-4 wpb_column vc_column_container\"><div class=\"vc_column-inner\"><div class=\"wpb_wrapper\">[vc_custom_heading text=&#8221;iDashboard, des solutions de visualisation des donn\u00e9es personnalisables et simples \u00e0 utiliser&#8221; font_container=&#8221;tag:h5|text_align:center&#8221; use_theme_fonts=&#8221;yes&#8221; css=&#8221;%7B%22default%22%3A%7B%22font-weight%22%3A%22700%22%7D%7D&#8221;]<div class=\"wpb_text_column\"><div class=\"wpb_wrapper\"><p style=\"text-align: center;\">La solution iDashboards est tr\u00e8s facile \u00e0 utiliser, il n\u2019y a m\u00eame pas besoin de conna\u00eetre l\u2019informatique ni de faire appel \u00e0 un support informatique, nos services de support vous assistent \u00e0 tout moment.<\/p>\n<p style=\"text-align: center;\">La solution web iDashboards permet aux utilisateurs de suivre d\u2019analyser et traiter les information de sources h\u00e9t\u00e9rog\u00e8nes. Il est enti\u00e8rement flexible et fortement personnalisable, elle g\u00e9n\u00e8re des tableaux de bord innovants qui fournissent l\u2019information en temps r\u00e9el et permettent des analyses puissantes et la prise de d\u00e9cision rapide.<\/p>\n<\/div><\/div><\/div><\/div><\/div><div class=\"vc_col-sm-4 wpb_column vc_column_container\"><div class=\"vc_column-inner\"><div class=\"wpb_wrapper\">[vc_custom_heading text=&#8221;Que disent les 500000 clients d\u2019iDashboards dans plus de 40 pays ?&#8221; font_container=&#8221;tag:h5|text_align:center&#8221; use_theme_fonts=&#8221;yes&#8221; css=&#8221;%7B%22default%22%3A%7B%22font-weight%22%3A%22700%22%7D%7D&#8221;]<div class=\"wpb_text_column\"><div class=\"wpb_wrapper\"><p style=\"text-align: center;\">Avec plus de 500.000 utilisateurs dans plus de 40 pays, iDashboards est la solution unique pour la visualisation de donn\u00e9es.<\/p>\n<p style=\"text-align: center;\">Ses produits et solutions sont tr\u00e8s appr\u00e9ci\u00e9s et mis en \u0153uvre dans les entreprises et organisations \u00e0 but lucratif ou \u00e0 but non lucratif, dans les administrations de toute taille en raison de sa parfaite int\u00e9gration avec les principales sources de donn\u00e9es existantes dans votre syst\u00e8me d\u2019information.<\/p>\n<\/div><\/div><\/div><\/div><\/div><\/div><div class=\"g-cols wpb_row us_custom_0f8f44b7 via_flex valign_top type_default stacking_default\"><div class=\"vc_col-sm-12 wpb_column vc_column_container\"><div class=\"vc_column-inner\"><div class=\"wpb_wrapper\"><div class=\"w-btn-wrapper align_center\"><a class=\"w-btn us-btn-style_1 us_custom_8d5aa4e2 icon_atright\" href=\"https:\/\/daremtec.com\/daremtec\/solutions-de-business-intelligence-offres\/\"><span class=\"w-btn-label\">Nos offres<\/span><i class=\"fas fa-fas fa-angle-right\"><\/i><\/a><\/div><div class=\"w-btn-wrapper align_center\"><a class=\"w-btn us-btn-style_1 icon_atright\" title=\"Contact\" href=\"https:\/\/daremtec.com\/daremtec\/contact\/\"><span class=\"w-btn-label\">Quelque soient vos besoins, contactez-nous aujourd\u2019hui et organisons une consultation gratuite !<\/span><i class=\"fas fa-fas fa-angle-right\"><\/i><\/a><\/div><\/div><\/div><\/div><\/div><\/div><\/div><\/div><\/div><\/div><\/section>\n","protected":false},"excerpt":{"rendered":"[vc_custom_heading text=\"Solutions de Business Intelligence\" font_container=\"tag:h1|text_align:center\" use_theme_fonts=\"yes\" el_class=\"cus-center-tag\"][vc_custom_heading text=\"WITH iDASHBOARDS, TRANSFORM YOUR DATA INTO INCOMPARABLE VISUAL REPRESENTATIONS\" font_container=\"tag:h6|text_align:center\" use_theme_fonts=\"yes\"]\u201cJe n\u2019aime pas les chiffres! Je pr\u00e9f\u00e8re les d\u00e9cortiquer pour percevoir leur veritable signification.\u201d [vc_custom_heading text=\"Pourquoi avez-vous besoin des solutions de Business Intelligence et des Bigdata Analytics ?\" font_container=\"tag:h5|text_align:center\" use_theme_fonts=\"yes\" css=\"%7B%22default%22%3A%7B%22font-weight%22%3A%22700%22%7D%7D\"] Aujourd\u2019hui, le volume du bigdata augmente...","protected":false},"author":1,"featured_media":0,"parent":0,"menu_order":0,"comment_status":"closed","ping_status":"closed","template":"","meta":{"footnotes":""},"class_list":["post-24","page","type-page","status-publish","hentry"],"_links":{"self":[{"href":"https:\/\/daremtec.com\/daremtec\/wp-json\/wp\/v2\/pages\/24","targetHints":{"allow":["GET"]}}],"collection":[{"href":"https:\/\/daremtec.com\/daremtec\/wp-json\/wp\/v2\/pages"}],"about":[{"href":"https:\/\/daremtec.com\/daremtec\/wp-json\/wp\/v2\/types\/page"}],"author":[{"embeddable":true,"href":"https:\/\/daremtec.com\/daremtec\/wp-json\/wp\/v2\/users\/1"}],"replies":[{"embeddable":true,"href":"https:\/\/daremtec.com\/daremtec\/wp-json\/wp\/v2\/comments?post=24"}],"version-history":[{"count":16,"href":"https:\/\/daremtec.com\/daremtec\/wp-json\/wp\/v2\/pages\/24\/revisions"}],"predecessor-version":[{"id":3757,"href":"https:\/\/daremtec.com\/daremtec\/wp-json\/wp\/v2\/pages\/24\/revisions\/3757"}],"wp:attachment":[{"href":"https:\/\/daremtec.com\/daremtec\/wp-json\/wp\/v2\/media?parent=24"}],"curies":[{"name":"wp","href":"https:\/\/api.w.org\/{rel}","templated":true}]}}