{"id":18,"date":"2023-01-13T10:13:24","date_gmt":"2023-01-13T10:13:24","guid":{"rendered":"https:\/\/daremtec.com\/daremtec\/?page_id=18"},"modified":"2023-02-09T10:30:41","modified_gmt":"2023-02-09T10:30:41","slug":"clients","status":"publish","type":"page","link":"https:\/\/daremtec.com\/daremtec\/clients\/","title":{"rendered":"Clients"},"content":{"rendered":"<section class=\"l-section wpb_row height_small\"><div class=\"l-section-h i-cf\"><div class=\"g-cols vc_row via_flex valign_top type_default stacking_default\"><div class=\"vc_col-sm-12 wpb_column vc_column_container\"><div class=\"vc_column-inner\"><div class=\"wpb_wrapper\">[vc_custom_heading text=&#8221;Clients&#8221; font_container=&#8221;tag:h2|text_align:center|color:%230a0a0a&#8221; use_theme_fonts=&#8221;yes&#8221; el_class=&#8221;cus-center-tag&#8221;]<\/div><\/div><\/div><\/div><\/div><\/section><section class=\"l-section wpb_row height_small\"><div class=\"l-section-h i-cf\"><div class=\"g-cols vc_row via_flex valign_top type_default stacking_default\"><div class=\"vc_col-sm-12 wpb_column vc_column_container\"><div class=\"vc_column-inner\"><div class=\"wpb_wrapper\"><div class=\"wpb_text_column\"><div class=\"wpb_wrapper\"><p><strong>Plus de 1000 clients<\/strong><\/p>\n<p>Bas\u00e9e \u00e0 Gen\u00e8ve, avec plus de 1000 clients, Daremtec fournit des formations, r\u00e9dige les business plans, fournit des conseils en management et con\u00e7oit des tableaux de bord et balanced scorecards visuellement attrayants. Gr\u00e2ce \u00e0 des solutions de tableaux de bord personnalisables qui int\u00e8grent facilement les sources de donn\u00e9es, nos clients peuvent analyser rapidement et efficacement les mesures de performance, ce qui am\u00e9liore la prise de d\u00e9cision.<\/p>\n<\/div><\/div><div class=\"g-cols wpb_row us_custom_3188818e cus-client-logos via_flex valign_top type_default stacking_default\"><div class=\"vc_col-sm-12 wpb_column vc_column_container\"><div class=\"vc_column-inner\"><div class=\"wpb_wrapper\"><div class=\"w-grid cus-client-logos hide_on_default hide_on_laptops hide_on_tablets hide_on_mobiles type_grid layout_gallery_default cols_4\" id=\"us_grid_1\" data-filterable=\"true\"><style>#us_grid_1 .w-grid-item{padding:1rem}#us_grid_1 .w-grid-list{margin:-1rem}.w-grid + #us_grid_1 .w-grid-list,.w-grid-none + #us_grid_1 .w-grid-list{margin-top:1rem}@media (max-width:1199px){#us_grid_1 .w-grid-item{width:33.3333%}}@media (max-width:899px){#us_grid_1 .w-grid-item{width:50%}}@media (max-width:599px){#us_grid_1 .w-grid-list{margin:0}#us_grid_1 .w-grid-item{width:100%;padding:0;margin-bottom:1rem}}.layout_gallery_default .w-grid-item-h{}<\/style><div class=\"w-grid-list\">\t<article class=\"w-grid-item post-262 attachment type-attachment status-inherit hentry\" data-id=\"262\">\r\n\t\t<div class=\"w-grid-item-h\">\r\n\t\t\t\t\t\t<div class=\"w-post-elm post_image usg_post_image_1 stretched\"><img loading=\"lazy\" decoding=\"async\" width=\"1024\" height=\"563\" src=\"https:\/\/daremtec.com\/daremtec\/wp-content\/uploads\/2023\/01\/VHI_Healthcare_logo.svg_-1024x563.png\" class=\"attachment-large size-large\" alt=\"\" srcset=\"https:\/\/daremtec.com\/daremtec\/wp-content\/uploads\/2023\/01\/VHI_Healthcare_logo.svg_-1024x563.png 1024w, https:\/\/daremtec.com\/daremtec\/wp-content\/uploads\/2023\/01\/VHI_Healthcare_logo.svg_-300x165.png 300w, https:\/\/daremtec.com\/daremtec\/wp-content\/uploads\/2023\/01\/VHI_Healthcare_logo.svg_-600x330.png 600w, https:\/\/daremtec.com\/daremtec\/wp-content\/uploads\/2023\/01\/VHI_Healthcare_logo.svg_.png 1280w\" sizes=\"auto, (max-width: 1024px) 100vw, 1024px\" \/><\/div>\t\t<\/div>\r\n\t<\/article>\r\n\t<article class=\"w-grid-item post-260 attachment type-attachment status-inherit hentry\" data-id=\"260\">\r\n\t\t<div class=\"w-grid-item-h\">\r\n\t\t\t\t\t\t<div class=\"w-post-elm post_image usg_post_image_1 stretched\"><img loading=\"lazy\" decoding=\"async\" width=\"600\" height=\"600\" src=\"https:\/\/daremtec.com\/daremtec\/wp-content\/uploads\/2023\/01\/site-icon-tan-600x600-1.png\" class=\"attachment-large size-large\" alt=\"\" srcset=\"https:\/\/daremtec.com\/daremtec\/wp-content\/uploads\/2023\/01\/site-icon-tan-600x600-1.png 600w, https:\/\/daremtec.com\/daremtec\/wp-content\/uploads\/2023\/01\/site-icon-tan-600x600-1-300x300.png 300w, https:\/\/daremtec.com\/daremtec\/wp-content\/uploads\/2023\/01\/site-icon-tan-600x600-1-150x150.png 150w\" sizes=\"auto, (max-width: 600px) 100vw, 600px\" \/><\/div>\t\t<\/div>\r\n\t<\/article>\r\n\t<article class=\"w-grid-item post-258 attachment type-attachment status-inherit hentry\" data-id=\"258\">\r\n\t\t<div class=\"w-grid-item-h\">\r\n\t\t\t\t\t\t<div class=\"w-post-elm post_image usg_post_image_1 stretched\"><img loading=\"lazy\" decoding=\"async\" width=\"450\" height=\"279\" src=\"https:\/\/daremtec.com\/daremtec\/wp-content\/uploads\/2023\/01\/Screen-Shot-2016-11-16-at-5.11.07-PM-450x279-1.png\" class=\"attachment-large size-large\" alt=\"\" srcset=\"https:\/\/daremtec.com\/daremtec\/wp-content\/uploads\/2023\/01\/Screen-Shot-2016-11-16-at-5.11.07-PM-450x279-1.png 450w, https:\/\/daremtec.com\/daremtec\/wp-content\/uploads\/2023\/01\/Screen-Shot-2016-11-16-at-5.11.07-PM-450x279-1-300x186.png 300w\" sizes=\"auto, (max-width: 450px) 100vw, 450px\" \/><\/div>\t\t<\/div>\r\n\t<\/article>\r\n\t<article class=\"w-grid-item post-256 attachment type-attachment status-inherit hentry\" data-id=\"256\">\r\n\t\t<div class=\"w-grid-item-h\">\r\n\t\t\t\t\t\t<div class=\"w-post-elm post_image usg_post_image_1 stretched\"><img loading=\"lazy\" decoding=\"async\" width=\"1024\" height=\"304\" src=\"https:\/\/daremtec.com\/daremtec\/wp-content\/uploads\/2023\/01\/sandals-resort-logo-1024x304-1.png\" class=\"attachment-large size-large\" alt=\"\" srcset=\"https:\/\/daremtec.com\/daremtec\/wp-content\/uploads\/2023\/01\/sandals-resort-logo-1024x304-1.png 1024w, https:\/\/daremtec.com\/daremtec\/wp-content\/uploads\/2023\/01\/sandals-resort-logo-1024x304-1-300x89.png 300w, https:\/\/daremtec.com\/daremtec\/wp-content\/uploads\/2023\/01\/sandals-resort-logo-1024x304-1-600x178.png 600w\" sizes=\"auto, (max-width: 1024px) 100vw, 1024px\" \/><\/div>\t\t<\/div>\r\n\t<\/article>\r\n\t<article class=\"w-grid-item post-254 attachment type-attachment status-inherit hentry\" data-id=\"254\">\r\n\t\t<div class=\"w-grid-item-h\">\r\n\t\t\t\t\t\t<div class=\"w-post-elm post_image usg_post_image_1 stretched\"><img loading=\"lazy\" decoding=\"async\" width=\"300\" height=\"300\" src=\"https:\/\/daremtec.com\/daremtec\/wp-content\/uploads\/2023\/01\/s2ansX13-1.jpg\" class=\"attachment-large size-large\" alt=\"\" srcset=\"https:\/\/daremtec.com\/daremtec\/wp-content\/uploads\/2023\/01\/s2ansX13-1.jpg 300w, https:\/\/daremtec.com\/daremtec\/wp-content\/uploads\/2023\/01\/s2ansX13-1-150x150.jpg 150w\" sizes=\"auto, (max-width: 300px) 100vw, 300px\" \/><\/div>\t\t<\/div>\r\n\t<\/article>\r\n\t<article class=\"w-grid-item post-252 attachment type-attachment status-inherit hentry\" data-id=\"252\">\r\n\t\t<div class=\"w-grid-item-h\">\r\n\t\t\t\t\t\t<div class=\"w-post-elm post_image usg_post_image_1 stretched\"><img loading=\"lazy\" decoding=\"async\" width=\"569\" height=\"316\" src=\"https:\/\/daremtec.com\/daremtec\/wp-content\/uploads\/2023\/01\/Nat_history_Hat_trick_2004.jpg\" class=\"attachment-large size-large\" alt=\"\" srcset=\"https:\/\/daremtec.com\/daremtec\/wp-content\/uploads\/2023\/01\/Nat_history_Hat_trick_2004.jpg 569w, https:\/\/daremtec.com\/daremtec\/wp-content\/uploads\/2023\/01\/Nat_history_Hat_trick_2004-300x167.jpg 300w\" sizes=\"auto, (max-width: 569px) 100vw, 569px\" \/><\/div>\t\t<\/div>\r\n\t<\/article>\r\n\t<article class=\"w-grid-item post-250 attachment type-attachment status-inherit hentry\" data-id=\"250\">\r\n\t\t<div class=\"w-grid-item-h\">\r\n\t\t\t\t\t\t<div class=\"w-post-elm post_image usg_post_image_1 stretched\"><img loading=\"lazy\" decoding=\"async\" width=\"364\" height=\"230\" src=\"https:\/\/daremtec.com\/daremtec\/wp-content\/uploads\/2023\/01\/Mastercard-PNG-File.png\" class=\"attachment-large size-large\" alt=\"\" srcset=\"https:\/\/daremtec.com\/daremtec\/wp-content\/uploads\/2023\/01\/Mastercard-PNG-File.png 364w, https:\/\/daremtec.com\/daremtec\/wp-content\/uploads\/2023\/01\/Mastercard-PNG-File-300x190.png 300w\" sizes=\"auto, (max-width: 364px) 100vw, 364px\" \/><\/div>\t\t<\/div>\r\n\t<\/article>\r\n\t<article class=\"w-grid-item post-248 attachment type-attachment status-inherit hentry\" data-id=\"248\">\r\n\t\t<div class=\"w-grid-item-h\">\r\n\t\t\t\t\t\t<div class=\"w-post-elm post_image usg_post_image_1 stretched\"><img loading=\"lazy\" decoding=\"async\" width=\"640\" height=\"286\" src=\"https:\/\/daremtec.com\/daremtec\/wp-content\/uploads\/2023\/01\/logo_universite_lyon.jpg\" class=\"attachment-large size-large\" alt=\"\" srcset=\"https:\/\/daremtec.com\/daremtec\/wp-content\/uploads\/2023\/01\/logo_universite_lyon.jpg 640w, https:\/\/daremtec.com\/daremtec\/wp-content\/uploads\/2023\/01\/logo_universite_lyon-300x134.jpg 300w, https:\/\/daremtec.com\/daremtec\/wp-content\/uploads\/2023\/01\/logo_universite_lyon-600x268.jpg 600w\" sizes=\"auto, (max-width: 640px) 100vw, 640px\" \/><\/div>\t\t<\/div>\r\n\t<\/article>\r\n\t<article class=\"w-grid-item post-246 attachment type-attachment status-inherit hentry\" data-id=\"246\">\r\n\t\t<div class=\"w-grid-item-h\">\r\n\t\t\t\t\t\t<div class=\"w-post-elm post_image usg_post_image_1 stretched\"><img loading=\"lazy\" decoding=\"async\" width=\"704\" height=\"200\" src=\"https:\/\/daremtec.com\/daremtec\/wp-content\/uploads\/2023\/01\/LM-logo-700.jpg\" class=\"attachment-large size-large\" alt=\"\" srcset=\"https:\/\/daremtec.com\/daremtec\/wp-content\/uploads\/2023\/01\/LM-logo-700.jpg 704w, https:\/\/daremtec.com\/daremtec\/wp-content\/uploads\/2023\/01\/LM-logo-700-300x85.jpg 300w, https:\/\/daremtec.com\/daremtec\/wp-content\/uploads\/2023\/01\/LM-logo-700-600x170.jpg 600w\" sizes=\"auto, (max-width: 704px) 100vw, 704px\" \/><\/div>\t\t<\/div>\r\n\t<\/article>\r\n\t<article class=\"w-grid-item post-244 attachment type-attachment status-inherit hentry\" data-id=\"244\">\r\n\t\t<div class=\"w-grid-item-h\">\r\n\t\t\t\t\t\t<div class=\"w-post-elm post_image usg_post_image_1 stretched\"><img loading=\"lazy\" decoding=\"async\" width=\"200\" height=\"200\" src=\"https:\/\/daremtec.com\/daremtec\/wp-content\/uploads\/2023\/01\/glenview-community-consolidated-school-district-34-logo.gif\" class=\"attachment-large size-large\" alt=\"\" \/><\/div>\t\t<\/div>\r\n\t<\/article>\r\n\t<article class=\"w-grid-item post-242 attachment type-attachment status-inherit hentry\" data-id=\"242\">\r\n\t\t<div class=\"w-grid-item-h\">\r\n\t\t\t\t\t\t<div class=\"w-post-elm post_image usg_post_image_1 stretched\"><img loading=\"lazy\" decoding=\"async\" width=\"576\" height=\"319\" src=\"https:\/\/daremtec.com\/daremtec\/wp-content\/uploads\/2023\/01\/genergic-wordmark-image-576.jpg\" class=\"attachment-large size-large\" alt=\"\" srcset=\"https:\/\/daremtec.com\/daremtec\/wp-content\/uploads\/2023\/01\/genergic-wordmark-image-576.jpg 576w, https:\/\/daremtec.com\/daremtec\/wp-content\/uploads\/2023\/01\/genergic-wordmark-image-576-300x166.jpg 300w\" sizes=\"auto, (max-width: 576px) 100vw, 576px\" \/><\/div>\t\t<\/div>\r\n\t<\/article>\r\n\t<article class=\"w-grid-item post-240 attachment type-attachment status-inherit hentry\" data-id=\"240\">\r\n\t\t<div class=\"w-grid-item-h\">\r\n\t\t\t\t\t\t<div class=\"w-post-elm post_image usg_post_image_1 stretched\"><img loading=\"lazy\" decoding=\"async\" width=\"804\" height=\"233\" src=\"https:\/\/daremtec.com\/daremtec\/wp-content\/uploads\/2023\/01\/FedEx-Purple-Orange_Corporate.jpg\" class=\"attachment-large size-large\" alt=\"\" srcset=\"https:\/\/daremtec.com\/daremtec\/wp-content\/uploads\/2023\/01\/FedEx-Purple-Orange_Corporate.jpg 804w, https:\/\/daremtec.com\/daremtec\/wp-content\/uploads\/2023\/01\/FedEx-Purple-Orange_Corporate-300x87.jpg 300w, https:\/\/daremtec.com\/daremtec\/wp-content\/uploads\/2023\/01\/FedEx-Purple-Orange_Corporate-600x174.jpg 600w\" sizes=\"auto, (max-width: 804px) 100vw, 804px\" \/><\/div>\t\t<\/div>\r\n\t<\/article>\r\n\t<article class=\"w-grid-item post-238 attachment type-attachment status-inherit hentry\" data-id=\"238\">\r\n\t\t<div class=\"w-grid-item-h\">\r\n\t\t\t\t\t\t<div class=\"w-post-elm post_image usg_post_image_1 stretched\"><img loading=\"lazy\" decoding=\"async\" width=\"1024\" height=\"801\" src=\"https:\/\/daremtec.com\/daremtec\/wp-content\/uploads\/2023\/01\/Eurostar.svg_-1024x801.png\" class=\"attachment-large size-large\" alt=\"\" srcset=\"https:\/\/daremtec.com\/daremtec\/wp-content\/uploads\/2023\/01\/Eurostar.svg_-1024x801.png 1024w, https:\/\/daremtec.com\/daremtec\/wp-content\/uploads\/2023\/01\/Eurostar.svg_-300x235.png 300w, https:\/\/daremtec.com\/daremtec\/wp-content\/uploads\/2023\/01\/Eurostar.svg_-600x469.png 600w, https:\/\/daremtec.com\/daremtec\/wp-content\/uploads\/2023\/01\/Eurostar.svg_.png 2000w\" sizes=\"auto, (max-width: 1024px) 100vw, 1024px\" \/><\/div>\t\t<\/div>\r\n\t<\/article>\r\n\t<article class=\"w-grid-item post-236 attachment type-attachment status-inherit hentry\" data-id=\"236\">\r\n\t\t<div class=\"w-grid-item-h\">\r\n\t\t\t\t\t\t<div class=\"w-post-elm post_image usg_post_image_1 stretched\"><img loading=\"lazy\" decoding=\"async\" width=\"300\" height=\"300\" src=\"https:\/\/daremtec.com\/daremtec\/wp-content\/uploads\/2023\/01\/ea-electronic-arts-logo-24CACE2F89-seeklogo.com_.png\" class=\"attachment-large size-large\" alt=\"\" srcset=\"https:\/\/daremtec.com\/daremtec\/wp-content\/uploads\/2023\/01\/ea-electronic-arts-logo-24CACE2F89-seeklogo.com_.png 300w, https:\/\/daremtec.com\/daremtec\/wp-content\/uploads\/2023\/01\/ea-electronic-arts-logo-24CACE2F89-seeklogo.com_-150x150.png 150w\" sizes=\"auto, (max-width: 300px) 100vw, 300px\" \/><\/div>\t\t<\/div>\r\n\t<\/article>\r\n\t<article class=\"w-grid-item post-234 attachment type-attachment status-inherit hentry\" data-id=\"234\">\r\n\t\t<div class=\"w-grid-item-h\">\r\n\t\t\t\t\t\t<div class=\"w-post-elm post_image usg_post_image_1 stretched\"><img loading=\"lazy\" decoding=\"async\" width=\"658\" height=\"286\" src=\"https:\/\/daremtec.com\/daremtec\/wp-content\/uploads\/2023\/01\/duke-footer-logo.png\" class=\"attachment-large size-large\" alt=\"\" srcset=\"https:\/\/daremtec.com\/daremtec\/wp-content\/uploads\/2023\/01\/duke-footer-logo.png 658w, https:\/\/daremtec.com\/daremtec\/wp-content\/uploads\/2023\/01\/duke-footer-logo-300x130.png 300w, https:\/\/daremtec.com\/daremtec\/wp-content\/uploads\/2023\/01\/duke-footer-logo-600x261.png 600w\" sizes=\"auto, (max-width: 658px) 100vw, 658px\" \/><\/div>\t\t<\/div>\r\n\t<\/article>\r\n\t<article class=\"w-grid-item post-232 attachment type-attachment status-inherit hentry\" data-id=\"232\">\r\n\t\t<div class=\"w-grid-item-h\">\r\n\t\t\t\t\t\t<div class=\"w-post-elm post_image usg_post_image_1 stretched\"><img loading=\"lazy\" decoding=\"async\" width=\"600\" height=\"400\" src=\"https:\/\/daremtec.com\/daremtec\/wp-content\/uploads\/2023\/01\/Barnes-and-Noble.jpg\" class=\"attachment-large size-large\" alt=\"\" srcset=\"https:\/\/daremtec.com\/daremtec\/wp-content\/uploads\/2023\/01\/Barnes-and-Noble.jpg 600w, https:\/\/daremtec.com\/daremtec\/wp-content\/uploads\/2023\/01\/Barnes-and-Noble-300x200.jpg 300w\" sizes=\"auto, (max-width: 600px) 100vw, 600px\" \/><\/div>\t\t<\/div>\r\n\t<\/article>\r\n\t<article class=\"w-grid-item post-230 attachment type-attachment status-inherit hentry\" data-id=\"230\">\r\n\t\t<div class=\"w-grid-item-h\">\r\n\t\t\t\t\t\t<div class=\"w-post-elm post_image usg_post_image_1 stretched\"><img loading=\"lazy\" decoding=\"async\" width=\"180\" height=\"180\" src=\"https:\/\/daremtec.com\/daremtec\/wp-content\/uploads\/2023\/01\/american-life-insurance-squarelogo-1427188178300.png\" class=\"attachment-large size-large\" alt=\"\" srcset=\"https:\/\/daremtec.com\/daremtec\/wp-content\/uploads\/2023\/01\/american-life-insurance-squarelogo-1427188178300.png 180w, https:\/\/daremtec.com\/daremtec\/wp-content\/uploads\/2023\/01\/american-life-insurance-squarelogo-1427188178300-150x150.png 150w\" sizes=\"auto, (max-width: 180px) 100vw, 180px\" \/><\/div>\t\t<\/div>\r\n\t<\/article>\r\n\t<article class=\"w-grid-item post-228 attachment type-attachment status-inherit hentry\" data-id=\"228\">\r\n\t\t<div class=\"w-grid-item-h\">\r\n\t\t\t\t\t\t<div class=\"w-post-elm post_image usg_post_image_1 stretched\"><img loading=\"lazy\" decoding=\"async\" width=\"1020\" height=\"240\" src=\"https:\/\/daremtec.com\/daremtec\/wp-content\/uploads\/2023\/01\/30logo.png\" class=\"attachment-large size-large\" alt=\"\" srcset=\"https:\/\/daremtec.com\/daremtec\/wp-content\/uploads\/2023\/01\/30logo.png 1020w, https:\/\/daremtec.com\/daremtec\/wp-content\/uploads\/2023\/01\/30logo-300x71.png 300w, https:\/\/daremtec.com\/daremtec\/wp-content\/uploads\/2023\/01\/30logo-600x141.png 600w\" sizes=\"auto, (max-width: 1020px) 100vw, 1020px\" \/><\/div>\t\t<\/div>\r\n\t<\/article>\r\n<\/div><div class=\"w-grid-preloader\"><div class=\"g-preloader type_1\">\r\n\t<div><\/div>\r\n<\/div>\r\n<\/div>\t<div class=\"w-grid-json hidden\" onclick='return {&quot;action&quot;:&quot;us_ajax_grid&quot;,&quot;ajax_url&quot;:&quot;https:\\\/\\\/daremtec.com\\\/daremtec\\\/wp-admin\\\/admin-ajax.php&quot;,&quot;infinite_scroll&quot;:0,&quot;max_num_pages&quot;:1,&quot;pagination&quot;:&quot;none&quot;,&quot;permalink_url&quot;:&quot;https:\\\/\\\/daremtec.com\\\/daremtec\\\/wp-json\\\/wp\\\/v2\\\/pages\\\/18&quot;,&quot;template_vars&quot;:{&quot;columns&quot;:&quot;4&quot;,&quot;exclude_items&quot;:&quot;none&quot;,&quot;img_size&quot;:&quot;default&quot;,&quot;ignore_items_size&quot;:0,&quot;items_layout&quot;:&quot;gallery_default&quot;,&quot;items_offset&quot;:&quot;1&quot;,&quot;load_animation&quot;:&quot;none&quot;,&quot;overriding_link&quot;:&quot;none&quot;,&quot;post_id&quot;:18,&quot;query_args&quot;:{&quot;post_type&quot;:[&quot;attachment&quot;],&quot;post__in&quot;:[&quot;228&quot;,&quot;230&quot;,&quot;232&quot;,&quot;234&quot;,&quot;236&quot;,&quot;238&quot;,&quot;240&quot;,&quot;242&quot;,&quot;244&quot;,&quot;246&quot;,&quot;248&quot;,&quot;250&quot;,&quot;252&quot;,&quot;254&quot;,&quot;256&quot;,&quot;258&quot;,&quot;260&quot;,&quot;262&quot;],&quot;post_status&quot;:&quot;inherit&quot;,&quot;post_mime_type&quot;:&quot;image&quot;,&quot;posts_per_page&quot;:&quot;50&quot;},&quot;orderby_query_args&quot;:{&quot;orderby&quot;:{&quot;date&quot;:&quot;DESC&quot;}},&quot;type&quot;:&quot;grid&quot;,&quot;us_grid_ajax_index&quot;:1,&quot;us_grid_filter_params&quot;:null,&quot;us_grid_index&quot;:1,&quot;_us_grid_post_type&quot;:&quot;attachment&quot;}}'><\/div>\r\n\t<\/div><\/div><\/div><\/div><\/div><div class=\"w-image align_none\"><div class=\"w-image-h\"><img loading=\"lazy\" decoding=\"async\" width=\"1082\" height=\"456\" src=\"https:\/\/daremtec.com\/daremtec\/wp-content\/uploads\/2023\/02\/Clients-segmentation-french.jpg\" class=\"attachment-full size-full\" alt=\"\" srcset=\"https:\/\/daremtec.com\/daremtec\/wp-content\/uploads\/2023\/02\/Clients-segmentation-french.jpg 1082w, https:\/\/daremtec.com\/daremtec\/wp-content\/uploads\/2023\/02\/Clients-segmentation-french-300x126.jpg 300w, https:\/\/daremtec.com\/daremtec\/wp-content\/uploads\/2023\/02\/Clients-segmentation-french-1024x432.jpg 1024w, https:\/\/daremtec.com\/daremtec\/wp-content\/uploads\/2023\/02\/Clients-segmentation-french-600x253.jpg 600w\" sizes=\"auto, (max-width: 1082px) 100vw, 1082px\" \/><\/div><\/div><\/div><\/div><\/div><\/div><\/div><\/section>\n","protected":false},"excerpt":{"rendered":"","protected":false},"author":1,"featured_media":0,"parent":0,"menu_order":0,"comment_status":"closed","ping_status":"closed","template":"","meta":{"footnotes":""},"class_list":["post-18","page","type-page","status-publish","hentry"],"_links":{"self":[{"href":"https:\/\/daremtec.com\/daremtec\/wp-json\/wp\/v2\/pages\/18","targetHints":{"allow":["GET"]}}],"collection":[{"href":"https:\/\/daremtec.com\/daremtec\/wp-json\/wp\/v2\/pages"}],"about":[{"href":"https:\/\/daremtec.com\/daremtec\/wp-json\/wp\/v2\/types\/page"}],"author":[{"embeddable":true,"href":"https:\/\/daremtec.com\/daremtec\/wp-json\/wp\/v2\/users\/1"}],"replies":[{"embeddable":true,"href":"https:\/\/daremtec.com\/daremtec\/wp-json\/wp\/v2\/comments?post=18"}],"version-history":[{"count":9,"href":"https:\/\/daremtec.com\/daremtec\/wp-json\/wp\/v2\/pages\/18\/revisions"}],"predecessor-version":[{"id":3813,"href":"https:\/\/daremtec.com\/daremtec\/wp-json\/wp\/v2\/pages\/18\/revisions\/3813"}],"wp:attachment":[{"href":"https:\/\/daremtec.com\/daremtec\/wp-json\/wp\/v2\/media?parent=18"}],"curies":[{"name":"wp","href":"https:\/\/api.w.org\/{rel}","templated":true}]}}