{"id":14,"date":"2023-01-13T10:12:51","date_gmt":"2023-01-13T10:12:51","guid":{"rendered":"https:\/\/daremtec.com\/daremtec\/?page_id=14"},"modified":"2023-01-16T09:06:45","modified_gmt":"2023-01-16T09:06:45","slug":"a-propos-de-nous","status":"publish","type":"page","link":"https:\/\/daremtec.com\/daremtec\/a-propos-de-nous\/","title":{"rendered":"A propos de nous"},"content":{"rendered":"<section class=\"l-section wpb_row us_custom_0d3bc19e height_small\"><div class=\"l-section-h i-cf\"><div class=\"g-cols vc_row via_flex valign_top type_default stacking_default\"><div class=\"vc_col-sm-12 wpb_column vc_column_container\"><div class=\"vc_column-inner\"><div class=\"wpb_wrapper\">[vc_custom_heading text=&#8221;A propos de nous&#8221; font_container=&#8221;tag:h1|text_align:center|color:%230a0a0a&#8221; use_theme_fonts=&#8221;yes&#8221; el_class=&#8221;cus-center-tag&#8221;]<\/div><\/div><\/div><\/div><\/div><\/section><section class=\"l-section wpb_row height_small\"><div class=\"l-section-h i-cf\"><div class=\"g-cols vc_row via_flex valign_top type_default stacking_default\"><div class=\"vc_col-sm-12 wpb_column vc_column_container\"><div class=\"vc_column-inner\"><div class=\"wpb_wrapper\"><div class=\"g-cols wpb_row via_flex valign_middle type_default stacking_default\"><div class=\"vc_col-sm-3 wpb_column vc_column_container\"><div class=\"vc_column-inner\"><div class=\"wpb_wrapper\"><div class=\"w-image cus-about-images align_none\"><div class=\"w-image-h\"><img loading=\"lazy\" decoding=\"async\" width=\"155\" height=\"138\" src=\"https:\/\/daremtec.com\/daremtec\/wp-content\/uploads\/2023\/01\/pic5_1.jpg\" class=\"attachment-medium size-medium\" alt=\"\" \/><\/div><\/div><\/div><\/div><\/div><div class=\"vc_col-sm-9 wpb_column vc_column_container\"><div class=\"vc_column-inner\"><div class=\"wpb_wrapper\">[vc_custom_heading text=&#8221;Qui nous sommes&#8221; font_container=&#8221;tag:h6|text_align:left|color:%230a0a0a&#8221; use_theme_fonts=&#8221;yes&#8221;]<div class=\"wpb_text_column\"><div class=\"wpb_wrapper\"><p style=\"text-align: left;\">Fond\u00e9 en juillet 2007, Daremtec S\u00e0rl se sp\u00e9cialise dans le conseil et formation en informatique et management, notamment l\u2019organisation et la conduite du changement. Nous accompagnons les cr\u00e9ateurs de projets, les dirigeants de petites et moyennes entreprises et des organisations dans les phases critiques suivantes : r\u00e9daction du Business Plan, impl\u00e9mentation des syst\u00e8mes de mesure de la performance et mise en place d\u2019une d\u00e9marche d\u2019am\u00e9lioration continue.<\/p>\n<\/div><\/div><\/div><\/div><\/div><\/div><div class=\"g-cols wpb_row via_flex valign_middle type_default stacking_default\"><div class=\"vc_col-sm-9 wpb_column vc_column_container\"><div class=\"vc_column-inner\"><div class=\"wpb_wrapper\">[vc_custom_heading text=&#8221;Notre \u00e9quipe&#8221; font_container=&#8221;tag:h6|text_align:right|color:%230a0a0a&#8221; use_theme_fonts=&#8221;yes&#8221;]<div class=\"wpb_text_column\"><div class=\"wpb_wrapper\"><p style=\"text-align: right;\"><span style=\"vertical-align: inherit;\"><span style=\"vertical-align: inherit;\">Daremtec S\u00e0rl brings together a team of experienced people. <\/span><span style=\"vertical-align: inherit;\">All our consultants and trainers have solid academic qualifications and practical experience acquired in several companies and organizations.<\/span><\/span><\/p>\n<\/div><\/div><\/div><\/div><\/div><div class=\"vc_col-sm-3 wpb_column vc_column_container\"><div class=\"vc_column-inner\"><div class=\"wpb_wrapper\"><div class=\"w-image cus-about-images align_none\"><div class=\"w-image-h\"><img loading=\"lazy\" decoding=\"async\" width=\"90\" height=\"110\" src=\"https:\/\/daremtec.com\/daremtec\/wp-content\/uploads\/2023\/01\/nosserv1.jpg\" class=\"attachment-medium size-medium\" alt=\"\" \/><\/div><\/div><\/div><\/div><\/div><\/div><div class=\"g-cols wpb_row via_flex valign_middle type_default stacking_default\"><div class=\"vc_col-sm-3 wpb_column vc_column_container\"><div class=\"vc_column-inner\"><div class=\"wpb_wrapper\"><div class=\"w-image cus-about-images align_none\"><div class=\"w-image-h\"><img loading=\"lazy\" decoding=\"async\" width=\"110\" height=\"79\" src=\"https:\/\/daremtec.com\/daremtec\/wp-content\/uploads\/2023\/01\/apropsvaleurs.jpg\" class=\"attachment-medium size-medium\" alt=\"\" \/><\/div><\/div><\/div><\/div><\/div><div class=\"vc_col-sm-9 wpb_column vc_column_container\"><div class=\"vc_column-inner\"><div class=\"wpb_wrapper\">[vc_custom_heading text=&#8221;Nos valeurs&#8221; font_container=&#8221;tag:h6|text_align:left|color:%230a0a0a&#8221; use_theme_fonts=&#8221;yes&#8221;]<div class=\"wpb_text_column\"><div class=\"wpb_wrapper\"><ul class=\"cus-values-ul\">\n<li>Agir comme un partenaire d\u2019affaires<\/li>\n<li>Attitude \u201cgagnant-gagnant\u201d<\/li>\n<li>Comprendre et \u00eatre compris<\/li>\n<li>Encourager l\u2019apprentissage<\/li>\n<li>Discr\u00e9tion et fiabilit\u00e9<\/li>\n<\/ul>\n<\/div><\/div><\/div><\/div><\/div><\/div><div class=\"g-cols wpb_row via_flex valign_middle type_default stacking_default\"><div class=\"vc_col-sm-9 wpb_column vc_column_container\"><div class=\"vc_column-inner\"><div class=\"wpb_wrapper\">[vc_custom_heading text=&#8221;Notre client\u00e8le&#8221; font_container=&#8221;tag:h6|text_align:right|color:%230a0a0a&#8221; use_theme_fonts=&#8221;yes&#8221;]<div class=\"wpb_text_column\"><div class=\"wpb_wrapper\"><div id=\"left-area\">\n<article id=\"post-704\" class=\"post-704 page type-page status-publish hentry\">\n<div class=\"entry-content\">\n<p style=\"text-align: right;\">Nos clients sont audacieux avec de l\u2019ambition. Ils ont du talent, de la volont\u00e9 et l\u2019ouverture d\u2019esprit n\u00e9cessaire pour r\u00e9ussir car ils ne se satisfont pas du statu quo.<\/p>\n<\/div>\n<\/article>\n<\/div>\n<\/div><\/div><\/div><\/div><\/div><div class=\"vc_col-sm-3 wpb_column vc_column_container\"><div class=\"vc_column-inner\"><div class=\"wpb_wrapper\"><div class=\"w-image cus-about-images align_none\"><div class=\"w-image-h\"><img loading=\"lazy\" decoding=\"async\" width=\"300\" height=\"129\" src=\"https:\/\/daremtec.com\/daremtec\/wp-content\/uploads\/2023\/01\/clients-300x129-1.jpg\" class=\"attachment-medium size-medium\" alt=\"\" \/><\/div><\/div><\/div><\/div><\/div><\/div><\/div><\/div><\/div><\/div><\/div><\/section>\n","protected":false},"excerpt":{"rendered":"[vc_custom_heading text=\"A propos de nous\" font_container=\"tag:h1|text_align:center|color:%230a0a0a\" use_theme_fonts=\"yes\" el_class=\"cus-center-tag\"][vc_custom_heading text=\"Qui nous sommes\" font_container=\"tag:h6|text_align:left|color:%230a0a0a\" use_theme_fonts=\"yes\"]Fond\u00e9 en juillet 2007, Daremtec S\u00e0rl se sp\u00e9cialise dans le conseil et formation en informatique et management, notamment l\u2019organisation et la conduite du changement. Nous accompagnons les cr\u00e9ateurs de projets, les dirigeants de petites et moyennes entreprises et des organisations dans les phases...","protected":false},"author":1,"featured_media":0,"parent":0,"menu_order":0,"comment_status":"closed","ping_status":"closed","template":"","meta":{"footnotes":""},"class_list":["post-14","page","type-page","status-publish","hentry"],"_links":{"self":[{"href":"https:\/\/daremtec.com\/daremtec\/wp-json\/wp\/v2\/pages\/14","targetHints":{"allow":["GET"]}}],"collection":[{"href":"https:\/\/daremtec.com\/daremtec\/wp-json\/wp\/v2\/pages"}],"about":[{"href":"https:\/\/daremtec.com\/daremtec\/wp-json\/wp\/v2\/types\/page"}],"author":[{"embeddable":true,"href":"https:\/\/daremtec.com\/daremtec\/wp-json\/wp\/v2\/users\/1"}],"replies":[{"embeddable":true,"href":"https:\/\/daremtec.com\/daremtec\/wp-json\/wp\/v2\/comments?post=14"}],"version-history":[{"count":17,"href":"https:\/\/daremtec.com\/daremtec\/wp-json\/wp\/v2\/pages\/14\/revisions"}],"predecessor-version":[{"id":218,"href":"https:\/\/daremtec.com\/daremtec\/wp-json\/wp\/v2\/pages\/14\/revisions\/218"}],"wp:attachment":[{"href":"https:\/\/daremtec.com\/daremtec\/wp-json\/wp\/v2\/media?parent=14"}],"curies":[{"name":"wp","href":"https:\/\/api.w.org\/{rel}","templated":true}]}}