{"id":3294,"date":"2017-09-15T20:36:36","date_gmt":"2017-09-15T20:36:36","guid":{"rendered":"https:\/\/daremtec.com\/daremtec\/produit\/etude-de-faisabilite\/"},"modified":"2023-01-20T07:19:03","modified_gmt":"2023-01-20T07:19:03","slug":"etude-de-faisabilite","status":"publish","type":"product","link":"https:\/\/daremtec.com\/daremtec\/en\/produit\/etude-de-faisabilite\/","title":{"rendered":"FEASIBILITY STUDY"},"content":{"rendered":"<div class=\"entry-content\">\n<h3>What is a feasibility study<\/h3>\n<p style=\"text-align: justify; margin-right: 10px;\"><img decoding=\"async\" style=\"margin-top: 20px; margin-right: 15px; margin-bottom: 10px; float: left;\" src=\"https:\/\/daremtec.com\/wp-content\/uploads\/2017\/07\/feasi.jpg\" alt=\"fais1\" width=\"30%\" \/>The feasibility study is just what it sounds a systematic analysis of the viability of an idea. It is required almost in all cases when external sources are used, investors will demand first to scrutinize all assumptions that have been used, and then quantify the risks of failure.<br \/>\nAt Daremtec, we create successful business plans and feasibility studies that give your project a necessary check. Our team of independent consultants will estimate the potentials in your project or business case to make sure that your vision is realistic, fundable and economically sustainable. Our clients include start-ups, medium sized businesses and non-profit organizations.<\/p>\n<h3 style=\"padding-top: 70px;\">Why do you need our consultation services?<\/h3>\n<p>We can help you if you are asking yourself the questions such as:<\/p>\n<ul class=\"cus-values-ul\">\n<li>How is my business worth?<\/li>\n<li>What is the range of my company\u2019s market value in case of transfer, processing or sale.<\/li>\n<li>How to adapt to the changing market.<\/li>\n<li>How to improve profitability.<\/li>\n<li>How to evaluate the financial resources and profitability.<\/li>\n<li>What are the gaps that prevent me from doing this?<\/li>\n<li>How to make effective decision making<\/li>\n<li>How to retain customers?<\/li>\n<li>How to retain my qualified employees?<\/li>\n<\/ul>\n<h3>Nos solutions :<\/h3>\n<ul class=\"cus-values-ul\">\n<li>Analyse du march\u00e9 (taille, partie de march\u00e9 projet\u00e9e)<\/li>\n<li>Analyse de la concurrence<\/li>\n<li>Analyse financi\u00e8re (exigences de fonds propres, projections de revenus, etc.)<\/li>\n<li>Test et validation de votre projet et vos alternatives possibles.<\/li>\n<li>Plan d\u2019action.<\/li>\n<\/ul>\n<p>Entrust our experts to conduct an independent and objective feasibility report that leads to a \u201cGO or NO GO decision.<\/p>\n<p><center><a href=\"https:\/\/daremtec.com\/contact\/\">Contact us today and schedule your free Feasibility Study consultation!<\/a><\/center><\/div>\n","protected":false},"excerpt":{"rendered":"<p>Audit of your feasibility study.<\/p>\n","protected":false},"featured_media":3197,"comment_status":"open","ping_status":"closed","template":"","meta":[],"product_cat":[],"product_tag":[],"class_list":["post-3294","product","type-product","status-publish","has-post-thumbnail","hentry"],"_links":{"self":[{"href":"https:\/\/daremtec.com\/daremtec\/en\/wp-json\/wp\/v2\/product\/3294","targetHints":{"allow":["GET"]}}],"collection":[{"href":"https:\/\/daremtec.com\/daremtec\/en\/wp-json\/wp\/v2\/product"}],"about":[{"href":"https:\/\/daremtec.com\/daremtec\/en\/wp-json\/wp\/v2\/types\/product"}],"replies":[{"embeddable":true,"href":"https:\/\/daremtec.com\/daremtec\/en\/wp-json\/wp\/v2\/comments?post=3294"}],"wp:featuredmedia":[{"embeddable":true,"href":"https:\/\/daremtec.com\/daremtec\/en\/wp-json\/wp\/v2\/media\/3197"}],"wp:attachment":[{"href":"https:\/\/daremtec.com\/daremtec\/en\/wp-json\/wp\/v2\/media?parent=3294"}],"wp:term":[{"taxonomy":"product_cat","embeddable":true,"href":"https:\/\/daremtec.com\/daremtec\/en\/wp-json\/wp\/v2\/product_cat?post=3294"},{"taxonomy":"product_tag","embeddable":true,"href":"https:\/\/daremtec.com\/daremtec\/en\/wp-json\/wp\/v2\/product_tag?post=3294"}],"curies":[{"name":"wp","href":"https:\/\/api.w.org\/{rel}","templated":true}]}}