{"id":381,"date":"2023-01-13T10:18:07","date_gmt":"2023-01-13T10:18:07","guid":{"rendered":"https:\/\/daremtec.com\/daremtec\/?page_id=381"},"modified":"2023-02-03T15:29:07","modified_gmt":"2023-02-03T15:29:07","slug":"free-trial","status":"publish","type":"page","link":"https:\/\/daremtec.com\/daremtec\/en\/free-trial\/","title":{"rendered":"Free trial"},"content":{"rendered":"<section class=\"l-section wpb_row height_small\"><div class=\"l-section-h i-cf\"><div class=\"g-cols vc_row via_flex valign_top type_default stacking_default\"><div class=\"vc_col-sm-12 wpb_column vc_column_container\"><div class=\"vc_column-inner\"><div class=\"wpb_wrapper\">[vc_custom_heading text=&#8221;Free trial&#8221; font_container=&#8221;tag:h1|text_align:center&#8221; use_theme_fonts=&#8221;yes&#8221; el_class=&#8221;cus-center-tag&#8221;]<\/div><\/div><\/div><\/div><\/div><\/section><section class=\"l-section wpb_row height_small\"><div class=\"l-section-h i-cf\"><div class=\"g-cols vc_row via_flex valign_top type_default stacking_default\"><div class=\"vc_col-sm-12 wpb_column vc_column_container\"><div class=\"vc_column-inner\"><div class=\"wpb_wrapper\"><div class=\"wpb_text_column us_custom_a5d8b32b has_text_color\"><div class=\"wpb_wrapper\"><p style=\"text-align: left;\">Dashboards (strategic, analytical, tactical and operational) are essential tools for measuring progress.\u00a0Daremtec gives you the reporting and visibility you need to stay in control of your data and the destiny of your organization:<\/p>\n<ol>\n<li style=\"text-align: left;\">Ask us for a free consultation<\/li>\n<\/ol>\n<\/div><\/div><div class=\"g-cols wpb_row cus-form-trial via_flex valign_top type_default stacking_default\"><div class=\"vc_col-sm-12 wpb_column vc_column_container\"><div class=\"vc_column-inner\"><div class=\"wpb_wrapper\"><script type=\"text\/javascript\">var gform;gform||(document.addEventListener(\"gform_main_scripts_loaded\",function(){gform.scriptsLoaded=!0}),window.addEventListener(\"DOMContentLoaded\",function(){gform.domLoaded=!0}),gform={domLoaded:!1,scriptsLoaded:!1,initializeOnLoaded:function(o){gform.domLoaded&&gform.scriptsLoaded?o():!gform.domLoaded&&gform.scriptsLoaded?window.addEventListener(\"DOMContentLoaded\",o):document.addEventListener(\"gform_main_scripts_loaded\",o)},hooks:{action:{},filter:{}},addAction:function(o,n,r,t){gform.addHook(\"action\",o,n,r,t)},addFilter:function(o,n,r,t){gform.addHook(\"filter\",o,n,r,t)},doAction:function(o){gform.doHook(\"action\",o,arguments)},applyFilters:function(o){return gform.doHook(\"filter\",o,arguments)},removeAction:function(o,n){gform.removeHook(\"action\",o,n)},removeFilter:function(o,n,r){gform.removeHook(\"filter\",o,n,r)},addHook:function(o,n,r,t,i){null==gform.hooks[o][n]&&(gform.hooks[o][n]=[]);var e=gform.hooks[o][n];null==i&&(i=n+\"_\"+e.length),gform.hooks[o][n].push({tag:i,callable:r,priority:t=null==t?10:t})},doHook:function(n,o,r){var t;if(r=Array.prototype.slice.call(r,1),null!=gform.hooks[n][o]&&((o=gform.hooks[n][o]).sort(function(o,n){return o.priority-n.priority}),o.forEach(function(o){\"function\"!=typeof(t=o.callable)&&(t=window[t]),\"action\"==n?t.apply(null,r):r[0]=t.apply(null,r)})),\"filter\"==n)return r[0]},removeHook:function(o,n,t,i){var r;null!=gform.hooks[o][n]&&(r=(r=gform.hooks[o][n]).filter(function(o,n,r){return!!(null!=i&&i!=o.tag||null!=t&&t!=o.priority)}),gform.hooks[o][n]=r)}});<\/script>\n                <div class='gf_browser_gecko gform_wrapper gravity-theme' id='gform_wrapper_2' ><form method='post' enctype='multipart\/form-data'  id='gform_2'  action='\/daremtec\/en\/wp-json\/wp\/v2\/pages\/381' novalidate>\n                        <div class='gform_body gform-body'><div id='gform_fields_2' class='gform_fields top_label form_sublabel_below description_below'><div id=\"field_2_1\"  class=\"gfield field_sublabel_below field_description_below hidden_label gfield_visibility_visible\"  data-js-reload=\"field_2_1\"><label class='gfield_label' for='input_2_1' >Sans titre<\/label><div class='ginput_container ginput_container_select'><select name='input_1' id='input_2_1' class='large gfield_select'     aria-invalid=\"false\" ><option value='S\u00e9lectionnez le service' >S\u00e9lectionnez le service<\/option><option value='PLAN D\u2019AFFAIRES' >PLAN D\u2019AFFAIRES<\/option><option value='CONCEPTION ET IMPL\u00c9MENTATION DE TABLEAUX DE BORD DE BUSINESS INTELLIGENCE' >CONCEPTION ET IMPL\u00c9MENTATION DE TABLEAUX DE BORD DE BUSINESS INTELLIGENCE<\/option><option value='DIAGNOSTIC APPROFONDI' >DIAGNOSTIC APPROFONDI<\/option><option value='ETUDE DE FAISABILIT\u00c9' >ETUDE DE FAISABILIT\u00c9<\/option><\/select><\/div><\/div><div id=\"field_2_3\"  class=\"gfield field_sublabel_below field_description_below hidden_label gfield_visibility_visible\"  data-js-reload=\"field_2_3\"><label class='gfield_label' for='input_2_3' >Sans titre<\/label><div class='ginput_container ginput_container_text'><input name='input_3' id='input_2_3' type='text' value='Nom' class='large'      aria-invalid=\"false\"   \/> <\/div><\/div><div id=\"field_2_4\"  class=\"gfield gfield--width-full field_sublabel_below field_description_below hidden_label gfield_visibility_visible\"  data-js-reload=\"field_2_4\"><label class='gfield_label' for='input_2_4' >Sans titre<\/label><div class='ginput_container ginput_container_text'><input name='input_4' id='input_2_4' type='text' value='Pr\u00e9nom' class='large'      aria-invalid=\"false\"   \/> <\/div><\/div><div id=\"field_2_5\"  class=\"gfield field_sublabel_below field_description_below hidden_label gfield_visibility_visible\"  data-js-reload=\"field_2_5\"><label class='gfield_label' for='input_2_5' >Sans titre<\/label><div class='ginput_container ginput_container_textarea'><textarea name='input_5' id='input_2_5' class='textarea medium'    placeholder='Adresse'  aria-invalid=\"false\"   rows='10' cols='50'><\/textarea><\/div><\/div><div id=\"field_2_8\"  class=\"gfield field_sublabel_below field_description_below hidden_label gfield_visibility_visible\"  data-js-reload=\"field_2_8\"><label class='gfield_label' for='input_2_8' >Sans titre<\/label><div class='ginput_container ginput_container_text'><input name='input_8' id='input_2_8' type='text' value='' class='large'    placeholder='Code postal:'  aria-invalid=\"false\"   \/> <\/div><\/div><div id=\"field_2_9\"  class=\"gfield gfield--width-full field_sublabel_below field_description_below hidden_label gfield_visibility_visible\"  data-js-reload=\"field_2_9\"><label class='gfield_label' for='input_2_9' >Sans titre<\/label><div class='ginput_container ginput_container_text'><input name='input_9' id='input_2_9' type='text' value='' class='large'    placeholder='Localit\u00e9'  aria-invalid=\"false\"   \/> <\/div><\/div><div id=\"field_2_10\"  class=\"gfield gfield--width-full field_sublabel_below field_description_below hidden_label gfield_visibility_visible\"  data-js-reload=\"field_2_10\"><label class='gfield_label' for='input_2_10' >Sans titre<\/label><div class='ginput_container ginput_container_text'><input name='input_10' id='input_2_10' type='text' value='' class='large'    placeholder='Localit\u00e9'  aria-invalid=\"false\"   \/> <\/div><\/div><div id=\"field_2_11\"  class=\"gfield gfield--width-full field_sublabel_below field_description_below hidden_label gfield_visibility_visible\"  data-js-reload=\"field_2_11\"><label class='gfield_label' for='input_2_11' >Sans titre<\/label><div class='ginput_container ginput_container_text'><input name='input_11' id='input_2_11' type='text' value='' class='large'    placeholder='R\u00e9gion'  aria-invalid=\"false\"   \/> <\/div><\/div><div id=\"field_2_12\"  class=\"gfield gfield--width-full field_sublabel_below field_description_below hidden_label gfield_visibility_visible\"  data-js-reload=\"field_2_12\"><label class='gfield_label' for='input_2_12' >Sans titre<\/label><div class='ginput_container ginput_container_text'><input name='input_12' id='input_2_12' type='text' value='' class='large'    placeholder='Pays'  aria-invalid=\"false\"   \/> <\/div><\/div><div id=\"field_2_14\"  class=\"gfield field_sublabel_below field_description_below hidden_label gfield_visibility_visible\"  data-js-reload=\"field_2_14\"><label class='gfield_label' for='input_2_14' >T\u00e9l\u00e9phone<\/label><div class='ginput_container ginput_container_phone'><input name='input_14' id='input_2_14' type='tel' value='' class='large'  placeholder='T\u00e9l\u00e9phone'  aria-invalid=\"false\"   \/><\/div><\/div><div id=\"field_2_15\"  class=\"gfield gfield--width-full field_sublabel_below field_description_below hidden_label gfield_visibility_visible\"  data-js-reload=\"field_2_15\"><label class='gfield_label' for='input_2_15' >T\u00e9l\u00e9phone<\/label><div class='ginput_container ginput_container_phone'><input name='input_15' id='input_2_15' type='tel' value='' class='large'  placeholder='Mobile'  aria-invalid=\"false\"   \/><\/div><\/div><div id=\"field_2_16\"  class=\"gfield field_sublabel_below field_description_below hidden_label gfield_visibility_visible\"  data-js-reload=\"field_2_16\"><label class='gfield_label' for='input_2_16' >E-mail<\/label><div class='ginput_container ginput_container_email'>\n                            <input name='input_16' id='input_2_16' type='email' value='' class='large'   placeholder='Email'  aria-invalid=\"false\"  \/>\n                        <\/div><\/div><div id=\"field_2_18\"  class=\"gfield field_sublabel_below field_description_below hidden_label gfield_visibility_visible\"  data-js-reload=\"field_2_18\"><label class='gfield_label' for='input_2_18' >Sans titre<\/label><div class='ginput_container ginput_container_textarea'><textarea name='input_18' id='input_2_18' class='textarea medium'   maxlength='0' placeholder='Votre message'  aria-invalid=\"false\"   rows='10' cols='50'><\/textarea><\/div><\/div><fieldset id=\"field_2_19\"  class=\"gfield field_sublabel_below field_description_below hidden_label gfield_visibility_visible\"  data-js-reload=\"field_2_19\"><legend class='gfield_label gfield_label_before_complex'  >Sans titre<\/legend><div class='ginput_container ginput_container_checkbox'><div class='gfield_checkbox' id='input_2_19'><div class='gchoice gchoice_2_19_1'>\n\t\t\t\t\t\t\t\t<input class='gfield-choice-input' name='input_19.1' type='checkbox'  value='En soumettant ce formulaire, j\u2019accepte que les informations saisies soient exploit\u00e9es dans le cadre de d\u00e9mo\/ t\u00e9l\u00e9chargement de mod\u00e8les et de la relation commerciale qui peut en d\u00e9couler.'  id='choice_2_19_1'   \/>\n\t\t\t\t\t\t\t\t<label for='choice_2_19_1' id='label_2_19_1'>En soumettant ce formulaire, j\u2019accepte que les informations saisies soient exploit\u00e9es dans le cadre de d\u00e9mo\/ t\u00e9l\u00e9chargement de mod\u00e8les et de la relation commerciale qui peut en d\u00e9couler.<\/label>\n\t\t\t\t\t\t\t<\/div><\/div><\/div><\/fieldset><\/div><\/div>\n        <div class='gform_footer top_label'> <input type='submit' id='gform_submit_button_2' class='gform_button button' value='Envoyer'  onclick='if(window[\"gf_submitting_2\"]){return false;}  if( !jQuery(\"#gform_2\")[0].checkValidity || jQuery(\"#gform_2\")[0].checkValidity()){window[\"gf_submitting_2\"]=true;}  ' onkeypress='if( event.keyCode == 13 ){ if(window[\"gf_submitting_2\"]){return false;} if( !jQuery(\"#gform_2\")[0].checkValidity || jQuery(\"#gform_2\")[0].checkValidity()){window[\"gf_submitting_2\"]=true;}  jQuery(\"#gform_2\").trigger(\"submit\",[true]); }' \/> \n            <input type='hidden' class='gform_hidden' name='is_submit_2' value='1' \/>\n            <input type='hidden' class='gform_hidden' name='gform_submit' value='2' \/>\n            \n            <input type='hidden' class='gform_hidden' name='gform_unique_id' value='' \/>\n            <input type='hidden' class='gform_hidden' name='state_2' value='WyJbXSIsImVhZGQzNTcwMTBlZmI2OWEyMTUwOGMwNWM0Zjk4NjU0Il0=' \/>\n            <input type='hidden' class='gform_hidden' name='gform_target_page_number_2' id='gform_target_page_number_2' value='0' \/>\n            <input type='hidden' class='gform_hidden' name='gform_source_page_number_2' id='gform_source_page_number_2' value='1' \/>\n            <input type='hidden' name='gform_field_values' value='' \/>\n            \n        <\/div>\n                        <\/form>\n                        <\/div><\/div><\/div><\/div><\/div><\/div><\/div><\/div><\/div><\/div><\/section>\n","protected":false},"excerpt":{"rendered":"[vc_custom_heading text=\"Free trial\" font_container=\"tag:h1|text_align:center\" use_theme_fonts=\"yes\" el_class=\"cus-center-tag\"]Dashboards (strategic, analytical, tactical and operational) are essential tools for measuring progress.\u00a0Daremtec gives you the reporting and visibility you need to stay in control of your data and the destiny of your organization: Ask us for a free consultation Sans titreS\u00e9lectionnez le servicePLAN D\u2019AFFAIRESCONCEPTION ET IMPL\u00c9MENTATION DE TABLEAUX DE BORD...","protected":false},"author":1,"featured_media":0,"parent":0,"menu_order":0,"comment_status":"closed","ping_status":"closed","template":"","meta":{"footnotes":""},"class_list":["post-381","page","type-page","status-publish","hentry"],"_links":{"self":[{"href":"https:\/\/daremtec.com\/daremtec\/en\/wp-json\/wp\/v2\/pages\/381","targetHints":{"allow":["GET"]}}],"collection":[{"href":"https:\/\/daremtec.com\/daremtec\/en\/wp-json\/wp\/v2\/pages"}],"about":[{"href":"https:\/\/daremtec.com\/daremtec\/en\/wp-json\/wp\/v2\/types\/page"}],"author":[{"embeddable":true,"href":"https:\/\/daremtec.com\/daremtec\/en\/wp-json\/wp\/v2\/users\/1"}],"replies":[{"embeddable":true,"href":"https:\/\/daremtec.com\/daremtec\/en\/wp-json\/wp\/v2\/comments?post=381"}],"version-history":[{"count":5,"href":"https:\/\/daremtec.com\/daremtec\/en\/wp-json\/wp\/v2\/pages\/381\/revisions"}],"predecessor-version":[{"id":3770,"href":"https:\/\/daremtec.com\/daremtec\/en\/wp-json\/wp\/v2\/pages\/381\/revisions\/3770"}],"wp:attachment":[{"href":"https:\/\/daremtec.com\/daremtec\/en\/wp-json\/wp\/v2\/media?parent=381"}],"curies":[{"name":"wp","href":"https:\/\/api.w.org\/{rel}","templated":true}]}}