{"id":3348,"date":"2023-01-20T12:59:36","date_gmt":"2023-01-20T12:59:36","guid":{"rendered":"https:\/\/daremtec.com\/daremtec\/gestion-du-temps-2\/"},"modified":"2023-01-20T13:02:44","modified_gmt":"2023-01-20T13:02:44","slug":"gestion-du-temps-2","status":"publish","type":"page","link":"https:\/\/daremtec.com\/daremtec\/en\/gestion-du-temps-2\/","title":{"rendered":"Gestion du temps"},"content":{"rendered":"<section class=\"l-section wpb_row height_small\"><div class=\"l-section-h i-cf\"><div class=\"g-cols vc_row via_flex valign_top type_default stacking_default\"><div class=\"vc_col-sm-12 wpb_column vc_column_container\"><div class=\"vc_column-inner\"><div class=\"wpb_wrapper\">[vc_custom_heading text=&#8221;Gestion du temps&#8221; font_container=&#8221;tag:h1|text_align:left&#8221; use_theme_fonts=&#8221;yes&#8221; css=&#8221;%7B%22default%22%3A%7B%22margin-bottom%22%3A%2230px%22%7D%7D&#8221;]<div class=\"g-cols wpb_row via_flex valign_top type_default stacking_default\"><div class=\"vc_col-sm-12 wpb_column vc_column_container\"><div class=\"vc_column-inner\"><div class=\"wpb_wrapper\">[vc_custom_heading text=&#8221;Pr\u00e9sentation du cours&#8221; font_container=&#8221;tag:h6|text_align:center&#8221; use_theme_fonts=&#8221;yes&#8221; css=&#8221;%7B%22default%22%3A%7B%22margin-bottom%22%3A%2230px%22%7D%7D&#8221; el_class=&#8221;cus-center-tag&#8221;]<div class=\"wpb_text_column us_custom_92c76180\"><div class=\"wpb_wrapper\"><p>Ce cours sera pr\u00e9cieux pour tous, car la gestion efficace du temps est fondamentale pour r\u00e9ussir. Il offre aux participants quelques suggestions pour maintenir la marge de la demande ext\u00e9rieure \u00e0 distance et vous aide \u00e0 d\u00e9velopper une routine et un rythme vraiment efficaces pour votre journ\u00e9e de travail.<\/p>\n<\/div><\/div><\/div><\/div><\/div><\/div>[vc_custom_heading text=&#8221;A qui est destin\u00e9 ce cours ?&#8221; font_container=&#8221;tag:h6|text_align:center&#8221; use_theme_fonts=&#8221;yes&#8221; css=&#8221;%7B%22default%22%3A%7B%22margin-bottom%22%3A%2230px%22%7D%7D&#8221; el_class=&#8221;cus-center-tag&#8221;]<div class=\"wpb_text_column us_custom_92c76180\"><div class=\"wpb_wrapper\"><p>A toute personne d\u00e9sirant acqu\u00e9rir la vision globale de fonctionnement d\u2019une entreprise ou d\u2019une organisation \u00e0 but non lucratif. :<\/p>\n<ul class=\"cus-values-ul\">\n<li>Cadres dirigeants,<\/li>\n<li>Porteurs et gestionnaire de projet ou de programmes,<\/li>\n<li>Etudiants en Bachelor ou Master en \u00e9conomie et gestion,<\/li>\n<li>Consultants en entreprise<\/li>\n<\/ul>\n<\/div><\/div>[vc_custom_heading text=&#8221;Objectifs d\u2019apprentissage&#8221; font_container=&#8221;tag:h6|text_align:center&#8221; use_theme_fonts=&#8221;yes&#8221; css=&#8221;%7B%22default%22%3A%7B%22margin-bottom%22%3A%2230px%22%7D%7D&#8221; el_class=&#8221;cus-center-tag&#8221;]<div class=\"wpb_text_column us_custom_92c76180\"><div class=\"wpb_wrapper\"><p>Au terme de ce cours, les participants pourront:<\/p>\n<ul class=\"cus-values-ul\">\n<li>Identifier les principaux obstacles \u00e0 la gestion efficace du temps dans sa vie quotidienne<\/li>\n<li>Comprendre la nature de la gestion du temps<\/li>\n<li>Conna\u00eetre les principaux outils, techniques et concepts de la gestion du temps<\/li>\n<li>Utilisez ces techniques pour mieux g\u00e9rer son temps<\/li>\n<li>Mettre en place un processus de gestion du temps qui am\u00e9liore sa productivit\u00e9 et r\u00e9duit le stress<\/li>\n<\/ul>\n<\/div><\/div>[vc_custom_heading text=&#8221;Th\u00e8mes abord\u00e9s&#8221; font_container=&#8221;tag:h6|text_align:left&#8221; use_theme_fonts=&#8221;yes&#8221; css=&#8221;%7B%22default%22%3A%7B%22margin-bottom%22%3A%2230px%22%7D%7D&#8221;]<div class=\"wpb_text_column us_custom_92c76180\"><div class=\"wpb_wrapper\"><ul class=\"cus-values-ul\">\n<li>Introduction \u00e0 la gestion du temps<\/li>\n<li>Principes de gestion du temps<\/li>\n<li>Travail productif<\/li>\n<li>Gestion de crise<\/li>\n<li>Planification<\/li>\n<li>Conseils et techniques<\/li>\n<\/ul>\n<\/div><\/div>[vc_custom_heading text=&#8221;Ce que vous recevez&#8221; font_container=&#8221;tag:h6|text_align:left&#8221; use_theme_fonts=&#8221;yes&#8221; css=&#8221;%7B%22default%22%3A%7B%22margin-bottom%22%3A%2230px%22%7D%7D&#8221;]<div class=\"wpb_text_column us_custom_92c76180\"><div class=\"wpb_wrapper\"><ul class=\"cus-values-ul\">\n<li>76 diapositives<\/li>\n<li>Manuel du participant<\/li>\n<\/ul>\n<\/div><\/div><\/div><\/div><\/div><\/div><\/div><\/section>\n","protected":false},"excerpt":{"rendered":"[vc_custom_heading text=\"Gestion du temps\" font_container=\"tag:h1|text_align:left\" use_theme_fonts=\"yes\" css=\"%7B%22default%22%3A%7B%22margin-bottom%22%3A%2230px%22%7D%7D\"][vc_custom_heading text=\"Pr\u00e9sentation du cours\" font_container=\"tag:h6|text_align:center\" use_theme_fonts=\"yes\" css=\"%7B%22default%22%3A%7B%22margin-bottom%22%3A%2230px%22%7D%7D\" el_class=\"cus-center-tag\"]Ce cours sera pr\u00e9cieux pour tous, car la gestion efficace du temps est fondamentale pour r\u00e9ussir. Il offre aux participants quelques suggestions pour maintenir la marge de la demande ext\u00e9rieure \u00e0 distance et vous aide \u00e0 d\u00e9velopper une routine et un rythme...","protected":false},"author":1,"featured_media":0,"parent":0,"menu_order":0,"comment_status":"closed","ping_status":"closed","template":"","meta":{"footnotes":""},"class_list":["post-3348","page","type-page","status-publish","hentry"],"_links":{"self":[{"href":"https:\/\/daremtec.com\/daremtec\/en\/wp-json\/wp\/v2\/pages\/3348","targetHints":{"allow":["GET"]}}],"collection":[{"href":"https:\/\/daremtec.com\/daremtec\/en\/wp-json\/wp\/v2\/pages"}],"about":[{"href":"https:\/\/daremtec.com\/daremtec\/en\/wp-json\/wp\/v2\/types\/page"}],"author":[{"embeddable":true,"href":"https:\/\/daremtec.com\/daremtec\/en\/wp-json\/wp\/v2\/users\/1"}],"replies":[{"embeddable":true,"href":"https:\/\/daremtec.com\/daremtec\/en\/wp-json\/wp\/v2\/comments?post=3348"}],"version-history":[{"count":1,"href":"https:\/\/daremtec.com\/daremtec\/en\/wp-json\/wp\/v2\/pages\/3348\/revisions"}],"predecessor-version":[{"id":3349,"href":"https:\/\/daremtec.com\/daremtec\/en\/wp-json\/wp\/v2\/pages\/3348\/revisions\/3349"}],"wp:attachment":[{"href":"https:\/\/daremtec.com\/daremtec\/en\/wp-json\/wp\/v2\/media?parent=3348"}],"curies":[{"name":"wp","href":"https:\/\/api.w.org\/{rel}","templated":true}]}}